{"id":6072,"date":"2025-03-31T11:56:08","date_gmt":"2025-03-31T09:56:08","guid":{"rendered":"https:\/\/tochtstrippen.nl\/product\/q-lon-verstektang-voor-knippen-q-lon-profielen\/"},"modified":"2026-03-23T11:01:13","modified_gmt":"2026-03-23T10:01:13","slug":"q-lon-verstektang-voor-knippen-q-lon-profielen","status":"publish","type":"product","link":"https:\/\/tochtstrippen.nl\/de\/product\/q-lon-verstektang-voor-knippen-q-lon-profielen\/","title":{"rendered":"Q-lon verstektang voor knippen Q-lon profielen"},"content":{"rendered":"","protected":false},"excerpt":{"rendered":"<p class=\"\" data-start=\"38\" data-end=\"160\"><strong data-start=\"38\" data-end=\"160\">Die Q-Lon Abwinkelzange verf\u00fcgt \u00fcber eine Einbaurolle f\u00fcr 90 Grad und Schneidemesser f\u00fcr die Montage im Fensterrahmen.<\/strong><\/p>\n<p class=\"\" data-start=\"162\" data-end=\"208\">\n","protected":false},"featured_media":6607,"template":"","meta":{"_acf_changed":false},"product_brand":[],"product_cat":[225],"product_tag":[],"class_list":{"0":"post-6072","1":"product","2":"type-product","3":"status-publish","4":"has-post-thumbnail","6":"product_cat-accessoires-de","8":"first","9":"instock","10":"taxable","11":"shipping-taxable","12":"purchasable","13":"product-type-simple"},"acf":[],"_links":{"self":[{"href":"https:\/\/tochtstrippen.nl\/de\/wp-json\/wp\/v2\/product\/6072","targetHints":{"allow":["GET"]}}],"collection":[{"href":"https:\/\/tochtstrippen.nl\/de\/wp-json\/wp\/v2\/product"}],"about":[{"href":"https:\/\/tochtstrippen.nl\/de\/wp-json\/wp\/v2\/types\/product"}],"wp:featuredmedia":[{"embeddable":true,"href":"https:\/\/tochtstrippen.nl\/de\/wp-json\/wp\/v2\/media\/6607"}],"wp:attachment":[{"href":"https:\/\/tochtstrippen.nl\/de\/wp-json\/wp\/v2\/media?parent=6072"}],"wp:term":[{"taxonomy":"product_brand","embeddable":true,"href":"https:\/\/tochtstrippen.nl\/de\/wp-json\/wp\/v2\/product_brand?post=6072"},{"taxonomy":"product_cat","embeddable":true,"href":"https:\/\/tochtstrippen.nl\/de\/wp-json\/wp\/v2\/product_cat?post=6072"},{"taxonomy":"product_tag","embeddable":true,"href":"https:\/\/tochtstrippen.nl\/de\/wp-json\/wp\/v2\/product_tag?post=6072"}],"curies":[{"name":"wp","href":"https:\/\/api.w.org\/{rel}","templated":true}]}}