{"id":6074,"date":"2025-03-31T11:43:10","date_gmt":"2025-03-31T09:43:10","guid":{"rendered":"https:\/\/tochtstrippen.nl\/product\/q-lon-3109-doos-met-vier-hoekjes-zwart\/"},"modified":"2026-03-23T11:01:13","modified_gmt":"2026-03-23T10:01:13","slug":"q-lon-3109-doos-met-vier-hoekjes-zwart","status":"publish","type":"product","link":"https:\/\/tochtstrippen.nl\/de\/product\/q-lon-3109-doos-met-vier-hoekjes-zwart\/","title":{"rendered":"Q-lon 3109, doos met vier hoekjes, zwart"},"content":{"rendered":"","protected":false},"excerpt":{"rendered":"<p class=\"\" data-start=\"38\" data-end=\"161\">**4 St\u00fcck \u00e0 10 Zentimeter, um die Ecken des Rahmens perfekt anlegen zu k\u00f6nnen, ohne eine Abwinkelzange verwenden zu m\u00fcssen.<\/p>\n<p class=\"\" data-start=\"163\" data-end=\"262\">Nutbreite: 4,0 &#8211; 5,0 mm<br data-start=\"186\" data-end=\"189\" \/>Minimale Nuttiefe: 7,0 mm<br data-start=\"214\" data-end=\"217\" \/>F\u00e4lzung: 18,0 mm<br data-start=\"233\" data-end=\"236\" \/>Dichtspalt: 5,0 &#8211; 9,0 mm**<\/p>\n","protected":false},"featured_media":6583,"template":"","meta":{"_acf_changed":false},"product_brand":[],"product_cat":[224,225],"product_tag":[],"class_list":{"0":"post-6074","1":"product","2":"type-product","3":"status-publish","4":"has-post-thumbnail","6":"product_cat-tochtstrip-de","7":"product_cat-accessoires-de","9":"first","10":"instock","11":"taxable","12":"shipping-taxable","13":"purchasable","14":"product-type-simple"},"acf":[],"_links":{"self":[{"href":"https:\/\/tochtstrippen.nl\/de\/wp-json\/wp\/v2\/product\/6074","targetHints":{"allow":["GET"]}}],"collection":[{"href":"https:\/\/tochtstrippen.nl\/de\/wp-json\/wp\/v2\/product"}],"about":[{"href":"https:\/\/tochtstrippen.nl\/de\/wp-json\/wp\/v2\/types\/product"}],"wp:featuredmedia":[{"embeddable":true,"href":"https:\/\/tochtstrippen.nl\/de\/wp-json\/wp\/v2\/media\/6583"}],"wp:attachment":[{"href":"https:\/\/tochtstrippen.nl\/de\/wp-json\/wp\/v2\/media?parent=6074"}],"wp:term":[{"taxonomy":"product_brand","embeddable":true,"href":"https:\/\/tochtstrippen.nl\/de\/wp-json\/wp\/v2\/product_brand?post=6074"},{"taxonomy":"product_cat","embeddable":true,"href":"https:\/\/tochtstrippen.nl\/de\/wp-json\/wp\/v2\/product_cat?post=6074"},{"taxonomy":"product_tag","embeddable":true,"href":"https:\/\/tochtstrippen.nl\/de\/wp-json\/wp\/v2\/product_tag?post=6074"}],"curies":[{"name":"wp","href":"https:\/\/api.w.org\/{rel}","templated":true}]}}