{"id":6086,"date":"2024-02-15T06:50:10","date_gmt":"2024-02-15T05:50:10","guid":{"rendered":"https:\/\/tochtstrippen.nl\/product\/ql3034\/"},"modified":"2026-03-23T11:01:28","modified_gmt":"2026-03-23T10:01:28","slug":"ql3034","status":"publish","type":"product","link":"https:\/\/tochtstrippen.nl\/de\/product\/ql3034\/","title":{"rendered":"Q-Lon 3034"},"content":{"rendered":"<p class=\"\" data-start=\"38\" data-end=\"602\">**Leiden Sie unter Zugluft durch abgenutzte Dichtungen oder verzogene Fenster oder T\u00fcren? Das ist nicht nur unangenehm, sondern auch unn\u00f6tig teuer und schlecht f\u00fcr die Umwelt.<br data-start=\"213\" data-end=\"216\" \/>Q-Lon Polyurethan-Schaumdichtungen f\u00fcr den Einsatz an Fenstern und T\u00fcren. Q-Lon Dichtungen bieten die besten thermischen Eigenschaften mit guten schalld\u00e4mpfenden Eigenschaften in einem breiten Temperaturbereich. Der sehr geringe Bedienaufwand verringert den Verschlei\u00df und sorgt f\u00fcr eine komfortable Handhabung. Zudem ist das R\u00fcckstellverm\u00f6gen von Q-Lon unerreicht.<br data-start=\"581\" data-end=\"584\" \/>Einige Vorteile:<\/p>\n<ul data-start=\"604\" data-end=\"905\">\n<li class=\"\" data-start=\"604\" data-end=\"677\">\n<p class=\"\" data-start=\"606\" data-end=\"677\">Geeignetes Arbeitsbereich, sodass auch verzogene T\u00fcren gut abdichten.<\/p>\n<\/li>\n<li class=\"\" data-start=\"678\" data-end=\"728\">\n<p class=\"\" data-start=\"680\" data-end=\"728\">Gro\u00dfes R\u00fcckstellverm\u00f6gen f\u00fcr jahrelange Freude<\/p>\n<\/li>\n<li class=\"\" data-start=\"729\" data-end=\"766\">\n<p class=\"\" data-start=\"731\" data-end=\"766\">Haftet nicht an Schmutz und Farbe<\/p>\n<\/li>\n<li class=\"\" data-start=\"767\" data-end=\"781\">\n<p class=\"\" data-start=\"769\" data-end=\"781\">Abriebfest<\/p>\n<\/li>\n<li class=\"\" data-start=\"782\" data-end=\"822\">\n<p class=\"\" data-start=\"784\" data-end=\"822\">Unempfindlich gegen\u00fcber Temperaturen<\/p>\n<\/li>\n<li class=\"\" data-start=\"823\" data-end=\"857\">\n<p class=\"\" data-start=\"825\" data-end=\"857\">Erh\u00e4ltlich in Wei\u00df und Schwarz<\/p>\n<\/li>\n<li class=\"\" data-start=\"858\" data-end=\"905\">\n<p class=\"\" data-start=\"860\" data-end=\"905\">Auch erh\u00e4ltlich in 7 m und 25 m Verpackung.**<\/p>\n<\/li>\n<\/ul>\n","protected":false},"excerpt":{"rendered":"<p>**Leiden Sie unter Zugluft durch abgenutzte Dichtungen oder verzogene Fenster oder T\u00fcren? Das ist nicht nur unangenehm, sondern auch unn\u00f6tig teuer und schlecht f\u00fcr die Umwelt.Q-Lon Polyurethan-Schaumdichtungen f\u00fcr den Einsatz an Fenstern und T\u00fcren. Q-Lon Dichtungen bieten die besten thermischen Eigenschaften mit guten schalld\u00e4mpfenden Eigenschaften in einem breiten Temperaturbereich. Der sehr geringe Bedienaufwand verringert den [&hellip;]<\/p>\n","protected":false},"featured_media":4112,"template":"","meta":{"_acf_changed":false},"product_brand":[],"product_cat":[224,234,230],"product_tag":[],"class_list":{"0":"post-6086","1":"product","2":"type-product","3":"status-publish","4":"has-post-thumbnail","6":"product_cat-tochtstrip-de","7":"product_cat-q-lon-kaderprofiel-de","8":"product_cat-kaderprofiel-voor-houten-toepassing-de","9":"pa_afdichtspleet-0-0-1-5-mm-de","10":"pa_groefbreedte-2-7-3-0-mm-de","11":"pa_groefdiepte-8-0-mm-de","12":"pa_kleur-wit-de","13":"pa_kleur-zwart-de","14":"pa_lengte-25-m-de","15":"pa_lengte-7-m-de","16":"pa_lengte-800-m-de","17":"pa_sponning-8-5-mm-de","19":"first","20":"instock","21":"taxable","22":"shipping-taxable","23":"purchasable","24":"product-type-variable","25":"has-default-attributes"},"acf":[],"_links":{"self":[{"href":"https:\/\/tochtstrippen.nl\/de\/wp-json\/wp\/v2\/product\/6086","targetHints":{"allow":["GET"]}}],"collection":[{"href":"https:\/\/tochtstrippen.nl\/de\/wp-json\/wp\/v2\/product"}],"about":[{"href":"https:\/\/tochtstrippen.nl\/de\/wp-json\/wp\/v2\/types\/product"}],"wp:featuredmedia":[{"embeddable":true,"href":"https:\/\/tochtstrippen.nl\/de\/wp-json\/wp\/v2\/media\/4112"}],"wp:attachment":[{"href":"https:\/\/tochtstrippen.nl\/de\/wp-json\/wp\/v2\/media?parent=6086"}],"wp:term":[{"taxonomy":"product_brand","embeddable":true,"href":"https:\/\/tochtstrippen.nl\/de\/wp-json\/wp\/v2\/product_brand?post=6086"},{"taxonomy":"product_cat","embeddable":true,"href":"https:\/\/tochtstrippen.nl\/de\/wp-json\/wp\/v2\/product_cat?post=6086"},{"taxonomy":"product_tag","embeddable":true,"href":"https:\/\/tochtstrippen.nl\/de\/wp-json\/wp\/v2\/product_tag?post=6086"}],"curies":[{"name":"wp","href":"https:\/\/api.w.org\/{rel}","templated":true}]}}