{"id":6100,"date":"2024-02-15T06:03:24","date_gmt":"2024-02-15T05:03:24","guid":{"rendered":"https:\/\/tochtstrippen.nl\/product\/ql3063fr\/"},"modified":"2026-03-23T11:01:28","modified_gmt":"2026-03-23T10:01:28","slug":"ql3063fr","status":"publish","type":"product","link":"https:\/\/tochtstrippen.nl\/de\/product\/ql3063fr\/","title":{"rendered":"Q-Lon 3063 FR (brandvertragend)"},"content":{"rendered":"<p class=\"\" data-start=\"38\" data-end=\"862\">**Leiden Sie unter Zugluft durch abgenutzte Dichtungen oder verzogene Fenster oder T\u00fcren? Das ist nicht nur unangenehm, sondern auch unn\u00f6tig teuer und schlecht f\u00fcr die Umwelt.<br data-start=\"213\" data-end=\"216\" \/>Nun gibt es hier die feuerhemmende Variante von Q-Lon: Q-Lon FR. Feuerhemmende Dichtungen sind darauf ausgelegt, die Ausbreitung von Rauch und Feuer durch T\u00fcren und Fenster zu begrenzen. Q-Lon FR verlangsamt die Flammenausbreitung und somit das Eindringen von Feuer durch T\u00fcren\/Fenster. Klassifiziert nach EN 13501-1, Klasse E.<br data-start=\"543\" data-end=\"546\" \/>Q-Lon FR feuerhemmende Schaumdichtungen bieten die besten thermischen Eigenschaften mit guten schalld\u00e4mpfenden Eigenschaften in einem breiten Temperaturbereich. Der sehr geringe Bedienaufwand verringert den Verschlei\u00df und sorgt f\u00fcr eine komfortable Handhabung. Zudem ist das R\u00fcckstellverm\u00f6gen von Q-Lon unerreicht.<\/p>\n<p class=\"\" data-start=\"864\" data-end=\"882\">Einige Vorteile:<\/p>\n<ul data-start=\"883\" data-end=\"1117\">\n<li class=\"\" data-start=\"883\" data-end=\"899\">\n<p class=\"\" data-start=\"885\" data-end=\"899\">Feuerhemmend<\/p>\n<\/li>\n<li class=\"\" data-start=\"900\" data-end=\"972\">\n<p class=\"\" data-start=\"902\" data-end=\"972\">Geeignetes Arbeitsbereich, sodass auch verzogene T\u00fcren gut abdichten<\/p>\n<\/li>\n<li class=\"\" data-start=\"973\" data-end=\"1023\">\n<p class=\"\" data-start=\"975\" data-end=\"1023\">Gro\u00dfes R\u00fcckstellverm\u00f6gen f\u00fcr jahrelange Freude<\/p>\n<\/li>\n<li class=\"\" data-start=\"1024\" data-end=\"1061\">\n<p class=\"\" data-start=\"1026\" data-end=\"1061\">Haftet nicht an Schmutz und Farbe<\/p>\n<\/li>\n<li class=\"\" data-start=\"1062\" data-end=\"1076\">\n<p class=\"\" data-start=\"1064\" data-end=\"1076\">Abriebfest<\/p>\n<\/li>\n<li class=\"\" data-start=\"1077\" data-end=\"1117\">\n<p class=\"\" data-start=\"1079\" data-end=\"1117\">Unempfindlich gegen\u00fcber Temperaturen<\/p>\n<\/li>\n<\/ul>\n<p class=\"\" data-start=\"1119\" data-end=\"1186\">Dieses Produkt ist eine Alternative zum Deventer-Profil S712[BS].**<\/p>\n","protected":false},"excerpt":{"rendered":"<p>**Leiden Sie unter Zugluft durch abgenutzte Dichtungen oder verzogene Fenster oder T\u00fcren? Das ist nicht nur unangenehm, sondern auch unn\u00f6tig teuer und schlecht f\u00fcr die Umwelt.Nun gibt es hier die feuerhemmende Variante von Q-Lon: Q-Lon FR. Feuerhemmende Dichtungen sind darauf ausgelegt, die Ausbreitung von Rauch und Feuer durch T\u00fcren und Fenster zu begrenzen. Q-Lon FR [&hellip;]<\/p>\n","protected":false},"featured_media":4012,"template":"","meta":{"_acf_changed":false},"product_brand":[],"product_cat":[224,226],"product_tag":[],"class_list":{"0":"post-6100","1":"product","2":"type-product","3":"status-publish","4":"has-post-thumbnail","6":"product_cat-tochtstrip-de","7":"product_cat-brandvertragende-tochtstrip-de","8":"pa_afdichtspleet-5-5-7-5-mm-de","9":"pa_groefbreedte-4-0-5-0-mm-de","10":"pa_groefdiepte-7-5-mm-de","11":"pa_kleur-zwart-de","12":"pa_lengte-25-m-de","13":"pa_lengte-400-m-de","14":"pa_lengte-7-m-de","15":"pa_sponning-12-mm-de","17":"first","18":"onbackorder","19":"taxable","20":"shipping-taxable","21":"purchasable","22":"product-type-variable","23":"has-default-attributes"},"acf":[],"_links":{"self":[{"href":"https:\/\/tochtstrippen.nl\/de\/wp-json\/wp\/v2\/product\/6100","targetHints":{"allow":["GET"]}}],"collection":[{"href":"https:\/\/tochtstrippen.nl\/de\/wp-json\/wp\/v2\/product"}],"about":[{"href":"https:\/\/tochtstrippen.nl\/de\/wp-json\/wp\/v2\/types\/product"}],"wp:featuredmedia":[{"embeddable":true,"href":"https:\/\/tochtstrippen.nl\/de\/wp-json\/wp\/v2\/media\/4012"}],"wp:attachment":[{"href":"https:\/\/tochtstrippen.nl\/de\/wp-json\/wp\/v2\/media?parent=6100"}],"wp:term":[{"taxonomy":"product_brand","embeddable":true,"href":"https:\/\/tochtstrippen.nl\/de\/wp-json\/wp\/v2\/product_brand?post=6100"},{"taxonomy":"product_cat","embeddable":true,"href":"https:\/\/tochtstrippen.nl\/de\/wp-json\/wp\/v2\/product_cat?post=6100"},{"taxonomy":"product_tag","embeddable":true,"href":"https:\/\/tochtstrippen.nl\/de\/wp-json\/wp\/v2\/product_tag?post=6100"}],"curies":[{"name":"wp","href":"https:\/\/api.w.org\/{rel}","templated":true}]}}