{"id":6104,"date":"2024-02-15T05:51:46","date_gmt":"2024-02-15T04:51:46","guid":{"rendered":"https:\/\/tochtstrippen.nl\/product\/ql3072\/"},"modified":"2026-03-23T11:01:28","modified_gmt":"2026-03-23T10:01:28","slug":"ql3072","status":"publish","type":"product","link":"https:\/\/tochtstrippen.nl\/de\/product\/ql3072\/","title":{"rendered":"Q-Lon 3072"},"content":{"rendered":"<ul>\n<li>\n<p class=\"\" data-start=\"38\" data-end=\"569\">**Leiden Sie unter Zugluft durch abgenutzte Dichtungen oder verzogene Fenster oder T\u00fcren? Das ist nicht nur unangenehm, sondern auch unn\u00f6tig teuer und schlecht f\u00fcr die Umwelt.<br data-start=\"213\" data-end=\"216\" \/>Q-Lon Polyurethan-Schaumdichtungen f\u00fcr Fenster und T\u00fcren. Q-Lon Dichtungen bieten die besten thermischen Eigenschaften mit guten schalld\u00e4mpfenden Merkmalen \u00fcber einen weiten Temperaturbereich. Der sehr niedrige Bedienaufwand verringert den Verschlei\u00df und sorgt f\u00fcr eine angenehme Handhabung. Dar\u00fcber hinaus ist die R\u00fcckstellkraft von Q-Lon unerreicht.<\/p>\n<p class=\"\" data-start=\"571\" data-end=\"589\">Einige Vorteile:<\/p>\n<ul data-start=\"590\" data-end=\"807\">\n<li class=\"\" data-start=\"590\" data-end=\"662\">\n<p class=\"\" data-start=\"592\" data-end=\"662\">Geeignetes Arbeitsbereich, sodass auch verzogene T\u00fcren gut abdichten<\/p>\n<\/li>\n<li class=\"\" data-start=\"663\" data-end=\"713\">\n<p class=\"\" data-start=\"665\" data-end=\"713\">Gro\u00dfes R\u00fcckstellverm\u00f6gen f\u00fcr jahrelange Freude<\/p>\n<\/li>\n<li class=\"\" data-start=\"714\" data-end=\"751\">\n<p class=\"\" data-start=\"716\" data-end=\"751\">Haftet nicht an Schmutz und Farbe<\/p>\n<\/li>\n<li class=\"\" data-start=\"752\" data-end=\"766\">\n<p class=\"\" data-start=\"754\" data-end=\"766\">Abriebfest<\/p>\n<\/li>\n<li class=\"\" data-start=\"767\" data-end=\"807\">\n<p class=\"\" data-start=\"769\" data-end=\"807\">Unempfindlich gegen\u00fcber Temperaturen<\/p>\n<\/li>\n<\/ul>\n<p class=\"\" data-start=\"809\" data-end=\"854\">Auch erh\u00e4ltlich in 7 m und 25 m Verpackung.**<\/p>\n<p>.<\/li>\n<\/ul>\n","protected":false},"excerpt":{"rendered":"<p>**Leiden Sie unter Zugluft durch abgenutzte Dichtungen oder verzogene Fenster oder T\u00fcren? Das ist nicht nur unangenehm, sondern auch unn\u00f6tig teuer und schlecht f\u00fcr die Umwelt.Q-Lon Polyurethan-Schaumdichtungen f\u00fcr Fenster und T\u00fcren. Q-Lon Dichtungen bieten die besten thermischen Eigenschaften mit guten schalld\u00e4mpfenden Merkmalen \u00fcber einen weiten Temperaturbereich. Der sehr niedrige Bedienaufwand verringert den Verschlei\u00df und sorgt [&hellip;]<\/p>\n","protected":false},"featured_media":4036,"template":"","meta":{"_acf_changed":false},"product_brand":[],"product_cat":[224,234,230],"product_tag":[],"class_list":{"0":"post-6104","1":"product","2":"type-product","3":"status-publish","4":"has-post-thumbnail","6":"product_cat-tochtstrip-de","7":"product_cat-q-lon-kaderprofiel-de","8":"product_cat-kaderprofiel-voor-houten-toepassing-de","9":"pa_afdichtspleet-2-7-4-3-mm-de","10":"pa_groefbreedte-2-7-3-2-mm-de","11":"pa_groefdiepte-6-5-mm-de","12":"pa_kleur-zwart-de","13":"pa_lengte-25-m-de","14":"pa_lengte-600-m-de","15":"pa_lengte-7-m-de","16":"pa_sponning-10-mm-de","18":"first","19":"instock","20":"taxable","21":"shipping-taxable","22":"purchasable","23":"product-type-variable","24":"has-default-attributes"},"acf":[],"_links":{"self":[{"href":"https:\/\/tochtstrippen.nl\/de\/wp-json\/wp\/v2\/product\/6104","targetHints":{"allow":["GET"]}}],"collection":[{"href":"https:\/\/tochtstrippen.nl\/de\/wp-json\/wp\/v2\/product"}],"about":[{"href":"https:\/\/tochtstrippen.nl\/de\/wp-json\/wp\/v2\/types\/product"}],"wp:featuredmedia":[{"embeddable":true,"href":"https:\/\/tochtstrippen.nl\/de\/wp-json\/wp\/v2\/media\/4036"}],"wp:attachment":[{"href":"https:\/\/tochtstrippen.nl\/de\/wp-json\/wp\/v2\/media?parent=6104"}],"wp:term":[{"taxonomy":"product_brand","embeddable":true,"href":"https:\/\/tochtstrippen.nl\/de\/wp-json\/wp\/v2\/product_brand?post=6104"},{"taxonomy":"product_cat","embeddable":true,"href":"https:\/\/tochtstrippen.nl\/de\/wp-json\/wp\/v2\/product_cat?post=6104"},{"taxonomy":"product_tag","embeddable":true,"href":"https:\/\/tochtstrippen.nl\/de\/wp-json\/wp\/v2\/product_tag?post=6104"}],"curies":[{"name":"wp","href":"https:\/\/api.w.org\/{rel}","templated":true}]}}