{"id":6115,"date":"2024-02-15T04:19:33","date_gmt":"2024-02-15T03:19:33","guid":{"rendered":"https:\/\/tochtstrippen.nl\/product\/ql3121fr-2\/"},"modified":"2026-03-23T11:01:28","modified_gmt":"2026-03-23T10:01:28","slug":"ql3121fr-2","status":"publish","type":"product","link":"https:\/\/tochtstrippen.nl\/de\/product\/ql3121fr-2\/","title":{"rendered":"Q-Lon 3121 FR (brandvertragend) zelfklevende tochtstrip"},"content":{"rendered":"<p class=\"\" data-start=\"38\" data-end=\"550\">Leiden Sie unter Zugluft durch abgenutzte Dichtungen oder verzogene Fenster oder T\u00fcren? Das ist nicht nur unangenehm, sondern auch unn\u00f6tig teuer und schlecht f\u00fcr die Umwelt.<br data-start=\"213\" data-end=\"216\" \/>Nun gibt es die brandhemmende Variante von Q-Lon: Q-Lon FR. Brandhemmende Dichtungen sind so konzipiert, dass sie effektiv den Rauch- und Branddurchgang von T\u00fcren und Fenstern begrenzen. Q-Lon FR verlangsamt die Ausbreitung der Flammen und somit das Eindringen von Feuer durch T\u00fcren\/Fenster. Klassifiziert nach EN 13501-1, Klasse E.<\/p>\n<p class=\"\" data-start=\"552\" data-end=\"1124\">Q-Lon FR ist eine witterungsbest\u00e4ndige und brandhemmende Dichtung aus PE-Folie, gef\u00fcllt mit PU-Schaum, die effizient alle Ritzen abdichtet. Alte Aluminium-Dichtungen lassen sich schnell durch die selbstklebende Q-Lon-Dichtung ersetzen. Diese Generation von Dichtungsprofilen besteht aus einem Schaumstoff mit Ged\u00e4chtnis, der immer in die alte Form zur\u00fcckkehrt. Die Oberschicht besteht aus Polyethylen, das glatt und schmutzabweisend ist.<br data-start=\"989\" data-end=\"992\" \/>Die Schlegel Q-Lon Dichtung ist farbbest\u00e4ndig und selbstklebend. In der Ecke kann, wenn n\u00f6tig, ein kleiner Nagel verwendet werden.<\/p>\n<p class=\"\" data-start=\"1126\" data-end=\"1222\">Die selbstklebende Q-Lon Dichtung ist in verschiedenen Gr\u00f6\u00dfen f\u00fcr alle Anwendungen erh\u00e4ltlich.<\/p>\n<p class=\"\" data-start=\"1224\" data-end=\"1242\">Einige Vorteile:<\/p>\n<ul data-start=\"1243\" data-end=\"1662\">\n<li class=\"\" data-start=\"1243\" data-end=\"1259\">\n<p class=\"\" data-start=\"1245\" data-end=\"1259\">Brandhemmend<\/p>\n<\/li>\n<li class=\"\" data-start=\"1260\" data-end=\"1332\">\n<p class=\"\" data-start=\"1262\" data-end=\"1332\">Geeignetes Arbeitsbereich, sodass auch verzogene T\u00fcren gut abdichten<\/p>\n<\/li>\n<li class=\"\" data-start=\"1333\" data-end=\"1383\">\n<p class=\"\" data-start=\"1335\" data-end=\"1383\">Gro\u00dfes R\u00fcckstellverm\u00f6gen f\u00fcr jahrelange Freude<\/p>\n<\/li>\n<li class=\"\" data-start=\"1384\" data-end=\"1462\">\n<p class=\"\" data-start=\"1386\" data-end=\"1462\">Einfache und schnelle Montage: Schneiden und Kleben statt S\u00e4gen und Nageln<\/p>\n<\/li>\n<li class=\"\" data-start=\"1463\" data-end=\"1500\">\n<p class=\"\" data-start=\"1465\" data-end=\"1500\">Haftet nicht an Schmutz und Farbe<\/p>\n<\/li>\n<li class=\"\" data-start=\"1501\" data-end=\"1515\">\n<p class=\"\" data-start=\"1503\" data-end=\"1515\">Abriebfest<\/p>\n<\/li>\n<li class=\"\" data-start=\"1516\" data-end=\"1556\">\n<p class=\"\" data-start=\"1518\" data-end=\"1556\">Unempfindlich gegen\u00fcber Temperaturen<\/p>\n<\/li>\n<li class=\"\" data-start=\"1557\" data-end=\"1575\">\n<p class=\"\" data-start=\"1559\" data-end=\"1575\">Hohe Haftkraft<\/p>\n<\/li>\n<li class=\"\" data-start=\"1576\" data-end=\"1612\">\n<p class=\"\" data-start=\"1578\" data-end=\"1612\">Optimale Haftung nach 24 Stunden<\/p>\n<\/li>\n<li class=\"\" data-start=\"1613\" data-end=\"1662\">\n<p class=\"\" data-start=\"1615\" data-end=\"1662\">Auch erh\u00e4ltlich in 7 m und 25 m Verpackungen.<\/p>\n<\/li>\n<\/ul>\n<p class=\"\" data-start=\"1664\" data-end=\"1744\">Dieses Produkt ist ein Ersatz f\u00fcr das Deventer-Profil S5867K[BS] und S6699K[BS].<\/p>\n","protected":false},"excerpt":{"rendered":"<p>Leiden Sie unter Zugluft durch abgenutzte Dichtungen oder verzogene Fenster oder T\u00fcren? Das ist nicht nur unangenehm, sondern auch unn\u00f6tig teuer und schlecht f\u00fcr die Umwelt.Nun gibt es die brandhemmende Variante von Q-Lon: Q-Lon FR. Brandhemmende Dichtungen sind so konzipiert, dass sie effektiv den Rauch- und Branddurchgang von T\u00fcren und Fenstern begrenzen. Q-Lon FR verlangsamt [&hellip;]<\/p>\n","protected":false},"featured_media":4144,"template":"","meta":{"_acf_changed":false},"product_brand":[],"product_cat":[224,226],"product_tag":[],"class_list":{"0":"post-6115","1":"product","2":"type-product","3":"status-publish","4":"has-post-thumbnail","6":"product_cat-tochtstrip-de","7":"product_cat-brandvertragende-tochtstrip-de","8":"pa_afdichtspleet-5-0-10-0-mm-de","9":"pa_groefbreedte-15-mm-de","10":"pa_hoogte-12-mm-de","11":"pa_kleur-zwart-de","12":"pa_lengte-25-m-de","13":"pa_lengte-450-m-de","14":"pa_lengte-7-m-de","15":"pa_sponning-17-mm-de","17":"first","18":"instock","19":"taxable","20":"shipping-taxable","21":"purchasable","22":"product-type-variable","23":"has-default-attributes"},"acf":[],"_links":{"self":[{"href":"https:\/\/tochtstrippen.nl\/de\/wp-json\/wp\/v2\/product\/6115","targetHints":{"allow":["GET"]}}],"collection":[{"href":"https:\/\/tochtstrippen.nl\/de\/wp-json\/wp\/v2\/product"}],"about":[{"href":"https:\/\/tochtstrippen.nl\/de\/wp-json\/wp\/v2\/types\/product"}],"wp:featuredmedia":[{"embeddable":true,"href":"https:\/\/tochtstrippen.nl\/de\/wp-json\/wp\/v2\/media\/4144"}],"wp:attachment":[{"href":"https:\/\/tochtstrippen.nl\/de\/wp-json\/wp\/v2\/media?parent=6115"}],"wp:term":[{"taxonomy":"product_brand","embeddable":true,"href":"https:\/\/tochtstrippen.nl\/de\/wp-json\/wp\/v2\/product_brand?post=6115"},{"taxonomy":"product_cat","embeddable":true,"href":"https:\/\/tochtstrippen.nl\/de\/wp-json\/wp\/v2\/product_cat?post=6115"},{"taxonomy":"product_tag","embeddable":true,"href":"https:\/\/tochtstrippen.nl\/de\/wp-json\/wp\/v2\/product_tag?post=6115"}],"curies":[{"name":"wp","href":"https:\/\/api.w.org\/{rel}","templated":true}]}}