{"id":6126,"date":"2024-02-13T07:44:39","date_gmt":"2024-02-13T06:44:39","guid":{"rendered":"https:\/\/tochtstrippen.nl\/product\/ql3096\/"},"modified":"2026-03-23T11:01:28","modified_gmt":"2026-03-23T10:01:28","slug":"ql3096","status":"publish","type":"product","link":"https:\/\/tochtstrippen.nl\/de\/product\/ql3096\/","title":{"rendered":"Q-Lon 3096"},"content":{"rendered":"<p>&nbsp;<\/p>\n<p class=\"\" data-start=\"55\" data-end=\"211\">Zugluft durch alte Dichtungsstreifen oder verzogene Fenster und T\u00fcren? Das ist nicht nur unangenehm, sondern auch unn\u00f6tig teuer und schlecht f\u00fcr die Umwelt.<\/p>\n<p class=\"\" data-start=\"213\" data-end=\"555\">Q-Lon Polyurethan-Schaumdichtungen f\u00fcr den Einsatz an Fenstern und T\u00fcren bieten die besten thermischen Eigenschaften sowie eine gute Schalld\u00e4mmung in einem weiten Temperaturbereich. Die sehr geringe Bedienkraft reduziert Verschlei\u00dferscheinungen und sorgt f\u00fcr hohen Bedienkomfort. Zudem ist das R\u00fcckstellverm\u00f6gen der Q-Lon Dichtung unerreicht.<\/p>\n<p class=\"\" data-start=\"557\" data-end=\"573\">Einige Vorteile:<\/p>\n<ul data-start=\"575\" data-end=\"859\">\n<li class=\"\" data-start=\"575\" data-end=\"657\">\n<p class=\"\" data-start=\"577\" data-end=\"657\">Geeigneter Wirkungsbereich, sodass auch verzogene T\u00fcren gut abgedichtet werden<\/p>\n<\/li>\n<li class=\"\" data-start=\"658\" data-end=\"707\">\n<p class=\"\" data-start=\"660\" data-end=\"707\">Hohes R\u00fcckstellverm\u00f6gen f\u00fcr jahrelange Freude<\/p>\n<\/li>\n<li class=\"\" data-start=\"708\" data-end=\"747\">\n<p class=\"\" data-start=\"710\" data-end=\"747\">Nimmt keinen Schmutz oder Farbe auf<\/p>\n<\/li>\n<li class=\"\" data-start=\"748\" data-end=\"766\">\n<p class=\"\" data-start=\"750\" data-end=\"766\">Verschlei\u00dffest<\/p>\n<\/li>\n<li class=\"\" data-start=\"767\" data-end=\"817\">\n<p class=\"\" data-start=\"769\" data-end=\"817\">Unempfindlich gegen\u00fcber Temperaturschwankungen<\/p>\n<\/li>\n<li class=\"\" data-start=\"818\" data-end=\"859\">\n<p class=\"\" data-start=\"820\" data-end=\"859\">Erh\u00e4ltlich in 7 m und 25 m Verpackung<\/p>\n<\/li>\n<\/ul>\n","protected":false},"excerpt":{"rendered":"<p>&nbsp; Zugluft durch alte Dichtungsstreifen oder verzogene Fenster und T\u00fcren? Das ist nicht nur unangenehm, sondern auch unn\u00f6tig teuer und schlecht f\u00fcr die Umwelt. Q-Lon Polyurethan-Schaumdichtungen f\u00fcr den Einsatz an Fenstern und T\u00fcren bieten die besten thermischen Eigenschaften sowie eine gute Schalld\u00e4mmung in einem weiten Temperaturbereich. Die sehr geringe Bedienkraft reduziert Verschlei\u00dferscheinungen und sorgt f\u00fcr [&hellip;]<\/p>\n","protected":false},"featured_media":3960,"template":"","meta":{"_acf_changed":false},"product_brand":[],"product_cat":[224,234,230],"product_tag":[],"class_list":{"0":"post-6126","1":"product","2":"type-product","3":"status-publish","4":"has-post-thumbnail","6":"product_cat-tochtstrip-de","7":"product_cat-q-lon-kaderprofiel-de","8":"product_cat-kaderprofiel-voor-houten-toepassing-de","9":"pa_afdichtspleet-3-0-6-0-mm-de","10":"pa_groefbreedte-4-0-5-0-mm-de","11":"pa_groefdiepte-7-5-mm-de","12":"pa_kleur-zwart-de","13":"pa_lengte-25-m-de","14":"pa_lengte-400-m-de","15":"pa_lengte-7-m-de","16":"pa_sponning-12-mm-de","18":"first","19":"instock","20":"taxable","21":"shipping-taxable","22":"purchasable","23":"product-type-variable","24":"has-default-attributes"},"acf":[],"_links":{"self":[{"href":"https:\/\/tochtstrippen.nl\/de\/wp-json\/wp\/v2\/product\/6126","targetHints":{"allow":["GET"]}}],"collection":[{"href":"https:\/\/tochtstrippen.nl\/de\/wp-json\/wp\/v2\/product"}],"about":[{"href":"https:\/\/tochtstrippen.nl\/de\/wp-json\/wp\/v2\/types\/product"}],"wp:featuredmedia":[{"embeddable":true,"href":"https:\/\/tochtstrippen.nl\/de\/wp-json\/wp\/v2\/media\/3960"}],"wp:attachment":[{"href":"https:\/\/tochtstrippen.nl\/de\/wp-json\/wp\/v2\/media?parent=6126"}],"wp:term":[{"taxonomy":"product_brand","embeddable":true,"href":"https:\/\/tochtstrippen.nl\/de\/wp-json\/wp\/v2\/product_brand?post=6126"},{"taxonomy":"product_cat","embeddable":true,"href":"https:\/\/tochtstrippen.nl\/de\/wp-json\/wp\/v2\/product_cat?post=6126"},{"taxonomy":"product_tag","embeddable":true,"href":"https:\/\/tochtstrippen.nl\/de\/wp-json\/wp\/v2\/product_tag?post=6126"}],"curies":[{"name":"wp","href":"https:\/\/api.w.org\/{rel}","templated":true}]}}