{"id":6141,"date":"2024-02-13T07:17:24","date_gmt":"2024-02-13T06:17:24","guid":{"rendered":"https:\/\/tochtstrippen.nl\/product\/ql9112\/"},"modified":"2026-03-23T11:01:28","modified_gmt":"2026-03-23T10:01:28","slug":"ql9112","status":"publish","type":"product","link":"https:\/\/tochtstrippen.nl\/de\/product\/ql9112\/","title":{"rendered":"Q-Lon 9112"},"content":{"rendered":"<p class=\"\" data-start=\"76\" data-end=\"248\"><strong data-start=\"76\" data-end=\"159\">Zugluft durch alte Dichtungsstreifen oder ein verzogenes Fenster oder eine T\u00fcr?<\/strong><br data-start=\"159\" data-end=\"162\" \/>Das ist nicht nur unangenehm, sondern auch unn\u00f6tig teuer und sch\u00e4dlich f\u00fcr die Umwelt.<\/p>\n<p class=\"\" data-start=\"250\" data-end=\"617\"><strong data-start=\"250\" data-end=\"288\">Q-Lon Polyurethan-Schaumdichtungen<\/strong> f\u00fcr den Einsatz an Fenstern und T\u00fcren bieten die besten thermischen Leistungen sowie gute schalld\u00e4mmende Eigenschaften in einem weiten Temperaturbereich. Die sehr geringe Bedienkraft minimiert Verschlei\u00dferscheinungen und sorgt f\u00fcr hohen Bedienkomfort. Dar\u00fcber hinaus ist das R\u00fcckstellverm\u00f6gen der Q-Lon Dichtungen un\u00fcbertroffen.<\/p>\n<p class=\"\" data-start=\"619\" data-end=\"639\"><strong data-start=\"619\" data-end=\"639\">Einige Vorteile:<\/strong><\/p>\n<ul data-start=\"641\" data-end=\"920\">\n<li class=\"\" data-start=\"641\" data-end=\"725\">\n<p class=\"\" data-start=\"643\" data-end=\"725\">Geeigneter Wirkungsbereich \u2013 auch verzogene T\u00fcren werden zuverl\u00e4ssig abgedichtet<\/p>\n<\/li>\n<li class=\"\" data-start=\"726\" data-end=\"776\">\n<p class=\"\" data-start=\"728\" data-end=\"776\">Hohes R\u00fcckstellverm\u00f6gen f\u00fcr jahrelange Nutzung<\/p>\n<\/li>\n<li class=\"\" data-start=\"777\" data-end=\"821\">\n<p class=\"\" data-start=\"779\" data-end=\"821\">Nimmt keinen Schmutz und keine Farbe auf<\/p>\n<\/li>\n<li class=\"\" data-start=\"822\" data-end=\"850\">\n<p class=\"\" data-start=\"824\" data-end=\"850\">Besonders verschlei\u00dffest<\/p>\n<\/li>\n<li class=\"\" data-start=\"851\" data-end=\"878\">\n<p class=\"\" data-start=\"853\" data-end=\"878\">Temperaturunempfindlich<\/p>\n<\/li>\n<li class=\"\" data-start=\"879\" data-end=\"920\">\n<p class=\"\" data-start=\"881\" data-end=\"920\">Erh\u00e4ltlich in 7 m und 25 m Verpackung<\/p>\n<\/li>\n<\/ul>\n","protected":false},"excerpt":{"rendered":"<p>Zugluft durch alte Dichtungsstreifen oder ein verzogenes Fenster oder eine T\u00fcr?Das ist nicht nur unangenehm, sondern auch unn\u00f6tig teuer und sch\u00e4dlich f\u00fcr die Umwelt. Q-Lon Polyurethan-Schaumdichtungen f\u00fcr den Einsatz an Fenstern und T\u00fcren bieten die besten thermischen Leistungen sowie gute schalld\u00e4mmende Eigenschaften in einem weiten Temperaturbereich. Die sehr geringe Bedienkraft minimiert Verschlei\u00dferscheinungen und sorgt f\u00fcr [&hellip;]<\/p>\n","protected":false},"featured_media":3673,"template":"","meta":{"_acf_changed":false},"product_brand":[],"product_cat":[224,234,231],"product_tag":[],"class_list":{"0":"post-6141","1":"product","2":"type-product","3":"status-publish","4":"has-post-thumbnail","6":"product_cat-tochtstrip-de","7":"product_cat-q-lon-kaderprofiel-de","8":"product_cat-kaderprofiel-voor-kunstof-toepassing-de","9":"pa_afdichtspleet-3-0-4-9-mm-de","10":"pa_groefbreedte-3-2-mm-de","11":"pa_groefdiepte-4-8-mm-de","12":"pa_kleur-wit-de","13":"pa_kleur-zwart-de","14":"pa_lengte-25-m-de","15":"pa_lengte-600-m-de","16":"pa_lengte-7-m-de","18":"first","19":"instock","20":"taxable","21":"shipping-taxable","22":"purchasable","23":"product-type-variable","24":"has-default-attributes"},"acf":[],"_links":{"self":[{"href":"https:\/\/tochtstrippen.nl\/de\/wp-json\/wp\/v2\/product\/6141","targetHints":{"allow":["GET"]}}],"collection":[{"href":"https:\/\/tochtstrippen.nl\/de\/wp-json\/wp\/v2\/product"}],"about":[{"href":"https:\/\/tochtstrippen.nl\/de\/wp-json\/wp\/v2\/types\/product"}],"wp:featuredmedia":[{"embeddable":true,"href":"https:\/\/tochtstrippen.nl\/de\/wp-json\/wp\/v2\/media\/3673"}],"wp:attachment":[{"href":"https:\/\/tochtstrippen.nl\/de\/wp-json\/wp\/v2\/media?parent=6141"}],"wp:term":[{"taxonomy":"product_brand","embeddable":true,"href":"https:\/\/tochtstrippen.nl\/de\/wp-json\/wp\/v2\/product_brand?post=6141"},{"taxonomy":"product_cat","embeddable":true,"href":"https:\/\/tochtstrippen.nl\/de\/wp-json\/wp\/v2\/product_cat?post=6141"},{"taxonomy":"product_tag","embeddable":true,"href":"https:\/\/tochtstrippen.nl\/de\/wp-json\/wp\/v2\/product_tag?post=6141"}],"curies":[{"name":"wp","href":"https:\/\/api.w.org\/{rel}","templated":true}]}}