{"id":6145,"date":"2024-02-13T06:14:15","date_gmt":"2024-02-13T05:14:15","guid":{"rendered":"https:\/\/tochtstrippen.nl\/product\/ql7000\/"},"modified":"2026-03-23T11:01:28","modified_gmt":"2026-03-23T10:01:28","slug":"ql7000","status":"publish","type":"product","link":"https:\/\/tochtstrippen.nl\/de\/product\/ql7000\/","title":{"rendered":"Q-Lon 7000"},"content":{"rendered":"<p class=\"\" data-start=\"129\" data-end=\"361\"><strong data-start=\"129\" data-end=\"192\">Rahmenprofil, Anwendung im Mittelsteg von Hebe-Schiebet\u00fcren<\/strong><br data-start=\"192\" data-end=\"195\" \/>Zugluft durch alte Dichtungsstreifen oder ein verzogenes Fenster oder eine T\u00fcr? Das ist nicht nur unangenehm, sondern auch unn\u00f6tig teuer und sch\u00e4dlich f\u00fcr die Umwelt.<\/p>\n<p class=\"\" data-start=\"363\" data-end=\"730\"><strong data-start=\"363\" data-end=\"401\">Q-Lon Polyurethan-Schaumdichtungen<\/strong> f\u00fcr den Einsatz an Fenstern und T\u00fcren bieten die besten thermischen Leistungen sowie gute schalld\u00e4mmende Eigenschaften in einem weiten Temperaturbereich. Die sehr geringe Bedienkraft minimiert Verschlei\u00dferscheinungen und sorgt f\u00fcr hohen Bedienkomfort. Dar\u00fcber hinaus ist das R\u00fcckstellverm\u00f6gen der Q-Lon Dichtungen un\u00fcbertroffen.<\/p>\n<p class=\"\" data-start=\"732\" data-end=\"752\"><strong data-start=\"732\" data-end=\"752\">Einige Vorteile:<\/strong><\/p>\n<ul data-start=\"754\" data-end=\"1061\">\n<li class=\"\" data-start=\"754\" data-end=\"838\">\n<p class=\"\" data-start=\"756\" data-end=\"838\">Geeigneter Wirkungsbereich \u2013 auch verzogene T\u00fcren werden zuverl\u00e4ssig abgedichtet<\/p>\n<\/li>\n<li class=\"\" data-start=\"839\" data-end=\"889\">\n<p class=\"\" data-start=\"841\" data-end=\"889\">Hohes R\u00fcckstellverm\u00f6gen f\u00fcr jahrelange Nutzung<\/p>\n<\/li>\n<li class=\"\" data-start=\"890\" data-end=\"928\">\n<p class=\"\" data-start=\"892\" data-end=\"928\">Nimmt weder Schmutz noch Farbe auf<\/p>\n<\/li>\n<li class=\"\" data-start=\"929\" data-end=\"957\">\n<p class=\"\" data-start=\"931\" data-end=\"957\">Besonders verschlei\u00dffest<\/p>\n<\/li>\n<li class=\"\" data-start=\"958\" data-end=\"985\">\n<p class=\"\" data-start=\"960\" data-end=\"985\">Temperaturunempfindlich<\/p>\n<\/li>\n<li class=\"\" data-start=\"986\" data-end=\"1020\">\n<p class=\"\" data-start=\"988\" data-end=\"1020\">Erh\u00e4ltlich in Wei\u00df und Schwarz<\/p>\n<\/li>\n<li class=\"\" data-start=\"1021\" data-end=\"1061\">\n<p class=\"\" data-start=\"1023\" data-end=\"1061\">Verf\u00fcgbar in 7 m und 25 m Verpackung<\/p>\n<\/li>\n<\/ul>\n<p class=\"\" data-start=\"1063\" data-end=\"1129\"><strong data-start=\"1063\" data-end=\"1129\">Dieses Produkt ist eine Alternative zum Deventer-Profil S4162.<\/strong><\/p>\n","protected":false},"excerpt":{"rendered":"<p>Rahmenprofil, Anwendung im Mittelsteg von Hebe-Schiebet\u00fcrenZugluft durch alte Dichtungsstreifen oder ein verzogenes Fenster oder eine T\u00fcr? Das ist nicht nur unangenehm, sondern auch unn\u00f6tig teuer und sch\u00e4dlich f\u00fcr die Umwelt. Q-Lon Polyurethan-Schaumdichtungen f\u00fcr den Einsatz an Fenstern und T\u00fcren bieten die besten thermischen Leistungen sowie gute schalld\u00e4mmende Eigenschaften in einem weiten Temperaturbereich. Die sehr geringe [&hellip;]<\/p>\n","protected":false},"featured_media":3661,"template":"","meta":{"_acf_changed":false},"product_brand":[],"product_cat":[224,234,230],"product_tag":[],"class_list":{"0":"post-6145","1":"product","2":"type-product","3":"status-publish","4":"has-post-thumbnail","6":"product_cat-tochtstrip-de","7":"product_cat-q-lon-kaderprofiel-de","8":"product_cat-kaderprofiel-voor-houten-toepassing-de","9":"pa_afdichtspleet-4-0-10-8-mm-de","10":"pa_groefbreedte-2-7-3-0-mm-de","11":"pa_groefdiepte-8-0-mm-de","12":"pa_kleur-wit-de","13":"pa_kleur-zwart-de","14":"pa_lengte-25-m-de","15":"pa_lengte-350-m-de","16":"pa_lengte-7-m-de","17":"pa_sponning-13-mm-de","19":"first","20":"instock","21":"taxable","22":"shipping-taxable","23":"purchasable","24":"product-type-variable","25":"has-default-attributes"},"acf":[],"_links":{"self":[{"href":"https:\/\/tochtstrippen.nl\/de\/wp-json\/wp\/v2\/product\/6145","targetHints":{"allow":["GET"]}}],"collection":[{"href":"https:\/\/tochtstrippen.nl\/de\/wp-json\/wp\/v2\/product"}],"about":[{"href":"https:\/\/tochtstrippen.nl\/de\/wp-json\/wp\/v2\/types\/product"}],"wp:featuredmedia":[{"embeddable":true,"href":"https:\/\/tochtstrippen.nl\/de\/wp-json\/wp\/v2\/media\/3661"}],"wp:attachment":[{"href":"https:\/\/tochtstrippen.nl\/de\/wp-json\/wp\/v2\/media?parent=6145"}],"wp:term":[{"taxonomy":"product_brand","embeddable":true,"href":"https:\/\/tochtstrippen.nl\/de\/wp-json\/wp\/v2\/product_brand?post=6145"},{"taxonomy":"product_cat","embeddable":true,"href":"https:\/\/tochtstrippen.nl\/de\/wp-json\/wp\/v2\/product_cat?post=6145"},{"taxonomy":"product_tag","embeddable":true,"href":"https:\/\/tochtstrippen.nl\/de\/wp-json\/wp\/v2\/product_tag?post=6145"}],"curies":[{"name":"wp","href":"https:\/\/api.w.org\/{rel}","templated":true}]}}