{"id":6159,"date":"2024-02-13T06:06:36","date_gmt":"2024-02-13T05:06:36","guid":{"rendered":"https:\/\/tochtstrippen.nl\/product\/ql69510\/"},"modified":"2026-03-23T11:01:28","modified_gmt":"2026-03-23T10:01:28","slug":"ql69510","status":"publish","type":"product","link":"https:\/\/tochtstrippen.nl\/de\/product\/ql69510\/","title":{"rendered":"Q-Lon 69510"},"content":{"rendered":"<p class=\"\" data-start=\"100\" data-end=\"355\"><strong data-start=\"100\" data-end=\"186\">T-Nut-Profil, geeignet f\u00fcr Kunststoff- und Aluminium-Anwendungen, Fu\u00dfbreite 6,8 mm<\/strong><br data-start=\"186\" data-end=\"189\" \/>Zugluft durch alte Dichtungsstreifen oder ein verzogenes Fenster oder eine T\u00fcr? Das ist nicht nur unangenehm, sondern auch unn\u00f6tig teuer und sch\u00e4dlich f\u00fcr die Umwelt.<\/p>\n<p class=\"\" data-start=\"357\" data-end=\"716\"><strong data-start=\"357\" data-end=\"395\">Q-Lon Polyurethan-Schaumdichtungen<\/strong> f\u00fcr den Einsatz an Fenstern und T\u00fcren bieten ausgezeichnete thermische Eigenschaften sowie eine effektive Schalld\u00e4mmung in einem weiten Temperaturbereich. Die sehr geringe Bedienkraft reduziert den Verschlei\u00df und sorgt f\u00fcr hohen Bedienkomfort. Dar\u00fcber hinaus ist das R\u00fcckstellverm\u00f6gen der Q-Lon Dichtungen un\u00fcbertroffen.<\/p>\n<p class=\"\" data-start=\"718\" data-end=\"738\"><strong data-start=\"718\" data-end=\"738\">Einige Vorteile:<\/strong><\/p>\n<ul data-start=\"740\" data-end=\"1041\">\n<li class=\"\" data-start=\"740\" data-end=\"824\">\n<p class=\"\" data-start=\"742\" data-end=\"824\">Effektiver Wirkungsbereich \u2013 auch verzogene T\u00fcren werden zuverl\u00e4ssig abgedichtet<\/p>\n<\/li>\n<li class=\"\" data-start=\"825\" data-end=\"880\">\n<p class=\"\" data-start=\"827\" data-end=\"880\">Hohes R\u00fcckstellverm\u00f6gen f\u00fcr langanhaltende Leistung<\/p>\n<\/li>\n<li class=\"\" data-start=\"881\" data-end=\"919\">\n<p class=\"\" data-start=\"883\" data-end=\"919\">Nimmt weder Schmutz noch Farbe auf<\/p>\n<\/li>\n<li class=\"\" data-start=\"920\" data-end=\"948\">\n<p class=\"\" data-start=\"922\" data-end=\"948\">Besonders verschlei\u00dffest<\/p>\n<\/li>\n<li class=\"\" data-start=\"949\" data-end=\"999\">\n<p class=\"\" data-start=\"951\" data-end=\"999\">Unempfindlich gegen\u00fcber Temperaturschwankungen<\/p>\n<\/li>\n<li class=\"\" data-start=\"1000\" data-end=\"1041\">\n<p class=\"\" data-start=\"1002\" data-end=\"1041\">Erh\u00e4ltlich in 7 m und 25 m Verpackung<\/p>\n<\/li>\n<\/ul>\n","protected":false},"excerpt":{"rendered":"<p>T-Nut-Profil, geeignet f\u00fcr Kunststoff- und Aluminium-Anwendungen, Fu\u00dfbreite 6,8 mmZugluft durch alte Dichtungsstreifen oder ein verzogenes Fenster oder eine T\u00fcr? Das ist nicht nur unangenehm, sondern auch unn\u00f6tig teuer und sch\u00e4dlich f\u00fcr die Umwelt. Q-Lon Polyurethan-Schaumdichtungen f\u00fcr den Einsatz an Fenstern und T\u00fcren bieten ausgezeichnete thermische Eigenschaften sowie eine effektive Schalld\u00e4mmung in einem weiten Temperaturbereich. Die [&hellip;]<\/p>\n","protected":false},"featured_media":3782,"template":"","meta":{"_acf_changed":false},"product_brand":[],"product_cat":[224,234,227],"product_tag":[],"class_list":{"0":"post-6159","1":"product","2":"type-product","3":"status-publish","4":"has-post-thumbnail","6":"product_cat-tochtstrip-de","7":"product_cat-q-lon-kaderprofiel-de","8":"product_cat-kaderprofiel-voor-aluminium-toepassing-de","9":"pa_afdichtspleet-1-1-2-4-mm-de","10":"pa_groefbreedte-4-6-mm-de","11":"pa_groefdiepte-2-3-mm-de","12":"pa_kleur-zwart-de","13":"pa_lengte-1400-m-de","14":"pa_lengte-25-m-de","15":"pa_lengte-7-m-de","16":"pa_t-groef-type-a-7-5-mm-de","18":"first","19":"instock","20":"taxable","21":"shipping-taxable","22":"purchasable","23":"product-type-variable"},"acf":[],"_links":{"self":[{"href":"https:\/\/tochtstrippen.nl\/de\/wp-json\/wp\/v2\/product\/6159","targetHints":{"allow":["GET"]}}],"collection":[{"href":"https:\/\/tochtstrippen.nl\/de\/wp-json\/wp\/v2\/product"}],"about":[{"href":"https:\/\/tochtstrippen.nl\/de\/wp-json\/wp\/v2\/types\/product"}],"wp:featuredmedia":[{"embeddable":true,"href":"https:\/\/tochtstrippen.nl\/de\/wp-json\/wp\/v2\/media\/3782"}],"wp:attachment":[{"href":"https:\/\/tochtstrippen.nl\/de\/wp-json\/wp\/v2\/media?parent=6159"}],"wp:term":[{"taxonomy":"product_brand","embeddable":true,"href":"https:\/\/tochtstrippen.nl\/de\/wp-json\/wp\/v2\/product_brand?post=6159"},{"taxonomy":"product_cat","embeddable":true,"href":"https:\/\/tochtstrippen.nl\/de\/wp-json\/wp\/v2\/product_cat?post=6159"},{"taxonomy":"product_tag","embeddable":true,"href":"https:\/\/tochtstrippen.nl\/de\/wp-json\/wp\/v2\/product_tag?post=6159"}],"curies":[{"name":"wp","href":"https:\/\/api.w.org\/{rel}","templated":true}]}}