{"id":6163,"date":"2024-02-13T06:01:41","date_gmt":"2024-02-13T05:01:41","guid":{"rendered":"https:\/\/tochtstrippen.nl\/product\/ql69447\/"},"modified":"2026-03-23T11:01:28","modified_gmt":"2026-03-23T10:01:28","slug":"ql69447","status":"publish","type":"product","link":"https:\/\/tochtstrippen.nl\/de\/product\/ql69447\/","title":{"rendered":"Q-Lon 69447"},"content":{"rendered":"<p class=\"\" data-start=\"140\" data-end=\"395\"><strong data-start=\"140\" data-end=\"226\">T-Nut-Profil, geeignet f\u00fcr Kunststoff- und Aluminium-Anwendungen, Fu\u00dfbreite 6,8 mm<\/strong><br data-start=\"226\" data-end=\"229\" \/>Zugluft durch alte Dichtungsstreifen oder ein verzogenes Fenster oder eine T\u00fcr? Das ist nicht nur unangenehm, sondern auch unn\u00f6tig teuer und sch\u00e4dlich f\u00fcr die Umwelt.<\/p>\n<p class=\"\" data-start=\"397\" data-end=\"764\"><strong data-start=\"397\" data-end=\"435\">Q-Lon Polyurethan-Schaumdichtungen<\/strong> f\u00fcr den Einsatz an Fenstern und T\u00fcren bieten hervorragende thermische Eigenschaften sowie eine effektive Schalld\u00e4mmung in einem weiten Temperaturbereich. Die sehr geringe Bedienkraft reduziert Verschlei\u00dferscheinungen und sorgt f\u00fcr hohen Bedienkomfort. Dar\u00fcber hinaus ist das R\u00fcckstellverm\u00f6gen der Q-Lon Dichtungen un\u00fcbertroffen.<\/p>\n<p class=\"\" data-start=\"766\" data-end=\"786\"><strong data-start=\"766\" data-end=\"786\">Einige Vorteile:<\/strong><\/p>\n<ul data-start=\"788\" data-end=\"1124\">\n<li class=\"\" data-start=\"788\" data-end=\"872\">\n<p class=\"\" data-start=\"790\" data-end=\"872\">Geeigneter Wirkungsbereich \u2013 auch verzogene T\u00fcren werden zuverl\u00e4ssig abgedichtet<\/p>\n<\/li>\n<li class=\"\" data-start=\"873\" data-end=\"923\">\n<p class=\"\" data-start=\"875\" data-end=\"923\">Hohes R\u00fcckstellverm\u00f6gen f\u00fcr jahrelange Nutzung<\/p>\n<\/li>\n<li class=\"\" data-start=\"924\" data-end=\"962\">\n<p class=\"\" data-start=\"926\" data-end=\"962\">Nimmt weder Schmutz noch Farbe auf<\/p>\n<\/li>\n<li class=\"\" data-start=\"963\" data-end=\"991\">\n<p class=\"\" data-start=\"965\" data-end=\"991\">Besonders verschlei\u00dffest<\/p>\n<\/li>\n<li class=\"\" data-start=\"992\" data-end=\"1042\">\n<p class=\"\" data-start=\"994\" data-end=\"1042\">Unempfindlich gegen\u00fcber Temperaturschwankungen<\/p>\n<\/li>\n<li class=\"\" data-start=\"1043\" data-end=\"1083\">\n<p class=\"\" data-start=\"1045\" data-end=\"1083\">Erh\u00e4ltlich in Wei\u00df, Grau und Schwarz<\/p>\n<\/li>\n<li class=\"\" data-start=\"1084\" data-end=\"1124\">\n<p class=\"\" data-start=\"1086\" data-end=\"1124\">Verf\u00fcgbar in 7 m und 25 m Verpackung<\/p>\n<\/li>\n<\/ul>\n","protected":false},"excerpt":{"rendered":"<p>T-Nut-Profil, geeignet f\u00fcr Kunststoff- und Aluminium-Anwendungen, Fu\u00dfbreite 6,8 mmZugluft durch alte Dichtungsstreifen oder ein verzogenes Fenster oder eine T\u00fcr? Das ist nicht nur unangenehm, sondern auch unn\u00f6tig teuer und sch\u00e4dlich f\u00fcr die Umwelt. Q-Lon Polyurethan-Schaumdichtungen f\u00fcr den Einsatz an Fenstern und T\u00fcren bieten hervorragende thermische Eigenschaften sowie eine effektive Schalld\u00e4mmung in einem weiten Temperaturbereich. Die [&hellip;]<\/p>\n","protected":false},"featured_media":5307,"template":"","meta":{"_acf_changed":false},"product_brand":[],"product_cat":[224,234,227],"product_tag":[],"class_list":{"0":"post-6163","1":"product","2":"type-product","3":"status-publish","4":"has-post-thumbnail","6":"product_cat-tochtstrip-de","7":"product_cat-q-lon-kaderprofiel-de","8":"product_cat-kaderprofiel-voor-aluminium-toepassing-de","9":"pa_afdichtspleet-2-5-7-0-mm-de","10":"pa_groefbreedte-4-6-mm-de","11":"pa_groefdiepte-2-3-mm-de","12":"pa_kleur-zwart-de","13":"pa_lengte-25-m-de","14":"pa_lengte-500-m-de","15":"pa_lengte-7-m-de","16":"pa_t-groef-type-a-7-5-mm-de","18":"first","19":"instock","20":"taxable","21":"shipping-taxable","22":"purchasable","23":"product-type-variable","24":"has-default-attributes"},"acf":[],"_links":{"self":[{"href":"https:\/\/tochtstrippen.nl\/de\/wp-json\/wp\/v2\/product\/6163","targetHints":{"allow":["GET"]}}],"collection":[{"href":"https:\/\/tochtstrippen.nl\/de\/wp-json\/wp\/v2\/product"}],"about":[{"href":"https:\/\/tochtstrippen.nl\/de\/wp-json\/wp\/v2\/types\/product"}],"wp:featuredmedia":[{"embeddable":true,"href":"https:\/\/tochtstrippen.nl\/de\/wp-json\/wp\/v2\/media\/5307"}],"wp:attachment":[{"href":"https:\/\/tochtstrippen.nl\/de\/wp-json\/wp\/v2\/media?parent=6163"}],"wp:term":[{"taxonomy":"product_brand","embeddable":true,"href":"https:\/\/tochtstrippen.nl\/de\/wp-json\/wp\/v2\/product_brand?post=6163"},{"taxonomy":"product_cat","embeddable":true,"href":"https:\/\/tochtstrippen.nl\/de\/wp-json\/wp\/v2\/product_cat?post=6163"},{"taxonomy":"product_tag","embeddable":true,"href":"https:\/\/tochtstrippen.nl\/de\/wp-json\/wp\/v2\/product_tag?post=6163"}],"curies":[{"name":"wp","href":"https:\/\/api.w.org\/{rel}","templated":true}]}}