{"id":6167,"date":"2024-02-13T05:52:36","date_gmt":"2024-02-13T04:52:36","guid":{"rendered":"https:\/\/tochtstrippen.nl\/product\/ql69400\/"},"modified":"2026-03-23T11:01:28","modified_gmt":"2026-03-23T10:01:28","slug":"ql69400","status":"publish","type":"product","link":"https:\/\/tochtstrippen.nl\/de\/product\/ql69400\/","title":{"rendered":"Q-Lon 69400"},"content":{"rendered":"<p class=\"\" data-start=\"66\" data-end=\"303\"><strong data-start=\"66\" data-end=\"134\">T-Nut-Profil, geeignet f\u00fcr Kunststoff- und Aluminium-Anwendungen<\/strong><br data-start=\"134\" data-end=\"137\" \/>Zugluft durch alte Dichtungsstreifen oder ein verzogenes Fenster oder eine T\u00fcr? Das ist nicht nur unangenehm, sondern auch unn\u00f6tig teuer und sch\u00e4dlich f\u00fcr die Umwelt.<\/p>\n<p class=\"\" data-start=\"305\" data-end=\"654\"><strong data-start=\"305\" data-end=\"343\">Q-Lon Polyurethan-Schaumdichtungen<\/strong> f\u00fcr Fenster- und T\u00fcranwendungen bieten hervorragende thermische Leistungen sowie gute schalld\u00e4mmende Eigenschaften in einem weiten Temperaturbereich. Die sehr geringe Bedienkraft reduziert den Verschlei\u00df und sorgt f\u00fcr ein angenehmes Handling. Zudem ist das R\u00fcckstellverm\u00f6gen der Q-Lon Dichtungen un\u00fcbertroffen.<\/p>\n<p class=\"\" data-start=\"656\" data-end=\"676\"><strong data-start=\"656\" data-end=\"676\">Einige Vorteile:<\/strong><\/p>\n<ul data-start=\"678\" data-end=\"993\">\n<li class=\"\" data-start=\"678\" data-end=\"762\">\n<p class=\"\" data-start=\"680\" data-end=\"762\">Effektiver Wirkungsbereich \u2013 auch verzogene T\u00fcren werden zuverl\u00e4ssig abgedichtet<\/p>\n<\/li>\n<li class=\"\" data-start=\"763\" data-end=\"815\">\n<p class=\"\" data-start=\"765\" data-end=\"815\">Hohes R\u00fcckstellverm\u00f6gen f\u00fcr jahrelangen Gebrauch<\/p>\n<\/li>\n<li class=\"\" data-start=\"816\" data-end=\"860\">\n<p class=\"\" data-start=\"818\" data-end=\"860\">Nimmt keinen Schmutz und keine Farbe auf<\/p>\n<\/li>\n<li class=\"\" data-start=\"861\" data-end=\"889\">\n<p class=\"\" data-start=\"863\" data-end=\"889\">Besonders verschlei\u00dffest<\/p>\n<\/li>\n<li class=\"\" data-start=\"890\" data-end=\"940\">\n<p class=\"\" data-start=\"892\" data-end=\"940\">Unempfindlich gegen\u00fcber Temperaturschwankungen<\/p>\n<\/li>\n<li class=\"\" data-start=\"941\" data-end=\"993\">\n<p class=\"\" data-start=\"943\" data-end=\"993\">Erh\u00e4ltlich in verschiedenen Verpackungseinheiten<\/p>\n<\/li>\n<\/ul>\n","protected":false},"excerpt":{"rendered":"<p>T-Nut-Profil, geeignet f\u00fcr Kunststoff- und Aluminium-AnwendungenZugluft durch alte Dichtungsstreifen oder ein verzogenes Fenster oder eine T\u00fcr? Das ist nicht nur unangenehm, sondern auch unn\u00f6tig teuer und sch\u00e4dlich f\u00fcr die Umwelt. Q-Lon Polyurethan-Schaumdichtungen f\u00fcr Fenster- und T\u00fcranwendungen bieten hervorragende thermische Leistungen sowie gute schalld\u00e4mmende Eigenschaften in einem weiten Temperaturbereich. Die sehr geringe Bedienkraft reduziert den Verschlei\u00df [&hellip;]<\/p>\n","protected":false},"featured_media":3769,"template":"","meta":{"_acf_changed":false},"product_brand":[],"product_cat":[224,234,227],"product_tag":[],"class_list":{"0":"post-6167","1":"product","2":"type-product","3":"status-publish","4":"has-post-thumbnail","6":"product_cat-tochtstrip-de","7":"product_cat-q-lon-kaderprofiel-de","8":"product_cat-kaderprofiel-voor-aluminium-toepassing-de","9":"pa_afdichtspleet-0-5-1-5-mm-de","10":"pa_groefbreedte-4-6-mm-de","11":"pa_groefdiepte-2-3-mm-de","12":"pa_kleur-wit-de","13":"pa_kleur-zwart-de","14":"pa_lengte-1800-m-de","15":"pa_lengte-25-m-de","16":"pa_lengte-7-m-de","17":"pa_t-groef-type-c-7-5-mm-de","19":"first","20":"instock","21":"taxable","22":"shipping-taxable","23":"purchasable","24":"product-type-variable"},"acf":[],"_links":{"self":[{"href":"https:\/\/tochtstrippen.nl\/de\/wp-json\/wp\/v2\/product\/6167","targetHints":{"allow":["GET"]}}],"collection":[{"href":"https:\/\/tochtstrippen.nl\/de\/wp-json\/wp\/v2\/product"}],"about":[{"href":"https:\/\/tochtstrippen.nl\/de\/wp-json\/wp\/v2\/types\/product"}],"wp:featuredmedia":[{"embeddable":true,"href":"https:\/\/tochtstrippen.nl\/de\/wp-json\/wp\/v2\/media\/3769"}],"wp:attachment":[{"href":"https:\/\/tochtstrippen.nl\/de\/wp-json\/wp\/v2\/media?parent=6167"}],"wp:term":[{"taxonomy":"product_brand","embeddable":true,"href":"https:\/\/tochtstrippen.nl\/de\/wp-json\/wp\/v2\/product_brand?post=6167"},{"taxonomy":"product_cat","embeddable":true,"href":"https:\/\/tochtstrippen.nl\/de\/wp-json\/wp\/v2\/product_cat?post=6167"},{"taxonomy":"product_tag","embeddable":true,"href":"https:\/\/tochtstrippen.nl\/de\/wp-json\/wp\/v2\/product_tag?post=6167"}],"curies":[{"name":"wp","href":"https:\/\/api.w.org\/{rel}","templated":true}]}}