{"id":6171,"date":"2024-02-13T05:44:07","date_gmt":"2024-02-13T04:44:07","guid":{"rendered":"https:\/\/tochtstrippen.nl\/product\/ql55\/"},"modified":"2026-03-23T11:01:28","modified_gmt":"2026-03-23T10:01:28","slug":"ql55","status":"publish","type":"product","link":"https:\/\/tochtstrippen.nl\/de\/product\/ql55\/","title":{"rendered":"Q-Lon 55"},"content":{"rendered":"<p class=\"\" data-start=\"94\" data-end=\"266\"><strong data-start=\"94\" data-end=\"177\">Zugluft durch alte Dichtungsstreifen oder ein verzogenes Fenster oder eine T\u00fcr?<\/strong><br data-start=\"177\" data-end=\"180\" \/>Das ist nicht nur unangenehm, sondern auch unn\u00f6tig teuer und sch\u00e4dlich f\u00fcr die Umwelt.<\/p>\n<p class=\"\" data-start=\"268\" data-end=\"623\"><strong data-start=\"268\" data-end=\"306\">Q-Lon Polyurethan-Schaumdichtungen<\/strong> f\u00fcr den Einsatz an Fenstern und T\u00fcren bieten hervorragende thermische Leistungen sowie gute schalld\u00e4mmende Eigenschaften in einem weiten Temperaturbereich. Die sehr geringe Bedienkraft reduziert den Verschlei\u00df und sorgt f\u00fcr ein angenehmes Handling. Zudem ist das R\u00fcckstellverm\u00f6gen der Q-Lon Dichtungen un\u00fcbertroffen.<\/p>\n<p class=\"\" data-start=\"625\" data-end=\"645\"><strong data-start=\"625\" data-end=\"645\">Einige Vorteile:<\/strong><\/p>\n<ul data-start=\"647\" data-end=\"985\">\n<li class=\"\" data-start=\"647\" data-end=\"731\">\n<p class=\"\" data-start=\"649\" data-end=\"731\">Geeigneter Wirkungsbereich \u2013 auch verzogene T\u00fcren werden zuverl\u00e4ssig abgedichtet<\/p>\n<\/li>\n<li class=\"\" data-start=\"732\" data-end=\"784\">\n<p class=\"\" data-start=\"734\" data-end=\"784\">Hohes R\u00fcckstellverm\u00f6gen f\u00fcr jahrelangen Gebrauch<\/p>\n<\/li>\n<li class=\"\" data-start=\"785\" data-end=\"829\">\n<p class=\"\" data-start=\"787\" data-end=\"829\">Nimmt keinen Schmutz und keine Farbe auf<\/p>\n<\/li>\n<li class=\"\" data-start=\"830\" data-end=\"858\">\n<p class=\"\" data-start=\"832\" data-end=\"858\">Besonders verschlei\u00dffest<\/p>\n<\/li>\n<li class=\"\" data-start=\"859\" data-end=\"909\">\n<p class=\"\" data-start=\"861\" data-end=\"909\">Unempfindlich gegen\u00fcber Temperaturschwankungen<\/p>\n<\/li>\n<li class=\"\" data-start=\"910\" data-end=\"944\">\n<p class=\"\" data-start=\"912\" data-end=\"944\">Erh\u00e4ltlich in Wei\u00df und Schwarz<\/p>\n<\/li>\n<li class=\"\" data-start=\"945\" data-end=\"985\">\n<p class=\"\" data-start=\"947\" data-end=\"985\">Verf\u00fcgbar in 7 m und 25 m Verpackung<\/p>\n<\/li>\n<\/ul>\n<p class=\"\" data-start=\"987\" data-end=\"1084\"><strong data-start=\"987\" data-end=\"1084\">Dieses Produkt ist eine Alternative zu den Deventer-Profilen S0318, S0032, DS9608 und DS9609.<\/strong><\/p>\n","protected":false},"excerpt":{"rendered":"<p>Zugluft durch alte Dichtungsstreifen oder ein verzogenes Fenster oder eine T\u00fcr?Das ist nicht nur unangenehm, sondern auch unn\u00f6tig teuer und sch\u00e4dlich f\u00fcr die Umwelt. Q-Lon Polyurethan-Schaumdichtungen f\u00fcr den Einsatz an Fenstern und T\u00fcren bieten hervorragende thermische Leistungen sowie gute schalld\u00e4mmende Eigenschaften in einem weiten Temperaturbereich. Die sehr geringe Bedienkraft reduziert den Verschlei\u00df und sorgt f\u00fcr [&hellip;]<\/p>\n","protected":false},"featured_media":3725,"template":"","meta":{"_acf_changed":false},"product_brand":[],"product_cat":[224,234,228],"product_tag":[],"class_list":{"0":"post-6171","1":"product","2":"type-product","3":"status-publish","4":"has-post-thumbnail","6":"product_cat-tochtstrip-de","7":"product_cat-q-lon-kaderprofiel-de","8":"product_cat-kaderprofiel-voor-binnendeuren-toepassing-de","9":"pa_afdichtspleet-3-0-4-5-mm-de","10":"pa_groefbreedte-2-7-4-5-mm-de","11":"pa_groefdiepte-6-0-mm-de","12":"pa_kleur-wit-de","13":"pa_kleur-zwart-de","14":"pa_lengte-25-m-de","15":"pa_lengte-500-m-de","16":"pa_lengte-7-m-de","17":"pa_sponning-10-mm-de","19":"first","20":"instock","21":"taxable","22":"shipping-taxable","23":"purchasable","24":"product-type-variable"},"acf":[],"_links":{"self":[{"href":"https:\/\/tochtstrippen.nl\/de\/wp-json\/wp\/v2\/product\/6171","targetHints":{"allow":["GET"]}}],"collection":[{"href":"https:\/\/tochtstrippen.nl\/de\/wp-json\/wp\/v2\/product"}],"about":[{"href":"https:\/\/tochtstrippen.nl\/de\/wp-json\/wp\/v2\/types\/product"}],"wp:featuredmedia":[{"embeddable":true,"href":"https:\/\/tochtstrippen.nl\/de\/wp-json\/wp\/v2\/media\/3725"}],"wp:attachment":[{"href":"https:\/\/tochtstrippen.nl\/de\/wp-json\/wp\/v2\/media?parent=6171"}],"wp:term":[{"taxonomy":"product_brand","embeddable":true,"href":"https:\/\/tochtstrippen.nl\/de\/wp-json\/wp\/v2\/product_brand?post=6171"},{"taxonomy":"product_cat","embeddable":true,"href":"https:\/\/tochtstrippen.nl\/de\/wp-json\/wp\/v2\/product_cat?post=6171"},{"taxonomy":"product_tag","embeddable":true,"href":"https:\/\/tochtstrippen.nl\/de\/wp-json\/wp\/v2\/product_tag?post=6171"}],"curies":[{"name":"wp","href":"https:\/\/api.w.org\/{rel}","templated":true}]}}