{"id":6189,"date":"2024-02-13T05:28:40","date_gmt":"2024-02-13T04:28:40","guid":{"rendered":"https:\/\/tochtstrippen.nl\/product\/ql48750\/"},"modified":"2026-03-23T11:01:28","modified_gmt":"2026-03-23T10:01:28","slug":"ql48750","status":"publish","type":"product","link":"https:\/\/tochtstrippen.nl\/de\/product\/ql48750\/","title":{"rendered":"Q-Lon 48750"},"content":{"rendered":"<p class=\"\" data-start=\"48\" data-end=\"303\"><strong data-start=\"48\" data-end=\"134\">T-Nut-Profil, geeignet f\u00fcr Kunststoff- und Aluminium-Anwendungen, Fu\u00dfbreite 4,8 mm<\/strong><br data-start=\"134\" data-end=\"137\" \/>Zugluft durch alte Dichtungsstreifen oder ein verzogenes Fenster oder eine T\u00fcr? Das ist nicht nur unangenehm, sondern auch unn\u00f6tig teuer und sch\u00e4dlich f\u00fcr die Umwelt.<\/p>\n<p class=\"\" data-start=\"305\" data-end=\"661\"><strong data-start=\"305\" data-end=\"343\">Q-Lon Polyurethan-Schaumdichtungen<\/strong> f\u00fcr den Einsatz an Fenstern und T\u00fcren bieten die besten thermischen Eigenschaften sowie gute schalld\u00e4mmende Merkmale in einem weiten Temperaturbereich. Die sehr geringe Bedienkraft reduziert den Verschlei\u00df und sorgt f\u00fcr angenehmes Handling. Dar\u00fcber hinaus ist das R\u00fcckstellverm\u00f6gen der Q-Lon Dichtungen un\u00fcbertroffen.<\/p>\n<p class=\"\" data-start=\"663\" data-end=\"683\"><strong data-start=\"663\" data-end=\"683\">Einige Vorteile:<\/strong><\/p>\n<ul data-start=\"685\" data-end=\"1023\">\n<li class=\"\" data-start=\"685\" data-end=\"769\">\n<p class=\"\" data-start=\"687\" data-end=\"769\">Geeigneter Wirkungsbereich \u2013 auch verzogene T\u00fcren werden zuverl\u00e4ssig abgedichtet<\/p>\n<\/li>\n<li class=\"\" data-start=\"770\" data-end=\"822\">\n<p class=\"\" data-start=\"772\" data-end=\"822\">Hohes R\u00fcckstellverm\u00f6gen f\u00fcr jahrelangen Gebrauch<\/p>\n<\/li>\n<li class=\"\" data-start=\"823\" data-end=\"867\">\n<p class=\"\" data-start=\"825\" data-end=\"867\">Nimmt keinen Schmutz und keine Farbe auf<\/p>\n<\/li>\n<li class=\"\" data-start=\"868\" data-end=\"896\">\n<p class=\"\" data-start=\"870\" data-end=\"896\">Besonders verschlei\u00dffest<\/p>\n<\/li>\n<li class=\"\" data-start=\"897\" data-end=\"947\">\n<p class=\"\" data-start=\"899\" data-end=\"947\">Unempfindlich gegen\u00fcber Temperaturschwankungen<\/p>\n<\/li>\n<li class=\"\" data-start=\"948\" data-end=\"982\">\n<p class=\"\" data-start=\"950\" data-end=\"982\">Erh\u00e4ltlich in Wei\u00df und Schwarz<\/p>\n<\/li>\n<li class=\"\" data-start=\"983\" data-end=\"1023\">\n<p class=\"\" data-start=\"985\" data-end=\"1023\">Verf\u00fcgbar in 7 m und 25 m Verpackung<\/p>\n<\/li>\n<\/ul>\n","protected":false},"excerpt":{"rendered":"<p>T-Nut-Profil, geeignet f\u00fcr Kunststoff- und Aluminium-Anwendungen, Fu\u00dfbreite 4,8 mmZugluft durch alte Dichtungsstreifen oder ein verzogenes Fenster oder eine T\u00fcr? Das ist nicht nur unangenehm, sondern auch unn\u00f6tig teuer und sch\u00e4dlich f\u00fcr die Umwelt. Q-Lon Polyurethan-Schaumdichtungen f\u00fcr den Einsatz an Fenstern und T\u00fcren bieten die besten thermischen Eigenschaften sowie gute schalld\u00e4mmende Merkmale in einem weiten Temperaturbereich. [&hellip;]<\/p>\n","protected":false},"featured_media":3733,"template":"","meta":{"_acf_changed":false},"product_brand":[],"product_cat":[224,234,227],"product_tag":[],"class_list":{"0":"post-6189","1":"product","2":"type-product","3":"status-publish","4":"has-post-thumbnail","6":"product_cat-tochtstrip-de","7":"product_cat-q-lon-kaderprofiel-de","8":"product_cat-kaderprofiel-voor-aluminium-toepassing-de","9":"pa_afdichtspleet-2-7-4-6-mm-de","10":"pa_groefbreedte-3-2-mm-de","11":"pa_groefdiepte-2-3-mm-de","12":"pa_kleur-wit-de","13":"pa_kleur-zwart-de","14":"pa_lengte-1200-m-de","15":"pa_lengte-25-m-de","16":"pa_lengte-7-m-de","17":"pa_t-groef-type-a-5-3-mm-de","19":"first","20":"instock","21":"taxable","22":"shipping-taxable","23":"purchasable","24":"product-type-variable","25":"has-default-attributes"},"acf":[],"_links":{"self":[{"href":"https:\/\/tochtstrippen.nl\/de\/wp-json\/wp\/v2\/product\/6189","targetHints":{"allow":["GET"]}}],"collection":[{"href":"https:\/\/tochtstrippen.nl\/de\/wp-json\/wp\/v2\/product"}],"about":[{"href":"https:\/\/tochtstrippen.nl\/de\/wp-json\/wp\/v2\/types\/product"}],"wp:featuredmedia":[{"embeddable":true,"href":"https:\/\/tochtstrippen.nl\/de\/wp-json\/wp\/v2\/media\/3733"}],"wp:attachment":[{"href":"https:\/\/tochtstrippen.nl\/de\/wp-json\/wp\/v2\/media?parent=6189"}],"wp:term":[{"taxonomy":"product_brand","embeddable":true,"href":"https:\/\/tochtstrippen.nl\/de\/wp-json\/wp\/v2\/product_brand?post=6189"},{"taxonomy":"product_cat","embeddable":true,"href":"https:\/\/tochtstrippen.nl\/de\/wp-json\/wp\/v2\/product_cat?post=6189"},{"taxonomy":"product_tag","embeddable":true,"href":"https:\/\/tochtstrippen.nl\/de\/wp-json\/wp\/v2\/product_tag?post=6189"}],"curies":[{"name":"wp","href":"https:\/\/api.w.org\/{rel}","templated":true}]}}