{"id":6222,"date":"2024-02-13T04:35:33","date_gmt":"2024-02-13T03:35:33","guid":{"rendered":"https:\/\/tochtstrippen.nl\/product\/ql3141\/"},"modified":"2026-03-23T11:01:29","modified_gmt":"2026-03-23T10:01:29","slug":"ql3141","status":"publish","type":"product","link":"https:\/\/tochtstrippen.nl\/de\/product\/ql3141\/","title":{"rendered":"Q-Lon 3141"},"content":{"rendered":"<p class=\"\" data-start=\"56\" data-end=\"233\"><strong data-start=\"56\" data-end=\"144\">Zugluft durch veraltete Dichtungsstreifen oder ein verzogenes Fenster oder eine T\u00fcr?<\/strong><br data-start=\"144\" data-end=\"147\" \/>Das ist nicht nur unangenehm, sondern auch unn\u00f6tig teuer und sch\u00e4dlich f\u00fcr die Umwelt.<\/p>\n<p class=\"\" data-start=\"235\" data-end=\"577\"><strong data-start=\"235\" data-end=\"273\">Q-Lon Polyurethan-Schaumdichtungen<\/strong> f\u00fcr Fenster- und T\u00fcranwendungen bieten die besten thermischen Eigenschaften und gute Schalld\u00e4mmung in einem weiten Temperaturbereich. Die sehr geringe Bedienkraft reduziert den Verschlei\u00df und sorgt f\u00fcr ein angenehmes Handling. Dar\u00fcber hinaus ist das R\u00fcckstellverm\u00f6gen der Q-Lon Dichtungen un\u00fcbertroffen.<\/p>\n<p class=\"\" data-start=\"579\" data-end=\"599\"><strong data-start=\"579\" data-end=\"599\">Einige Vorteile:<\/strong><\/p>\n<ul data-start=\"601\" data-end=\"905\">\n<li class=\"\" data-start=\"601\" data-end=\"685\">\n<p class=\"\" data-start=\"603\" data-end=\"685\">Geeigneter Wirkungsbereich \u2013 auch verzogene T\u00fcren werden zuverl\u00e4ssig abgedichtet<\/p>\n<\/li>\n<li class=\"\" data-start=\"686\" data-end=\"738\">\n<p class=\"\" data-start=\"688\" data-end=\"738\">Hohes R\u00fcckstellverm\u00f6gen f\u00fcr jahrelangen Gebrauch<\/p>\n<\/li>\n<li class=\"\" data-start=\"739\" data-end=\"783\">\n<p class=\"\" data-start=\"741\" data-end=\"783\">Nimmt keinen Schmutz und keine Farbe auf<\/p>\n<\/li>\n<li class=\"\" data-start=\"784\" data-end=\"812\">\n<p class=\"\" data-start=\"786\" data-end=\"812\">Besonders verschlei\u00dffest<\/p>\n<\/li>\n<li class=\"\" data-start=\"813\" data-end=\"863\">\n<p class=\"\" data-start=\"815\" data-end=\"863\">Unempfindlich gegen\u00fcber Temperaturschwankungen<\/p>\n<\/li>\n<li class=\"\" data-start=\"864\" data-end=\"905\">\n<p class=\"\" data-start=\"866\" data-end=\"905\">Erh\u00e4ltlich in 7 m und 25 m Verpackung<\/p>\n<\/li>\n<\/ul>\n","protected":false},"excerpt":{"rendered":"<p>Zugluft durch veraltete Dichtungsstreifen oder ein verzogenes Fenster oder eine T\u00fcr?Das ist nicht nur unangenehm, sondern auch unn\u00f6tig teuer und sch\u00e4dlich f\u00fcr die Umwelt. Q-Lon Polyurethan-Schaumdichtungen f\u00fcr Fenster- und T\u00fcranwendungen bieten die besten thermischen Eigenschaften und gute Schalld\u00e4mmung in einem weiten Temperaturbereich. Die sehr geringe Bedienkraft reduziert den Verschlei\u00df und sorgt f\u00fcr ein angenehmes Handling. [&hellip;]<\/p>\n","protected":false},"featured_media":3924,"template":"","meta":{"_acf_changed":false},"product_brand":[],"product_cat":[224,234,230],"product_tag":[],"class_list":{"0":"post-6222","1":"product","2":"type-product","3":"status-publish","4":"has-post-thumbnail","6":"product_cat-tochtstrip-de","7":"product_cat-q-lon-kaderprofiel-de","8":"product_cat-kaderprofiel-voor-houten-toepassing-de","9":"pa_afdichtspleet-4-0-6-5-mm-de","10":"pa_groefbreedte-2-7-3-2-mm-de","11":"pa_groefdiepte-5-5-mm-de","12":"pa_kleur-wit-de","13":"pa_kleur-zwart-de","14":"pa_lengte-25-m-de","15":"pa_lengte-500-m-de","16":"pa_lengte-7-m-de","18":"first","19":"instock","20":"taxable","21":"shipping-taxable","22":"purchasable","23":"product-type-variable","24":"has-default-attributes"},"acf":[],"_links":{"self":[{"href":"https:\/\/tochtstrippen.nl\/de\/wp-json\/wp\/v2\/product\/6222","targetHints":{"allow":["GET"]}}],"collection":[{"href":"https:\/\/tochtstrippen.nl\/de\/wp-json\/wp\/v2\/product"}],"about":[{"href":"https:\/\/tochtstrippen.nl\/de\/wp-json\/wp\/v2\/types\/product"}],"wp:featuredmedia":[{"embeddable":true,"href":"https:\/\/tochtstrippen.nl\/de\/wp-json\/wp\/v2\/media\/3924"}],"wp:attachment":[{"href":"https:\/\/tochtstrippen.nl\/de\/wp-json\/wp\/v2\/media?parent=6222"}],"wp:term":[{"taxonomy":"product_brand","embeddable":true,"href":"https:\/\/tochtstrippen.nl\/de\/wp-json\/wp\/v2\/product_brand?post=6222"},{"taxonomy":"product_cat","embeddable":true,"href":"https:\/\/tochtstrippen.nl\/de\/wp-json\/wp\/v2\/product_cat?post=6222"},{"taxonomy":"product_tag","embeddable":true,"href":"https:\/\/tochtstrippen.nl\/de\/wp-json\/wp\/v2\/product_tag?post=6222"}],"curies":[{"name":"wp","href":"https:\/\/api.w.org\/{rel}","templated":true}]}}