{"id":6226,"date":"2024-02-13T04:30:30","date_gmt":"2024-02-13T03:30:30","guid":{"rendered":"https:\/\/tochtstrippen.nl\/product\/ql3140\/"},"modified":"2026-03-23T11:01:28","modified_gmt":"2026-03-23T10:01:28","slug":"ql3140","status":"publish","type":"product","link":"https:\/\/tochtstrippen.nl\/de\/product\/ql3140\/","title":{"rendered":"Q-Lon 3140"},"content":{"rendered":"<p class=\"\" data-start=\"38\" data-end=\"579\">Leiden Sie unter Zugluft durch abgenutzte Dichtungen oder verzogene Fenster oder T\u00fcren? Das ist nicht nur unangenehm, sondern auch unn\u00f6tig teuer und schlecht f\u00fcr die Umwelt.<br data-start=\"213\" data-end=\"216\" \/>Q-Lon Polyurethan-Schaumdichtungen f\u00fcr den Einsatz an Fenstern und T\u00fcren. Q-Lon Dichtungen bieten die besten thermischen Eigenschaften mit guten schalld\u00e4mpfenden Merkmalen \u00fcber einen breiten Temperaturbereich. Der sehr geringe Bedienaufwand verringert den Verschlei\u00df und sorgt f\u00fcr ein komfortables Handling. Zudem ist die R\u00fcckstellkraft von Q-Lon un\u00fcbertroffen.<\/p>\n<p class=\"\" data-start=\"581\" data-end=\"599\">Einige Vorteile:<\/p>\n<ul data-start=\"600\" data-end=\"902\">\n<li class=\"\" data-start=\"600\" data-end=\"672\">\n<p class=\"\" data-start=\"602\" data-end=\"672\">Geeignetes Arbeitsbereich, sodass auch verzogene T\u00fcren gut abdichten<\/p>\n<\/li>\n<li class=\"\" data-start=\"673\" data-end=\"723\">\n<p class=\"\" data-start=\"675\" data-end=\"723\">Gro\u00dfes R\u00fcckstellverm\u00f6gen f\u00fcr jahrelange Freude<\/p>\n<\/li>\n<li class=\"\" data-start=\"724\" data-end=\"761\">\n<p class=\"\" data-start=\"726\" data-end=\"761\">Haftet nicht an Schmutz und Farbe<\/p>\n<\/li>\n<li class=\"\" data-start=\"762\" data-end=\"776\">\n<p class=\"\" data-start=\"764\" data-end=\"776\">Abriebfest<\/p>\n<\/li>\n<li class=\"\" data-start=\"777\" data-end=\"817\">\n<p class=\"\" data-start=\"779\" data-end=\"817\">Unempfindlich gegen\u00fcber Temperaturen<\/p>\n<\/li>\n<li class=\"\" data-start=\"818\" data-end=\"852\">\n<p class=\"\" data-start=\"820\" data-end=\"852\">Erh\u00e4ltlich in Wei\u00df und Schwarz<\/p>\n<\/li>\n<li class=\"\" data-start=\"853\" data-end=\"902\">\n<p class=\"\" data-start=\"855\" data-end=\"902\">Auch erh\u00e4ltlich in 7 m und 25 m Verpackungen.<\/p>\n<\/li>\n<\/ul>\n<p class=\"\" data-start=\"904\" data-end=\"979\">Dieses Produkt ist eine Alternative zum Deventer-Profil SP7015 und SV715.<\/p>\n","protected":false},"excerpt":{"rendered":"<p>Leiden Sie unter Zugluft durch abgenutzte Dichtungen oder verzogene Fenster oder T\u00fcren? Das ist nicht nur unangenehm, sondern auch unn\u00f6tig teuer und schlecht f\u00fcr die Umwelt.Q-Lon Polyurethan-Schaumdichtungen f\u00fcr den Einsatz an Fenstern und T\u00fcren. Q-Lon Dichtungen bieten die besten thermischen Eigenschaften mit guten schalld\u00e4mpfenden Merkmalen \u00fcber einen breiten Temperaturbereich. Der sehr geringe Bedienaufwand verringert den [&hellip;]<\/p>\n","protected":false},"featured_media":3920,"template":"","meta":{"_acf_changed":false},"product_brand":[],"product_cat":[224,234,230],"product_tag":[],"class_list":{"0":"post-6226","1":"product","2":"type-product","3":"status-publish","4":"has-post-thumbnail","6":"product_cat-tochtstrip-de","7":"product_cat-q-lon-kaderprofiel-de","8":"product_cat-kaderprofiel-voor-houten-toepassing-de","9":"pa_afdichtspleet-4-0-6-5-mm-de","10":"pa_groefbreedte-4-0-5-0-mm-de","11":"pa_groefdiepte-7-5-mm-de","12":"pa_kleur-wit-de","13":"pa_kleur-zwart-de","14":"pa_lengte-25-m-de","15":"pa_lengte-400-m-de","16":"pa_lengte-7-m-de","17":"pa_sponning-15-mm-de","19":"first","20":"instock","21":"taxable","22":"shipping-taxable","23":"purchasable","24":"product-type-variable","25":"has-default-attributes"},"acf":[],"_links":{"self":[{"href":"https:\/\/tochtstrippen.nl\/de\/wp-json\/wp\/v2\/product\/6226","targetHints":{"allow":["GET"]}}],"collection":[{"href":"https:\/\/tochtstrippen.nl\/de\/wp-json\/wp\/v2\/product"}],"about":[{"href":"https:\/\/tochtstrippen.nl\/de\/wp-json\/wp\/v2\/types\/product"}],"wp:featuredmedia":[{"embeddable":true,"href":"https:\/\/tochtstrippen.nl\/de\/wp-json\/wp\/v2\/media\/3920"}],"wp:attachment":[{"href":"https:\/\/tochtstrippen.nl\/de\/wp-json\/wp\/v2\/media?parent=6226"}],"wp:term":[{"taxonomy":"product_brand","embeddable":true,"href":"https:\/\/tochtstrippen.nl\/de\/wp-json\/wp\/v2\/product_brand?post=6226"},{"taxonomy":"product_cat","embeddable":true,"href":"https:\/\/tochtstrippen.nl\/de\/wp-json\/wp\/v2\/product_cat?post=6226"},{"taxonomy":"product_tag","embeddable":true,"href":"https:\/\/tochtstrippen.nl\/de\/wp-json\/wp\/v2\/product_tag?post=6226"}],"curies":[{"name":"wp","href":"https:\/\/api.w.org\/{rel}","templated":true}]}}