{"id":6233,"date":"2024-02-13T04:23:01","date_gmt":"2024-02-13T03:23:01","guid":{"rendered":"https:\/\/tochtstrippen.nl\/product\/ql3126\/"},"modified":"2026-03-23T11:01:29","modified_gmt":"2026-03-23T10:01:29","slug":"ql3126","status":"publish","type":"product","link":"https:\/\/tochtstrippen.nl\/de\/product\/ql3126\/","title":{"rendered":"Q-Lon 3126 zelfklevende tochtstrip"},"content":{"rendered":"<p class=\"\" data-start=\"38\" data-end=\"873\">Leiden Sie unter Zugluft durch abgenutzte Dichtungen oder verzogene Fenster oder T\u00fcren? Das ist nicht nur unangenehm, sondern auch unn\u00f6tig teuer und schlecht f\u00fcr die Umwelt.<br data-start=\"213\" data-end=\"216\" \/>Q-Lon ist eine wetterbest\u00e4ndige Dichtung aus PE-Folie, die mit PU-Schaum gef\u00fcllt ist und effizient alle Spalten abdichtet. Alte Aluminium-Dichtungen k\u00f6nnen schnell durch die selbstklebende Q-Lon Dichtung ersetzt werden. Diese Generation von Dichtungsprofilen besteht aus einem Ged\u00e4chtnisschaum, der immer in seine urspr\u00fcngliche Form zur\u00fcckkehrt. Die oberste Schicht besteht aus Polyethylen, das glatt und schmutzabweisend ist.<br data-start=\"642\" data-end=\"645\" \/>Die Schlegel Q-Lon Dichtung ist lackbest\u00e4ndig und selbstklebend, bei Bedarf kann an der Ecke ein kleiner Nagel angebracht werden.<br data-start=\"774\" data-end=\"777\" \/>Die Q-Lon selbstklebende Dichtung ist in verschiedenen Gr\u00f6\u00dfen f\u00fcr alle Anwendungen erh\u00e4ltlich.<\/p>\n<p class=\"\" data-start=\"875\" data-end=\"893\">Einige Vorteile:<\/p>\n<ul data-start=\"894\" data-end=\"1337\">\n<li class=\"\" data-start=\"894\" data-end=\"966\">\n<p class=\"\" data-start=\"896\" data-end=\"966\">Geeignetes Arbeitsbereich, sodass auch verzogene T\u00fcren gut abdichten<\/p>\n<\/li>\n<li class=\"\" data-start=\"967\" data-end=\"1017\">\n<p class=\"\" data-start=\"969\" data-end=\"1017\">Gro\u00dfes R\u00fcckstellverm\u00f6gen f\u00fcr jahrelange Freude<\/p>\n<\/li>\n<li class=\"\" data-start=\"1018\" data-end=\"1096\">\n<p class=\"\" data-start=\"1020\" data-end=\"1096\">Einfache und schnelle Montage: Schneiden und Kleben statt S\u00e4gen und Nageln<\/p>\n<\/li>\n<li class=\"\" data-start=\"1097\" data-end=\"1134\">\n<p class=\"\" data-start=\"1099\" data-end=\"1134\">Haftet nicht an Schmutz und Farbe<\/p>\n<\/li>\n<li class=\"\" data-start=\"1135\" data-end=\"1149\">\n<p class=\"\" data-start=\"1137\" data-end=\"1149\">Abriebfest<\/p>\n<\/li>\n<li class=\"\" data-start=\"1150\" data-end=\"1190\">\n<p class=\"\" data-start=\"1152\" data-end=\"1190\">Unempfindlich gegen\u00fcber Temperaturen<\/p>\n<\/li>\n<li class=\"\" data-start=\"1191\" data-end=\"1209\">\n<p class=\"\" data-start=\"1193\" data-end=\"1209\">Hohe Haftkraft<\/p>\n<\/li>\n<li class=\"\" data-start=\"1210\" data-end=\"1246\">\n<p class=\"\" data-start=\"1212\" data-end=\"1246\">Optimale Haftung nach 24 Stunden<\/p>\n<\/li>\n<li class=\"\" data-start=\"1247\" data-end=\"1287\">\n<p class=\"\" data-start=\"1249\" data-end=\"1287\">Erh\u00e4ltlich in Grau, Wei\u00df und Schwarz<\/p>\n<\/li>\n<li class=\"\" data-start=\"1288\" data-end=\"1337\">\n<p class=\"\" data-start=\"1290\" data-end=\"1337\">Auch erh\u00e4ltlich in 7 m und 25 m Verpackungen.<\/p>\n<\/li>\n<\/ul>\n","protected":false},"excerpt":{"rendered":"<p>Leiden Sie unter Zugluft durch abgenutzte Dichtungen oder verzogene Fenster oder T\u00fcren? Das ist nicht nur unangenehm, sondern auch unn\u00f6tig teuer und schlecht f\u00fcr die Umwelt.Q-Lon ist eine wetterbest\u00e4ndige Dichtung aus PE-Folie, die mit PU-Schaum gef\u00fcllt ist und effizient alle Spalten abdichtet. Alte Aluminium-Dichtungen k\u00f6nnen schnell durch die selbstklebende Q-Lon Dichtung ersetzt werden. Diese Generation [&hellip;]<\/p>\n","protected":false},"featured_media":4438,"template":"","meta":{"_acf_changed":false},"product_brand":[],"product_cat":[224,235],"product_tag":[],"class_list":{"0":"post-6233","1":"product","2":"type-product","3":"status-publish","4":"has-post-thumbnail","6":"product_cat-tochtstrip-de","7":"product_cat-zelfklevende-tochtstrippen-de","8":"pa_afdichtspleet-1-0-2-5-mm-de","9":"pa_breedte-10-0-mm-de","10":"pa_hoogte-3-0-mm-de","11":"pa_kleur-wit-de","12":"pa_kleur-zwart-de","13":"pa_lengte-1400-m-de","14":"pa_lengte-25-m-de","15":"pa_lengte-7-m-de","16":"pa_sponning-10-mm-de","18":"first","19":"instock","20":"taxable","21":"shipping-taxable","22":"purchasable","23":"product-type-variable","24":"has-default-attributes"},"acf":[],"_links":{"self":[{"href":"https:\/\/tochtstrippen.nl\/de\/wp-json\/wp\/v2\/product\/6233","targetHints":{"allow":["GET"]}}],"collection":[{"href":"https:\/\/tochtstrippen.nl\/de\/wp-json\/wp\/v2\/product"}],"about":[{"href":"https:\/\/tochtstrippen.nl\/de\/wp-json\/wp\/v2\/types\/product"}],"wp:featuredmedia":[{"embeddable":true,"href":"https:\/\/tochtstrippen.nl\/de\/wp-json\/wp\/v2\/media\/4438"}],"wp:attachment":[{"href":"https:\/\/tochtstrippen.nl\/de\/wp-json\/wp\/v2\/media?parent=6233"}],"wp:term":[{"taxonomy":"product_brand","embeddable":true,"href":"https:\/\/tochtstrippen.nl\/de\/wp-json\/wp\/v2\/product_brand?post=6233"},{"taxonomy":"product_cat","embeddable":true,"href":"https:\/\/tochtstrippen.nl\/de\/wp-json\/wp\/v2\/product_cat?post=6233"},{"taxonomy":"product_tag","embeddable":true,"href":"https:\/\/tochtstrippen.nl\/de\/wp-json\/wp\/v2\/product_tag?post=6233"}],"curies":[{"name":"wp","href":"https:\/\/api.w.org\/{rel}","templated":true}]}}