{"id":6240,"date":"2024-02-13T04:15:11","date_gmt":"2024-02-13T03:15:11","guid":{"rendered":"https:\/\/tochtstrippen.nl\/product\/ql3124\/"},"modified":"2026-03-23T11:01:29","modified_gmt":"2026-03-23T10:01:29","slug":"ql3124","status":"publish","type":"product","link":"https:\/\/tochtstrippen.nl\/de\/product\/ql3124\/","title":{"rendered":"Q-Lon 3124 zelfklevende tochtstrip"},"content":{"rendered":"<p class=\"\" data-start=\"109\" data-end=\"939\">Leiden Sie unter Zugluft durch abgenutzte Dichtungen oder verzogene Fenster oder T\u00fcren? Das ist nicht nur unangenehm, sondern auch unn\u00f6tig teuer und schlecht f\u00fcr die Umwelt.<br data-start=\"282\" data-end=\"285\" \/>Q-Lon ist eine wetterbest\u00e4ndige Dichtung aus PE-Folie, die mit PU-Schaum gef\u00fcllt ist und effizient alle Spalten abdichtet. Alte Aluminium-Dichtungen lassen sich schnell durch die selbstklebende Q-Lon Dichtung ersetzen. Diese Generation von Dichtungsprofilen besteht aus einem Ged\u00e4chtnisschaum, der immer in seine urspr\u00fcngliche Form zur\u00fcckkehrt. Die oberste Schicht besteht aus Polyethylen, das glatt und schmutzabweisend ist.<br data-start=\"710\" data-end=\"713\" \/>Die Schlegel Q-Lon Dichtung ist lackbest\u00e4ndig und selbstklebend, bei Bedarf kann an der Ecke ein kleiner Nagel angebracht werden.<br data-start=\"842\" data-end=\"845\" \/>Die Q-Lon selbstklebende Dichtung ist in verschiedenen Gr\u00f6\u00dfen f\u00fcr alle Anwendungen erh\u00e4ltlich.<\/p>\n<p class=\"\" data-start=\"941\" data-end=\"959\">Einige Vorteile:<\/p>\n<ul data-start=\"960\" data-end=\"1396\">\n<li class=\"\" data-start=\"960\" data-end=\"1032\">\n<p class=\"\" data-start=\"962\" data-end=\"1032\">Geeignetes Arbeitsbereich, sodass auch verzogene T\u00fcren gut abdichten<\/p>\n<\/li>\n<li class=\"\" data-start=\"1033\" data-end=\"1083\">\n<p class=\"\" data-start=\"1035\" data-end=\"1083\">Gro\u00dfes R\u00fcckstellverm\u00f6gen f\u00fcr jahrelange Freude<\/p>\n<\/li>\n<li class=\"\" data-start=\"1084\" data-end=\"1162\">\n<p class=\"\" data-start=\"1086\" data-end=\"1162\">Einfache und schnelle Montage: Schneiden und Kleben statt S\u00e4gen und Nageln<\/p>\n<\/li>\n<li class=\"\" data-start=\"1163\" data-end=\"1200\">\n<p class=\"\" data-start=\"1165\" data-end=\"1200\">Haftet nicht an Schmutz und Farbe<\/p>\n<\/li>\n<li class=\"\" data-start=\"1201\" data-end=\"1215\">\n<p class=\"\" data-start=\"1203\" data-end=\"1215\">Abriebfest<\/p>\n<\/li>\n<li class=\"\" data-start=\"1216\" data-end=\"1256\">\n<p class=\"\" data-start=\"1218\" data-end=\"1256\">Unempfindlich gegen\u00fcber Temperaturen<\/p>\n<\/li>\n<li class=\"\" data-start=\"1257\" data-end=\"1275\">\n<p class=\"\" data-start=\"1259\" data-end=\"1275\">Hohe Haftkraft<\/p>\n<\/li>\n<li class=\"\" data-start=\"1276\" data-end=\"1312\">\n<p class=\"\" data-start=\"1278\" data-end=\"1312\">Optimale Haftung nach 24 Stunden<\/p>\n<\/li>\n<li class=\"\" data-start=\"1313\" data-end=\"1347\">\n<p class=\"\" data-start=\"1315\" data-end=\"1347\">Erh\u00e4ltlich in Grau und Schwarz<\/p>\n<\/li>\n<li class=\"\" data-start=\"1348\" data-end=\"1396\">\n<p class=\"\" data-start=\"1350\" data-end=\"1396\">Auch erh\u00e4ltlich in 7 m und 25 m Verpackungen<\/p>\n<\/li>\n<\/ul>\n","protected":false},"excerpt":{"rendered":"<p>Leiden Sie unter Zugluft durch abgenutzte Dichtungen oder verzogene Fenster oder T\u00fcren? Das ist nicht nur unangenehm, sondern auch unn\u00f6tig teuer und schlecht f\u00fcr die Umwelt.Q-Lon ist eine wetterbest\u00e4ndige Dichtung aus PE-Folie, die mit PU-Schaum gef\u00fcllt ist und effizient alle Spalten abdichtet. Alte Aluminium-Dichtungen lassen sich schnell durch die selbstklebende Q-Lon Dichtung ersetzen. Diese Generation [&hellip;]<\/p>\n","protected":false},"featured_media":3908,"template":"","meta":{"_acf_changed":false},"product_brand":[],"product_cat":[224,235],"product_tag":[],"class_list":{"0":"post-6240","1":"product","2":"type-product","3":"status-publish","4":"has-post-thumbnail","6":"product_cat-tochtstrip-de","7":"product_cat-zelfklevende-tochtstrippen-de","8":"pa_afdichtspleet-2-5-3-5-mm-de","9":"pa_breedte-6-4-mm-de","10":"pa_hoogte-3-7-mm-de","11":"pa_kleur-zwart-de","12":"pa_lengte-2000-m-de","13":"pa_lengte-25-m-de","14":"pa_lengte-7-m-de","15":"pa_sponning-6-0-mm-de","17":"first","18":"instock","19":"taxable","20":"shipping-taxable","21":"purchasable","22":"product-type-variable","23":"has-default-attributes"},"acf":[],"_links":{"self":[{"href":"https:\/\/tochtstrippen.nl\/de\/wp-json\/wp\/v2\/product\/6240","targetHints":{"allow":["GET"]}}],"collection":[{"href":"https:\/\/tochtstrippen.nl\/de\/wp-json\/wp\/v2\/product"}],"about":[{"href":"https:\/\/tochtstrippen.nl\/de\/wp-json\/wp\/v2\/types\/product"}],"wp:featuredmedia":[{"embeddable":true,"href":"https:\/\/tochtstrippen.nl\/de\/wp-json\/wp\/v2\/media\/3908"}],"wp:attachment":[{"href":"https:\/\/tochtstrippen.nl\/de\/wp-json\/wp\/v2\/media?parent=6240"}],"wp:term":[{"taxonomy":"product_brand","embeddable":true,"href":"https:\/\/tochtstrippen.nl\/de\/wp-json\/wp\/v2\/product_brand?post=6240"},{"taxonomy":"product_cat","embeddable":true,"href":"https:\/\/tochtstrippen.nl\/de\/wp-json\/wp\/v2\/product_cat?post=6240"},{"taxonomy":"product_tag","embeddable":true,"href":"https:\/\/tochtstrippen.nl\/de\/wp-json\/wp\/v2\/product_tag?post=6240"}],"curies":[{"name":"wp","href":"https:\/\/api.w.org\/{rel}","templated":true}]}}