{"id":6244,"date":"2024-02-13T04:05:41","date_gmt":"2024-02-13T03:05:41","guid":{"rendered":"https:\/\/tochtstrippen.nl\/product\/ql3122\/"},"modified":"2026-03-23T11:01:29","modified_gmt":"2026-03-23T10:01:29","slug":"ql3122","status":"publish","type":"product","link":"https:\/\/tochtstrippen.nl\/de\/product\/ql3122\/","title":{"rendered":"Q-Lon 3122 zelfklevende tochtstrip"},"content":{"rendered":"<article class=\"text-token-text-primary w-full\" dir=\"auto\" data-testid=\"conversation-turn-104\" data-scroll-anchor=\"true\">\n<div class=\"text-base my-auto mx-auto py-5 [--thread-content-margin:--spacing(4)] @[37rem]:[--thread-content-margin:--spacing(6)] @[70rem]:[--thread-content-margin:--spacing(12)] px-(--thread-content-margin)\">\n<div class=\"[--thread-content-max-width:32rem] @[34rem]:[--thread-content-max-width:40rem] @[64rem]:[--thread-content-max-width:48rem] mx-auto flex max-w-(--thread-content-max-width) flex-1 text-base gap-4 md:gap-5 lg:gap-6 group\/turn-messages focus-visible:outline-hidden\" tabindex=\"-1\">\n<div class=\"group\/conversation-turn relative flex w-full min-w-0 flex-col agent-turn\">\n<div class=\"relative flex-col gap-1 md:gap-3\">\n<div class=\"flex max-w-full flex-col grow\">\n<div class=\"min-h-8 text-message relative flex w-full flex-col items-end gap-2 text-start break-words whitespace-normal [.text-message+&amp;]:mt-5\" dir=\"auto\" data-message-author-role=\"assistant\" data-message-id=\"bc6aa45a-201e-4629-8e12-4272ddd2e9e7\" data-message-model-slug=\"gpt-4o-mini\">\n<div class=\"flex w-full flex-col gap-1 empty:hidden first:pt-[3px]\">\n<div class=\"markdown prose dark:prose-invert w-full break-words dark\">\n<p class=\"\" data-start=\"90\" data-end=\"936\">Haben Sie Zugluft durch veraltete Dichtungen oder ein verzogenes Fenster oder eine verzogene T\u00fcr? Das ist nicht nur unangenehm, sondern auch unn\u00f6tig teuer und schlecht f\u00fcr die Umwelt. Q-Lon ist eine wetterbest\u00e4ndige Dichtung aus PE-Folie, die mit PU-Schaum gef\u00fcllt ist und effizient alle Ritzen abdichtet. Alte Aluminiumdichtungen k\u00f6nnen schnell durch die selbstklebende Q-Lon-Dichtung ersetzt werden. Diese Generation von Dichtungsprofilen besteht aus einem Memory-Schaum, der immer wieder in seine urspr\u00fcngliche Form zur\u00fcckkehrt, und die oberste Schicht besteht aus Polyethylen, das glatt und schmutzabweisend ist. Die Schlegel Q-Lon-Dichtung ist lackbest\u00e4ndig und selbstklebend, bei Bedarf kann in der Ecke ein kleiner Nagel angebracht werden. Die selbstklebende Q-Lon-Dichtung ist in verschiedenen Gr\u00f6\u00dfen f\u00fcr alle Ihre Anwendungen erh\u00e4ltlich.<\/p>\n<p class=\"\" data-start=\"938\" data-end=\"954\">Einige Vorteile:<\/p>\n<ul data-start=\"956\" data-end=\"1375\" data-is-last-node=\"\" data-is-only-node=\"\">\n<li class=\"\" data-start=\"956\" data-end=\"1027\">\n<p class=\"\" data-start=\"958\" data-end=\"1027\">Geeignetes Betriebsbereich, sodass auch verzogene T\u00fcren gut abdichten<\/p>\n<\/li>\n<li class=\"\" data-start=\"1028\" data-end=\"1085\">\n<p class=\"\" data-start=\"1030\" data-end=\"1085\">Hohe Wiederherstellungskapazit\u00e4t f\u00fcr jahrelangen Genuss<\/p>\n<\/li>\n<li class=\"\" data-start=\"1086\" data-end=\"1162\">\n<p class=\"\" data-start=\"1088\" data-end=\"1162\">Einfache und schnelle Montage: Schneiden und Kleben statt S\u00e4gen und N\u00e4geln<\/p>\n<\/li>\n<li class=\"\" data-start=\"1163\" data-end=\"1198\">\n<p class=\"\" data-start=\"1165\" data-end=\"1198\">Haftet nicht an Schmutz und Farbe<\/p>\n<\/li>\n<li class=\"\" data-start=\"1199\" data-end=\"1211\">\n<p class=\"\" data-start=\"1201\" data-end=\"1211\">Abriebfest<\/p>\n<\/li>\n<li class=\"\" data-start=\"1212\" data-end=\"1237\">\n<p class=\"\" data-start=\"1214\" data-end=\"1237\">Temperaturunempfindlich<\/p>\n<\/li>\n<li class=\"\" data-start=\"1238\" data-end=\"1254\">\n<p class=\"\" data-start=\"1240\" data-end=\"1254\">Hohe Haftkraft<\/p>\n<\/li>\n<li class=\"\" data-start=\"1255\" data-end=\"1289\">\n<p class=\"\" data-start=\"1257\" data-end=\"1289\">Optimale Haftung nach 24 Stunden<\/p>\n<\/li>\n<li class=\"\" data-start=\"1290\" data-end=\"1328\">\n<p class=\"\" data-start=\"1292\" data-end=\"1328\">Erh\u00e4ltlich in Grau, Wei\u00df und Schwarz<\/p>\n<\/li>\n<li class=\"\" data-start=\"1329\" data-end=\"1375\">\n<p class=\"\" data-start=\"1331\" data-end=\"1375\">Auch erh\u00e4ltlich in 7 m und 25 m Verpackungen<\/p>\n<\/li>\n<\/ul>\n<\/div>\n<\/div>\n<\/div>\n<\/div>\n<div class=\"flex justify-start\"><\/div>\n<div class=\"mt-3 w-full empty:hidden\">\n<div class=\"text-center\"><\/div>\n<\/div>\n<\/div>\n<div class=\"absolute\">\n<div class=\"flex items-center justify-center\"><\/div>\n<\/div>\n<\/div>\n<\/div>\n<\/div>\n<\/article>\n<div class=\"pointer-events-none h-px w-px\" aria-hidden=\"true\" data-edge=\"true\"><\/div>\n","protected":false},"excerpt":{"rendered":"<p>Haben Sie Zugluft durch veraltete Dichtungen oder ein verzogenes Fenster oder eine verzogene T\u00fcr? Das ist nicht nur unangenehm, sondern auch unn\u00f6tig teuer und schlecht f\u00fcr die Umwelt. Q-Lon ist eine wetterbest\u00e4ndige Dichtung aus PE-Folie, die mit PU-Schaum gef\u00fcllt ist und effizient alle Ritzen abdichtet. Alte Aluminiumdichtungen k\u00f6nnen schnell durch die selbstklebende Q-Lon-Dichtung ersetzt werden. [&hellip;]<\/p>\n","protected":false},"featured_media":4442,"template":"","meta":{"_acf_changed":false},"product_brand":[],"product_cat":[224,235],"product_tag":[],"class_list":{"0":"post-6244","1":"product","2":"type-product","3":"status-publish","4":"has-post-thumbnail","6":"product_cat-tochtstrip-de","7":"product_cat-zelfklevende-tochtstrippen-de","8":"pa_afdichtspleet-0-5-2-0-mm-de","9":"pa_breedte-7-0-mm-de","10":"pa_hoogte-2-2-mm-de","11":"pa_kleur-wit-de","12":"pa_kleur-zwart-de","13":"pa_lengte-25-m-de","14":"pa_lengte-400-m-de","15":"pa_lengte-7-m-de","16":"pa_sponning-7-0-mm-de","18":"first","19":"instock","20":"taxable","21":"shipping-taxable","22":"purchasable","23":"product-type-variable","24":"has-default-attributes"},"acf":[],"_links":{"self":[{"href":"https:\/\/tochtstrippen.nl\/de\/wp-json\/wp\/v2\/product\/6244","targetHints":{"allow":["GET"]}}],"collection":[{"href":"https:\/\/tochtstrippen.nl\/de\/wp-json\/wp\/v2\/product"}],"about":[{"href":"https:\/\/tochtstrippen.nl\/de\/wp-json\/wp\/v2\/types\/product"}],"wp:featuredmedia":[{"embeddable":true,"href":"https:\/\/tochtstrippen.nl\/de\/wp-json\/wp\/v2\/media\/4442"}],"wp:attachment":[{"href":"https:\/\/tochtstrippen.nl\/de\/wp-json\/wp\/v2\/media?parent=6244"}],"wp:term":[{"taxonomy":"product_brand","embeddable":true,"href":"https:\/\/tochtstrippen.nl\/de\/wp-json\/wp\/v2\/product_brand?post=6244"},{"taxonomy":"product_cat","embeddable":true,"href":"https:\/\/tochtstrippen.nl\/de\/wp-json\/wp\/v2\/product_cat?post=6244"},{"taxonomy":"product_tag","embeddable":true,"href":"https:\/\/tochtstrippen.nl\/de\/wp-json\/wp\/v2\/product_tag?post=6244"}],"curies":[{"name":"wp","href":"https:\/\/api.w.org\/{rel}","templated":true}]}}