{"id":6258,"date":"2024-02-13T03:06:47","date_gmt":"2024-02-13T02:06:47","guid":{"rendered":"https:\/\/tochtstrippen.nl\/product\/ql3118\/"},"modified":"2026-03-23T11:01:29","modified_gmt":"2026-03-23T10:01:29","slug":"ql3118","status":"publish","type":"product","link":"https:\/\/tochtstrippen.nl\/de\/product\/ql3118\/","title":{"rendered":"Q-Lon 3118"},"content":{"rendered":"<p class=\"\" data-start=\"37\" data-end=\"222\"><strong data-start=\"37\" data-end=\"222\">Haben Sie Zugluft durch veraltete Dichtungen oder ein verzogenes Fenster oder eine verzogene T\u00fcr? Das ist nicht nur unbequem, sondern auch unn\u00f6tig teuer und schlecht f\u00fcr die Umwelt.<\/strong><\/p>\n<p class=\"\" data-start=\"224\" data-end=\"593\">Q-Lon Polyurethan-Schaumdichtungen f\u00fcr den Einsatz an Fenstern und T\u00fcren bieten ausgezeichnete thermische Eigenschaften und gute schalld\u00e4mmende Merkmale \u00fcber ein breites Temperaturbereich. Die geringe Kompressionskraft minimiert Abnutzung und sorgt f\u00fcr benutzerfreundliche Handhabung. Zudem sorgt die unvergleichliche R\u00fcckfederung von Q-Lon f\u00fcr langanhaltende Leistung.<\/p>\n<p class=\"\" data-start=\"595\" data-end=\"613\"><strong data-start=\"595\" data-end=\"613\">Hauptvorteile:<\/strong><\/p>\n<ul data-start=\"614\" data-end=\"893\">\n<li class=\"\" data-start=\"614\" data-end=\"682\">\n<p class=\"\" data-start=\"616\" data-end=\"682\">Geeignetes Arbeitsbereich, das auch verzogene T\u00fcren gut abdichtet.<\/p>\n<\/li>\n<li class=\"\" data-start=\"683\" data-end=\"732\">\n<p class=\"\" data-start=\"685\" data-end=\"732\">Hohe R\u00fcckstellkraft f\u00fcr eine lange Lebensdauer.<\/p>\n<\/li>\n<li class=\"\" data-start=\"733\" data-end=\"770\">\n<p class=\"\" data-start=\"735\" data-end=\"770\">Zieht keinen Schmutz oder Farbe an.<\/p>\n<\/li>\n<li class=\"\" data-start=\"771\" data-end=\"784\">\n<p class=\"\" data-start=\"773\" data-end=\"784\">Abriebfest.<\/p>\n<\/li>\n<li class=\"\" data-start=\"785\" data-end=\"811\">\n<p class=\"\" data-start=\"787\" data-end=\"811\">Temperaturunempfindlich.<\/p>\n<\/li>\n<li class=\"\" data-start=\"812\" data-end=\"845\">\n<p class=\"\" data-start=\"814\" data-end=\"845\">Erh\u00e4ltlich in Wei\u00df und Schwarz.<\/p>\n<\/li>\n<li class=\"\" data-start=\"846\" data-end=\"893\">\n<p class=\"\" data-start=\"848\" data-end=\"893\">Auch erh\u00e4ltlich in 7 m und 25 m Verpackungen.<\/p>\n<\/li>\n<\/ul>\n","protected":false},"excerpt":{"rendered":"<p>Haben Sie Zugluft durch veraltete Dichtungen oder ein verzogenes Fenster oder eine verzogene T\u00fcr? Das ist nicht nur unbequem, sondern auch unn\u00f6tig teuer und schlecht f\u00fcr die Umwelt. Q-Lon Polyurethan-Schaumdichtungen f\u00fcr den Einsatz an Fenstern und T\u00fcren bieten ausgezeichnete thermische Eigenschaften und gute schalld\u00e4mmende Merkmale \u00fcber ein breites Temperaturbereich. Die geringe Kompressionskraft minimiert Abnutzung und [&hellip;]<\/p>\n","protected":false},"featured_media":3896,"template":"","meta":{"_acf_changed":false},"product_brand":[],"product_cat":[224,234,230],"product_tag":[],"class_list":{"0":"post-6258","1":"product","2":"type-product","3":"status-publish","4":"has-post-thumbnail","6":"product_cat-tochtstrip-de","7":"product_cat-q-lon-kaderprofiel-de","8":"product_cat-kaderprofiel-voor-houten-toepassing-de","9":"pa_afdichtspleet-3-0-7-5-mm-de","10":"pa_groefbreedte-3-0-3-3-mm-de","11":"pa_groefdiepte-7-0-mm-de","12":"pa_kleur-wit-de","13":"pa_kleur-zwart-de","14":"pa_lengte-25-m-de","15":"pa_lengte-600-m-de","16":"pa_lengte-7-m-de","17":"pa_sponning-9-0-mm-de","19":"first","20":"instock","21":"taxable","22":"shipping-taxable","23":"purchasable","24":"product-type-variable","25":"has-default-attributes"},"acf":[],"_links":{"self":[{"href":"https:\/\/tochtstrippen.nl\/de\/wp-json\/wp\/v2\/product\/6258","targetHints":{"allow":["GET"]}}],"collection":[{"href":"https:\/\/tochtstrippen.nl\/de\/wp-json\/wp\/v2\/product"}],"about":[{"href":"https:\/\/tochtstrippen.nl\/de\/wp-json\/wp\/v2\/types\/product"}],"wp:featuredmedia":[{"embeddable":true,"href":"https:\/\/tochtstrippen.nl\/de\/wp-json\/wp\/v2\/media\/3896"}],"wp:attachment":[{"href":"https:\/\/tochtstrippen.nl\/de\/wp-json\/wp\/v2\/media?parent=6258"}],"wp:term":[{"taxonomy":"product_brand","embeddable":true,"href":"https:\/\/tochtstrippen.nl\/de\/wp-json\/wp\/v2\/product_brand?post=6258"},{"taxonomy":"product_cat","embeddable":true,"href":"https:\/\/tochtstrippen.nl\/de\/wp-json\/wp\/v2\/product_cat?post=6258"},{"taxonomy":"product_tag","embeddable":true,"href":"https:\/\/tochtstrippen.nl\/de\/wp-json\/wp\/v2\/product_tag?post=6258"}],"curies":[{"name":"wp","href":"https:\/\/api.w.org\/{rel}","templated":true}]}}