{"id":6279,"date":"2024-02-13T02:39:22","date_gmt":"2024-02-13T01:39:22","guid":{"rendered":"https:\/\/tochtstrippen.nl\/product\/ql3113\/"},"modified":"2026-03-23T11:01:29","modified_gmt":"2026-03-23T10:01:29","slug":"ql3113","status":"publish","type":"product","link":"https:\/\/tochtstrippen.nl\/de\/product\/ql3113\/","title":{"rendered":"Q-Lon 3113"},"content":{"rendered":"<p class=\"\" data-start=\"0\" data-end=\"164\">Zugluft durch veraltete Dichtungsstreifen oder verzogene Fenster oder T\u00fcren? Das ist nicht nur unangenehm, sondern auch unn\u00f6tig teuer und schlecht f\u00fcr die Umwelt.<\/p>\n<p class=\"\" data-start=\"166\" data-end=\"548\">Q-Lon Polyurethan-Schaumdichtungen zur Anwendung an Fenstern und T\u00fcren bieten die besten thermischen Eigenschaften in Kombination mit hervorragender Schalld\u00e4mmung \u00fcber einen weiten Temperaturbereich. Die sehr geringe Bedienkraft reduziert Verschlei\u00dferscheinungen und sorgt f\u00fcr eine komfortable Handhabung. Dar\u00fcber hinaus ist das R\u00fcckstellverm\u00f6gen der Q-Lon-Dichtung un\u00fcbertroffen.<\/p>\n<p class=\"\" data-start=\"550\" data-end=\"566\">Einige Vorteile:<\/p>\n<ul data-start=\"568\" data-end=\"889\">\n<li class=\"\" data-start=\"568\" data-end=\"647\">\n<p class=\"\" data-start=\"570\" data-end=\"647\">Geeigneter Wirkbereich, wodurch auch verzogene T\u00fcren gut abgedichtet werden<\/p>\n<\/li>\n<li class=\"\" data-start=\"648\" data-end=\"698\">\n<p class=\"\" data-start=\"650\" data-end=\"698\">Hohes R\u00fcckstellverm\u00f6gen f\u00fcr jahrelange Nutzung<\/p>\n<\/li>\n<li class=\"\" data-start=\"699\" data-end=\"738\">\n<p class=\"\" data-start=\"701\" data-end=\"738\">Nimmt keinen Schmutz oder Farbe auf<\/p>\n<\/li>\n<li class=\"\" data-start=\"739\" data-end=\"757\">\n<p class=\"\" data-start=\"741\" data-end=\"757\">Verschlei\u00dffest<\/p>\n<\/li>\n<li class=\"\" data-start=\"758\" data-end=\"808\">\n<p class=\"\" data-start=\"760\" data-end=\"808\">Unempfindlich gegen\u00fcber Temperaturschwankungen<\/p>\n<\/li>\n<li class=\"\" data-start=\"809\" data-end=\"843\">\n<p class=\"\" data-start=\"811\" data-end=\"843\">Erh\u00e4ltlich in Wei\u00df und Schwarz<\/p>\n<\/li>\n<li class=\"\" data-start=\"844\" data-end=\"889\">\n<p class=\"\" data-start=\"846\" data-end=\"889\">Auch verf\u00fcgbar in 7 m und 25 m Verpackung<\/p>\n<\/li>\n<\/ul>\n","protected":false},"excerpt":{"rendered":"<p>Zugluft durch veraltete Dichtungsstreifen oder verzogene Fenster oder T\u00fcren? Das ist nicht nur unangenehm, sondern auch unn\u00f6tig teuer und schlecht f\u00fcr die Umwelt. Q-Lon Polyurethan-Schaumdichtungen zur Anwendung an Fenstern und T\u00fcren bieten die besten thermischen Eigenschaften in Kombination mit hervorragender Schalld\u00e4mmung \u00fcber einen weiten Temperaturbereich. Die sehr geringe Bedienkraft reduziert Verschlei\u00dferscheinungen und sorgt f\u00fcr eine [&hellip;]<\/p>\n","protected":false},"featured_media":3884,"template":"","meta":{"_acf_changed":false},"product_brand":[],"product_cat":[224,234,228],"product_tag":[],"class_list":{"0":"post-6279","1":"product","2":"type-product","3":"status-publish","4":"has-post-thumbnail","6":"product_cat-tochtstrip-de","7":"product_cat-q-lon-kaderprofiel-de","8":"product_cat-kaderprofiel-voor-binnendeuren-toepassing-de","9":"pa_groefbreedte-3-5-4-0-mm-de","10":"pa_groefdiepte-7-0-mm-de","11":"pa_kleur-wit-de","12":"pa_kleur-zwart-de","13":"pa_lengte-25-m-de","14":"pa_lengte-400-m-de","15":"pa_lengte-7-m-de","16":"pa_sponning-12-mm-de","18":"first","19":"instock","20":"taxable","21":"shipping-taxable","22":"purchasable","23":"product-type-variable","24":"has-default-attributes"},"acf":[],"_links":{"self":[{"href":"https:\/\/tochtstrippen.nl\/de\/wp-json\/wp\/v2\/product\/6279","targetHints":{"allow":["GET"]}}],"collection":[{"href":"https:\/\/tochtstrippen.nl\/de\/wp-json\/wp\/v2\/product"}],"about":[{"href":"https:\/\/tochtstrippen.nl\/de\/wp-json\/wp\/v2\/types\/product"}],"wp:featuredmedia":[{"embeddable":true,"href":"https:\/\/tochtstrippen.nl\/de\/wp-json\/wp\/v2\/media\/3884"}],"wp:attachment":[{"href":"https:\/\/tochtstrippen.nl\/de\/wp-json\/wp\/v2\/media?parent=6279"}],"wp:term":[{"taxonomy":"product_brand","embeddable":true,"href":"https:\/\/tochtstrippen.nl\/de\/wp-json\/wp\/v2\/product_brand?post=6279"},{"taxonomy":"product_cat","embeddable":true,"href":"https:\/\/tochtstrippen.nl\/de\/wp-json\/wp\/v2\/product_cat?post=6279"},{"taxonomy":"product_tag","embeddable":true,"href":"https:\/\/tochtstrippen.nl\/de\/wp-json\/wp\/v2\/product_tag?post=6279"}],"curies":[{"name":"wp","href":"https:\/\/api.w.org\/{rel}","templated":true}]}}