{"id":6286,"date":"2024-02-13T02:31:03","date_gmt":"2024-02-13T01:31:03","guid":{"rendered":"https:\/\/tochtstrippen.nl\/product\/ql3110\/"},"modified":"2026-03-23T11:01:29","modified_gmt":"2026-03-23T10:01:29","slug":"ql3110","status":"publish","type":"product","link":"https:\/\/tochtstrippen.nl\/de\/product\/ql3110\/","title":{"rendered":"Q-Lon 3110"},"content":{"rendered":"<p class=\"\" data-start=\"0\" data-end=\"172\">Zugluft durch veraltete Dichtungsstreifen oder ein verzogenes Fenster oder eine T\u00fcr? Das ist nicht nur unangenehm, sondern auch unn\u00f6tig teuer und schlecht f\u00fcr die Umwelt.<\/p>\n<p class=\"\" data-start=\"174\" data-end=\"549\">Q-Lon Polyurethan-Schaumdichtungen zur Anwendung an Fenstern und T\u00fcren bieten hervorragende thermische Eigenschaften und eine gute Schalld\u00e4mmung \u00fcber einen weiten Temperaturbereich. Die sehr geringe Bedienkraft reduziert Verschlei\u00dferscheinungen und sorgt f\u00fcr hohen Bedienkomfort. Hinzu kommt das au\u00dfergew\u00f6hnliche R\u00fcckstellverm\u00f6gen der Q-Lon-Dichtung \u2013 es ist un\u00fcbertroffen.<\/p>\n<p class=\"\" data-start=\"551\" data-end=\"567\">Einige Vorteile:<\/p>\n<ul data-start=\"569\" data-end=\"844\">\n<li class=\"\" data-start=\"569\" data-end=\"646\">\n<p class=\"\" data-start=\"571\" data-end=\"646\">Geeigneter Wirkbereich, sodass auch verzogene T\u00fcren zuverl\u00e4ssig abdichten<\/p>\n<\/li>\n<li class=\"\" data-start=\"647\" data-end=\"699\">\n<p class=\"\" data-start=\"649\" data-end=\"699\">Hohes R\u00fcckstellverm\u00f6gen f\u00fcr jahrelangen Gebrauch<\/p>\n<\/li>\n<li class=\"\" data-start=\"700\" data-end=\"739\">\n<p class=\"\" data-start=\"702\" data-end=\"739\">Nimmt keinen Schmutz oder Farbe auf<\/p>\n<\/li>\n<li class=\"\" data-start=\"740\" data-end=\"758\">\n<p class=\"\" data-start=\"742\" data-end=\"758\">Verschlei\u00dffest<\/p>\n<\/li>\n<li class=\"\" data-start=\"759\" data-end=\"809\">\n<p class=\"\" data-start=\"761\" data-end=\"809\">Unempfindlich gegen\u00fcber Temperaturschwankungen<\/p>\n<\/li>\n<li class=\"\" data-start=\"810\" data-end=\"844\">\n<p class=\"\" data-start=\"812\" data-end=\"844\">Erh\u00e4ltlich in Wei\u00df und Schwarz<\/p>\n<\/li>\n<\/ul>\n<p class=\"\" data-start=\"846\" data-end=\"908\">Dieses Produkt ist eine Alternative zum Deventer-Profil S7210.<\/p>\n","protected":false},"excerpt":{"rendered":"<p>Zugluft durch veraltete Dichtungsstreifen oder ein verzogenes Fenster oder eine T\u00fcr? Das ist nicht nur unangenehm, sondern auch unn\u00f6tig teuer und schlecht f\u00fcr die Umwelt. Q-Lon Polyurethan-Schaumdichtungen zur Anwendung an Fenstern und T\u00fcren bieten hervorragende thermische Eigenschaften und eine gute Schalld\u00e4mmung \u00fcber einen weiten Temperaturbereich. Die sehr geringe Bedienkraft reduziert Verschlei\u00dferscheinungen und sorgt f\u00fcr hohen [&hellip;]<\/p>\n","protected":false},"featured_media":3872,"template":"","meta":{"_acf_changed":false},"product_brand":[],"product_cat":[224,234,228],"product_tag":[],"class_list":{"0":"post-6286","1":"product","2":"type-product","3":"status-publish","4":"has-post-thumbnail","6":"product_cat-tochtstrip-de","7":"product_cat-q-lon-kaderprofiel-de","8":"product_cat-kaderprofiel-voor-binnendeuren-toepassing-de","9":"pa_afdichtspleet-3-5-4-0-mm-de","10":"pa_groefbreedte-3-5-4-0-mm-de","11":"pa_groefdiepte-6-5-mm-de","12":"pa_kleur-wit-de","13":"pa_kleur-zwart-de","14":"pa_lengte-25-m-de","15":"pa_lengte-300-m-de","16":"pa_sponning-12-mm-de","18":"first","19":"instock","20":"taxable","21":"shipping-taxable","22":"purchasable","23":"product-type-variable","24":"has-default-attributes"},"acf":[],"_links":{"self":[{"href":"https:\/\/tochtstrippen.nl\/de\/wp-json\/wp\/v2\/product\/6286","targetHints":{"allow":["GET"]}}],"collection":[{"href":"https:\/\/tochtstrippen.nl\/de\/wp-json\/wp\/v2\/product"}],"about":[{"href":"https:\/\/tochtstrippen.nl\/de\/wp-json\/wp\/v2\/types\/product"}],"wp:featuredmedia":[{"embeddable":true,"href":"https:\/\/tochtstrippen.nl\/de\/wp-json\/wp\/v2\/media\/3872"}],"wp:attachment":[{"href":"https:\/\/tochtstrippen.nl\/de\/wp-json\/wp\/v2\/media?parent=6286"}],"wp:term":[{"taxonomy":"product_brand","embeddable":true,"href":"https:\/\/tochtstrippen.nl\/de\/wp-json\/wp\/v2\/product_brand?post=6286"},{"taxonomy":"product_cat","embeddable":true,"href":"https:\/\/tochtstrippen.nl\/de\/wp-json\/wp\/v2\/product_cat?post=6286"},{"taxonomy":"product_tag","embeddable":true,"href":"https:\/\/tochtstrippen.nl\/de\/wp-json\/wp\/v2\/product_tag?post=6286"}],"curies":[{"name":"wp","href":"https:\/\/api.w.org\/{rel}","templated":true}]}}