{"id":6291,"date":"2024-02-12T18:01:05","date_gmt":"2024-02-12T17:01:05","guid":{"rendered":"https:\/\/tochtstrippen.nl\/product\/ql3106\/"},"modified":"2026-03-23T11:01:28","modified_gmt":"2026-03-23T10:01:28","slug":"ql3106","status":"publish","type":"product","link":"https:\/\/tochtstrippen.nl\/de\/product\/ql3106\/","title":{"rendered":"Q-Lon 3106"},"content":{"rendered":"<p class=\"\" data-start=\"0\" data-end=\"173\">Zugluft durch veraltete Dichtungsstreifen oder ein verzogenes Fenster oder eine T\u00fcr? Das ist nicht nur unangenehm, sondern auch unn\u00f6tig teuer und sch\u00e4dlich f\u00fcr die Umwelt.<\/p>\n<p class=\"\" data-start=\"175\" data-end=\"530\">Q-Lon Polyurethan-Schaumdichtungen zur Anwendung an Fenstern und T\u00fcren bieten beste thermische Leistungen und gute schalld\u00e4mmende Eigenschaften \u00fcber einen breiten Temperaturbereich. Die sehr geringe Bedienkraft reduziert Abnutzungserscheinungen und sorgt f\u00fcr eine komfortable Handhabung. Zudem ist das R\u00fcckstellverm\u00f6gen der Q-Lon-Dichtung un\u00fcbertroffen.<\/p>\n<p class=\"\" data-start=\"532\" data-end=\"548\">Einige Vorteile:<\/p>\n<ul data-start=\"550\" data-end=\"877\">\n<li class=\"\" data-start=\"550\" data-end=\"633\">\n<p class=\"\" data-start=\"552\" data-end=\"633\">Geeigneter Wirkbereich \u2013 auch verzogene T\u00fcren lassen sich zuverl\u00e4ssig abdichten<\/p>\n<\/li>\n<li class=\"\" data-start=\"634\" data-end=\"683\">\n<p class=\"\" data-start=\"636\" data-end=\"683\">Hohes R\u00fcckstellverm\u00f6gen f\u00fcr jahrelange Freude<\/p>\n<\/li>\n<li class=\"\" data-start=\"684\" data-end=\"723\">\n<p class=\"\" data-start=\"686\" data-end=\"723\">Nimmt keinen Schmutz oder Farbe auf<\/p>\n<\/li>\n<li class=\"\" data-start=\"724\" data-end=\"742\">\n<p class=\"\" data-start=\"726\" data-end=\"742\">Verschlei\u00dffest<\/p>\n<\/li>\n<li class=\"\" data-start=\"743\" data-end=\"793\">\n<p class=\"\" data-start=\"745\" data-end=\"793\">Unempfindlich gegen\u00fcber Temperaturschwankungen<\/p>\n<\/li>\n<li class=\"\" data-start=\"794\" data-end=\"828\">\n<p class=\"\" data-start=\"796\" data-end=\"828\">Erh\u00e4ltlich in Wei\u00df und Schwarz<\/p>\n<\/li>\n<li class=\"\" data-start=\"829\" data-end=\"877\">\n<p class=\"\" data-start=\"831\" data-end=\"877\">Auch verf\u00fcgbar in 7-m- und 25-m-Verpackungen<\/p>\n<\/li>\n<\/ul>\n<p class=\"\" data-start=\"879\" data-end=\"964\">Dieses Produkt ist eine Alternative zu den Deventer-Profilen S6577, SP6615 und S6699.<\/p>\n","protected":false},"excerpt":{"rendered":"<p>Zugluft durch veraltete Dichtungsstreifen oder ein verzogenes Fenster oder eine T\u00fcr? Das ist nicht nur unangenehm, sondern auch unn\u00f6tig teuer und sch\u00e4dlich f\u00fcr die Umwelt. Q-Lon Polyurethan-Schaumdichtungen zur Anwendung an Fenstern und T\u00fcren bieten beste thermische Leistungen und gute schalld\u00e4mmende Eigenschaften \u00fcber einen breiten Temperaturbereich. Die sehr geringe Bedienkraft reduziert Abnutzungserscheinungen und sorgt f\u00fcr eine [&hellip;]<\/p>\n","protected":false},"featured_media":3992,"template":"","meta":{"_acf_changed":false},"product_brand":[],"product_cat":[224,234,228],"product_tag":[],"class_list":{"0":"post-6291","1":"product","2":"type-product","3":"status-publish","4":"has-post-thumbnail","6":"product_cat-tochtstrip-de","7":"product_cat-q-lon-kaderprofiel-de","8":"product_cat-kaderprofiel-voor-binnendeuren-toepassing-de","9":"pa_afdichtspleet-3-0-5-0-mm-de","10":"pa_groefbreedte-3-5-4-0-mm-de","11":"pa_groefdiepte-6-5-mm-de","12":"pa_kleur-wit-de","13":"pa_kleur-zwart-de","14":"pa_lengte-25-m-de","15":"pa_lengte-500-m-de","16":"pa_lengte-7-m-de","17":"pa_sponning-12-mm-de","19":"first","20":"instock","21":"taxable","22":"shipping-taxable","23":"purchasable","24":"product-type-variable","25":"has-default-attributes"},"acf":[],"_links":{"self":[{"href":"https:\/\/tochtstrippen.nl\/de\/wp-json\/wp\/v2\/product\/6291","targetHints":{"allow":["GET"]}}],"collection":[{"href":"https:\/\/tochtstrippen.nl\/de\/wp-json\/wp\/v2\/product"}],"about":[{"href":"https:\/\/tochtstrippen.nl\/de\/wp-json\/wp\/v2\/types\/product"}],"wp:featuredmedia":[{"embeddable":true,"href":"https:\/\/tochtstrippen.nl\/de\/wp-json\/wp\/v2\/media\/3992"}],"wp:attachment":[{"href":"https:\/\/tochtstrippen.nl\/de\/wp-json\/wp\/v2\/media?parent=6291"}],"wp:term":[{"taxonomy":"product_brand","embeddable":true,"href":"https:\/\/tochtstrippen.nl\/de\/wp-json\/wp\/v2\/product_brand?post=6291"},{"taxonomy":"product_cat","embeddable":true,"href":"https:\/\/tochtstrippen.nl\/de\/wp-json\/wp\/v2\/product_cat?post=6291"},{"taxonomy":"product_tag","embeddable":true,"href":"https:\/\/tochtstrippen.nl\/de\/wp-json\/wp\/v2\/product_tag?post=6291"}],"curies":[{"name":"wp","href":"https:\/\/api.w.org\/{rel}","templated":true}]}}