{"id":6298,"date":"2024-02-12T17:56:43","date_gmt":"2024-02-12T16:56:43","guid":{"rendered":"https:\/\/tochtstrippen.nl\/product\/ql3097\/"},"modified":"2026-03-23T11:01:29","modified_gmt":"2026-03-23T10:01:29","slug":"ql3097","status":"publish","type":"product","link":"https:\/\/tochtstrippen.nl\/de\/product\/ql3097\/","title":{"rendered":"Q-Lon 3097"},"content":{"rendered":"<p class=\"\" data-start=\"0\" data-end=\"164\">Zugluft durch veraltete Dichtungsstreifen oder ein verzogenes Fenster oder eine T\u00fcr? Das ist nicht nur unangenehm, sondern auch unn\u00f6tig teuer und umweltsch\u00e4dlich.<\/p>\n<p class=\"\" data-start=\"166\" data-end=\"528\">Q-Lon Polyurethan-Schaumdichtungen f\u00fcr den Einsatz an Fenstern und T\u00fcren bieten herausragende thermische Eigenschaften sowie eine gute Schalld\u00e4mmung \u00fcber einen weiten Temperaturbereich. Die sehr geringe Bedienkraft minimiert Abnutzungserscheinungen und sorgt f\u00fcr eine komfortable Handhabung. Hinzu kommt das un\u00fcbertroffene R\u00fcckstellverm\u00f6gen der Q-Lon-Dichtung.<\/p>\n<p class=\"\" data-start=\"530\" data-end=\"546\">Einige Vorteile:<\/p>\n<ul data-start=\"548\" data-end=\"882\">\n<li class=\"\" data-start=\"548\" data-end=\"631\">\n<p class=\"\" data-start=\"550\" data-end=\"631\">Geeigneter Wirkbereich \u2013 auch verzogene T\u00fcren lassen sich zuverl\u00e4ssig abdichten<\/p>\n<\/li>\n<li class=\"\" data-start=\"632\" data-end=\"687\">\n<p class=\"\" data-start=\"634\" data-end=\"687\">Hohes R\u00fcckstellverm\u00f6gen f\u00fcr langanhaltende Leistung<\/p>\n<\/li>\n<li class=\"\" data-start=\"688\" data-end=\"727\">\n<p class=\"\" data-start=\"690\" data-end=\"727\">Nimmt keinen Schmutz oder Farbe auf<\/p>\n<\/li>\n<li class=\"\" data-start=\"728\" data-end=\"746\">\n<p class=\"\" data-start=\"730\" data-end=\"746\">Verschlei\u00dffest<\/p>\n<\/li>\n<li class=\"\" data-start=\"747\" data-end=\"797\">\n<p class=\"\" data-start=\"749\" data-end=\"797\">Unempfindlich gegen\u00fcber Temperaturschwankungen<\/p>\n<\/li>\n<li class=\"\" data-start=\"798\" data-end=\"832\">\n<p class=\"\" data-start=\"800\" data-end=\"832\">Erh\u00e4ltlich in Wei\u00df und Schwarz<\/p>\n<\/li>\n<li class=\"\" data-start=\"833\" data-end=\"882\">\n<p class=\"\" data-start=\"835\" data-end=\"882\">Auch erh\u00e4ltlich in 7-m- und 25-m-Verpackungen<\/p>\n<\/li>\n<\/ul>\n<p class=\"\" data-start=\"884\" data-end=\"946\">Dieses Produkt ist eine Alternative zum Deventer-Profil S5151.<\/p>\n","protected":false},"excerpt":{"rendered":"<p>Zugluft durch veraltete Dichtungsstreifen oder ein verzogenes Fenster oder eine T\u00fcr? Das ist nicht nur unangenehm, sondern auch unn\u00f6tig teuer und umweltsch\u00e4dlich. Q-Lon Polyurethan-Schaumdichtungen f\u00fcr den Einsatz an Fenstern und T\u00fcren bieten herausragende thermische Eigenschaften sowie eine gute Schalld\u00e4mmung \u00fcber einen weiten Temperaturbereich. Die sehr geringe Bedienkraft minimiert Abnutzungserscheinungen und sorgt f\u00fcr eine komfortable Handhabung. [&hellip;]<\/p>\n","protected":false},"featured_media":3980,"template":"","meta":{"_acf_changed":false},"product_brand":[],"product_cat":[224,234,230],"product_tag":[],"class_list":{"0":"post-6298","1":"product","2":"type-product","3":"status-publish","4":"has-post-thumbnail","6":"product_cat-tochtstrip-de","7":"product_cat-q-lon-kaderprofiel-de","8":"product_cat-kaderprofiel-voor-houten-toepassing-de","9":"pa_afdichtspleet-3-5-6-0-mm-de","10":"pa_groefbreedte-4-0-5-0-mm-de","11":"pa_groefdiepte-7-5-mm-de","12":"pa_kleur-wit-de","13":"pa_kleur-zwart-de","14":"pa_lengte-25-m-de","15":"pa_lengte-300-m-de","16":"pa_lengte-7-m-de","17":"pa_sponning-18-mm-de","19":"first","20":"instock","21":"taxable","22":"shipping-taxable","23":"purchasable","24":"product-type-variable","25":"has-default-attributes"},"acf":[],"_links":{"self":[{"href":"https:\/\/tochtstrippen.nl\/de\/wp-json\/wp\/v2\/product\/6298","targetHints":{"allow":["GET"]}}],"collection":[{"href":"https:\/\/tochtstrippen.nl\/de\/wp-json\/wp\/v2\/product"}],"about":[{"href":"https:\/\/tochtstrippen.nl\/de\/wp-json\/wp\/v2\/types\/product"}],"wp:featuredmedia":[{"embeddable":true,"href":"https:\/\/tochtstrippen.nl\/de\/wp-json\/wp\/v2\/media\/3980"}],"wp:attachment":[{"href":"https:\/\/tochtstrippen.nl\/de\/wp-json\/wp\/v2\/media?parent=6298"}],"wp:term":[{"taxonomy":"product_brand","embeddable":true,"href":"https:\/\/tochtstrippen.nl\/de\/wp-json\/wp\/v2\/product_brand?post=6298"},{"taxonomy":"product_cat","embeddable":true,"href":"https:\/\/tochtstrippen.nl\/de\/wp-json\/wp\/v2\/product_cat?post=6298"},{"taxonomy":"product_tag","embeddable":true,"href":"https:\/\/tochtstrippen.nl\/de\/wp-json\/wp\/v2\/product_tag?post=6298"}],"curies":[{"name":"wp","href":"https:\/\/api.w.org\/{rel}","templated":true}]}}