{"id":6312,"date":"2024-02-12T12:21:40","date_gmt":"2024-02-12T11:21:40","guid":{"rendered":"https:\/\/tochtstrippen.nl\/product\/ql3074\/"},"modified":"2026-03-23T11:01:29","modified_gmt":"2026-03-23T10:01:29","slug":"ql3074","status":"publish","type":"product","link":"https:\/\/tochtstrippen.nl\/de\/product\/ql3074\/","title":{"rendered":"Q-Lon 3074"},"content":{"rendered":"<p class=\"\" data-start=\"0\" data-end=\"47\">Rahmenprofil, Anwendung bei Hebeschiebet\u00fcren.<\/p>\n<p class=\"\" data-start=\"49\" data-end=\"213\">Zugluft durch veraltete Dichtungsstreifen oder ein verzogenes Fenster oder eine T\u00fcr? Das ist nicht nur unangenehm, sondern auch unn\u00f6tig teuer und umweltsch\u00e4dlich.<\/p>\n<p class=\"\" data-start=\"215\" data-end=\"566\">Q-Lon Polyurethan-Schaumdichtungen zur Anwendung an Fenstern und T\u00fcren bieten die besten thermischen Eigenschaften sowie gute Schalld\u00e4mmung \u00fcber einen breiten Temperaturbereich. Die sehr geringe Bedienkraft reduziert Verschlei\u00dferscheinungen und sorgt f\u00fcr eine komfortable Nutzung. Hinzu kommt das un\u00fcbertroffene R\u00fcckstellverm\u00f6gen der Q-Lon-Dichtung.<\/p>\n<p class=\"\" data-start=\"568\" data-end=\"584\">Einige Vorteile:<\/p>\n<ul data-start=\"586\" data-end=\"918\">\n<li class=\"\" data-start=\"586\" data-end=\"666\">\n<p class=\"\" data-start=\"588\" data-end=\"666\">Geeigneter Wirkbereich \u2013 auch verzogene T\u00fcren werden zuverl\u00e4ssig abgedichtet<\/p>\n<\/li>\n<li class=\"\" data-start=\"667\" data-end=\"723\">\n<p class=\"\" data-start=\"669\" data-end=\"723\">Hohes R\u00fcckstellverm\u00f6gen f\u00fcr langanhaltenden Gebrauch<\/p>\n<\/li>\n<li class=\"\" data-start=\"724\" data-end=\"763\">\n<p class=\"\" data-start=\"726\" data-end=\"763\">Nimmt keinen Schmutz oder Farbe auf<\/p>\n<\/li>\n<li class=\"\" data-start=\"764\" data-end=\"782\">\n<p class=\"\" data-start=\"766\" data-end=\"782\">Verschlei\u00dffest<\/p>\n<\/li>\n<li class=\"\" data-start=\"783\" data-end=\"833\">\n<p class=\"\" data-start=\"785\" data-end=\"833\">Unempfindlich gegen\u00fcber Temperaturschwankungen<\/p>\n<\/li>\n<li class=\"\" data-start=\"834\" data-end=\"868\">\n<p class=\"\" data-start=\"836\" data-end=\"868\">Erh\u00e4ltlich in Wei\u00df und Schwarz<\/p>\n<\/li>\n<li class=\"\" data-start=\"869\" data-end=\"918\">\n<p class=\"\" data-start=\"871\" data-end=\"918\">Auch erh\u00e4ltlich in 7-m- und 25-m-Verpackungen<\/p>\n<\/li>\n<\/ul>\n<p class=\"\" data-start=\"920\" data-end=\"997\">Dieses Produkt ist eine Alternative zu den Deventer-Profilen S5469 und S0318.<\/p>\n","protected":false},"excerpt":{"rendered":"<p>Rahmenprofil, Anwendung bei Hebeschiebet\u00fcren. Zugluft durch veraltete Dichtungsstreifen oder ein verzogenes Fenster oder eine T\u00fcr? Das ist nicht nur unangenehm, sondern auch unn\u00f6tig teuer und umweltsch\u00e4dlich. Q-Lon Polyurethan-Schaumdichtungen zur Anwendung an Fenstern und T\u00fcren bieten die besten thermischen Eigenschaften sowie gute Schalld\u00e4mmung \u00fcber einen breiten Temperaturbereich. Die sehr geringe Bedienkraft reduziert Verschlei\u00dferscheinungen und sorgt f\u00fcr [&hellip;]<\/p>\n","protected":false},"featured_media":4068,"template":"","meta":{"_acf_changed":false},"product_brand":[],"product_cat":[224,234,230],"product_tag":[],"class_list":{"0":"post-6312","1":"product","2":"type-product","3":"status-publish","4":"has-post-thumbnail","6":"product_cat-tochtstrip-de","7":"product_cat-q-lon-kaderprofiel-de","8":"product_cat-kaderprofiel-voor-houten-toepassing-de","9":"pa_afdichtspleet-3-5-5-5-mm-de","10":"pa_groefbreedte-2-7-3-2-mm-de","11":"pa_groefdiepte-6-5-mm-de","12":"pa_kleur-wit-de","13":"pa_kleur-zwart-de","14":"pa_lengte-25-m-de","15":"pa_lengte-600-m-de","16":"pa_lengte-7-m-de","17":"pa_sponning-8-5-mm-de","19":"first","20":"instock","21":"taxable","22":"shipping-taxable","23":"purchasable","24":"product-type-variable","25":"has-default-attributes"},"acf":[],"_links":{"self":[{"href":"https:\/\/tochtstrippen.nl\/de\/wp-json\/wp\/v2\/product\/6312","targetHints":{"allow":["GET"]}}],"collection":[{"href":"https:\/\/tochtstrippen.nl\/de\/wp-json\/wp\/v2\/product"}],"about":[{"href":"https:\/\/tochtstrippen.nl\/de\/wp-json\/wp\/v2\/types\/product"}],"wp:featuredmedia":[{"embeddable":true,"href":"https:\/\/tochtstrippen.nl\/de\/wp-json\/wp\/v2\/media\/4068"}],"wp:attachment":[{"href":"https:\/\/tochtstrippen.nl\/de\/wp-json\/wp\/v2\/media?parent=6312"}],"wp:term":[{"taxonomy":"product_brand","embeddable":true,"href":"https:\/\/tochtstrippen.nl\/de\/wp-json\/wp\/v2\/product_brand?post=6312"},{"taxonomy":"product_cat","embeddable":true,"href":"https:\/\/tochtstrippen.nl\/de\/wp-json\/wp\/v2\/product_cat?post=6312"},{"taxonomy":"product_tag","embeddable":true,"href":"https:\/\/tochtstrippen.nl\/de\/wp-json\/wp\/v2\/product_tag?post=6312"}],"curies":[{"name":"wp","href":"https:\/\/api.w.org\/{rel}","templated":true}]}}