{"id":6319,"date":"2024-02-12T12:12:22","date_gmt":"2024-02-12T11:12:22","guid":{"rendered":"https:\/\/tochtstrippen.nl\/product\/ql3073\/"},"modified":"2026-03-23T11:01:29","modified_gmt":"2026-03-23T10:01:29","slug":"ql3073","status":"publish","type":"product","link":"https:\/\/tochtstrippen.nl\/de\/product\/ql3073\/","title":{"rendered":"Q-Lon 3073"},"content":{"rendered":"<div class=\"flex shrink basis-auto flex-col overflow-hidden -mb-(--composer-overlap-px) [--composer-overlap-px:24px] grow\">\n<div class=\"relative h-full\">\n<div class=\"flex h-full flex-col overflow-y-auto [scrollbar-gutter:stable]\">\n<div class=\"@thread-xl\/thread:pt-header-height mt-1.5 flex flex-col text-sm md:pb-9\">\n<article class=\"text-token-text-primary w-full\" dir=\"auto\" data-testid=\"conversation-turn-20\" data-scroll-anchor=\"true\">\n<div class=\"text-base my-auto mx-auto py-5 [--thread-content-margin:--spacing(4)] @[37rem]:[--thread-content-margin:--spacing(6)] @[70rem]:[--thread-content-margin:--spacing(12)] px-(--thread-content-margin)\">\n<div class=\"[--thread-content-max-width:32rem] @[34rem]:[--thread-content-max-width:40rem] @[64rem]:[--thread-content-max-width:48rem] mx-auto flex max-w-(--thread-content-max-width) flex-1 text-base gap-4 md:gap-5 lg:gap-6 group\/turn-messages focus-visible:outline-hidden\" tabindex=\"-1\">\n<div class=\"group\/conversation-turn relative flex w-full min-w-0 flex-col agent-turn\">\n<div class=\"relative flex-col gap-1 md:gap-3\">\n<div class=\"flex max-w-full flex-col grow\">\n<div class=\"min-h-8 text-message relative flex w-full flex-col items-end gap-2 text-start break-words whitespace-normal [.text-message+&amp;]:mt-5\" dir=\"auto\" data-message-author-role=\"assistant\" data-message-id=\"eb7a769e-283a-4361-a929-1a90a70fea67\" data-message-model-slug=\"gpt-4o\">\n<div class=\"flex w-full flex-col gap-1 empty:hidden first:pt-[3px]\">\n<div class=\"markdown prose dark:prose-invert w-full break-words dark\">\n<p class=\"\" data-start=\"0\" data-end=\"172\">Zugluft durch veraltete Dichtungsstreifen oder ein verzogenes Fenster oder eine T\u00fcr? Das ist nicht nur unangenehm, sondern auch unn\u00f6tig teuer und schlecht f\u00fcr die Umwelt.<\/p>\n<p class=\"\" data-start=\"174\" data-end=\"538\">Q-Lon Polyurethan-Schaumdichtungen zur Anwendung an Fenstern und T\u00fcren bieten beste thermische Leistungen und gute schalld\u00e4mmende Eigenschaften \u00fcber einen breiten Temperaturbereich. Die sehr geringe Bedienkraft reduziert Abnutzungserscheinungen und sorgt f\u00fcr eine komfortable Handhabung. Dar\u00fcber hinaus ist das R\u00fcckstellverm\u00f6gen der Q-Lon-Dichtung un\u00fcbertroffen.<\/p>\n<p class=\"\" data-start=\"540\" data-end=\"556\">Einige Vorteile:<\/p>\n<ul data-start=\"558\" data-end=\"902\">\n<li class=\"\" data-start=\"558\" data-end=\"641\">\n<p class=\"\" data-start=\"560\" data-end=\"641\">Geeigneter Wirkbereich \u2013 auch verzogene T\u00fcren lassen sich zuverl\u00e4ssig abdichten<\/p>\n<\/li>\n<li class=\"\" data-start=\"642\" data-end=\"692\">\n<p class=\"\" data-start=\"644\" data-end=\"692\">Hohes R\u00fcckstellverm\u00f6gen f\u00fcr jahrelange Nutzung<\/p>\n<\/li>\n<li class=\"\" data-start=\"693\" data-end=\"732\">\n<p class=\"\" data-start=\"695\" data-end=\"732\">Nimmt keinen Schmutz oder Farbe auf<\/p>\n<\/li>\n<li class=\"\" data-start=\"733\" data-end=\"751\">\n<p class=\"\" data-start=\"735\" data-end=\"751\">Verschlei\u00dffest<\/p>\n<\/li>\n<li class=\"\" data-start=\"752\" data-end=\"802\">\n<p class=\"\" data-start=\"754\" data-end=\"802\">Unempfindlich gegen\u00fcber Temperaturschwankungen<\/p>\n<\/li>\n<li class=\"\" data-start=\"803\" data-end=\"837\">\n<p class=\"\" data-start=\"805\" data-end=\"837\">Erh\u00e4ltlich in Wei\u00df und Schwarz<\/p>\n<\/li>\n<li class=\"\" data-start=\"838\" data-end=\"902\">\n<p class=\"\" data-start=\"840\" data-end=\"902\">Auch erh\u00e4ltlich in Gehrungsecken, 7-m- und 25-m-Verpackungen<\/p>\n<\/li>\n<\/ul>\n<p class=\"\" data-start=\"904\" data-end=\"997\">Dieses Produkt ist eine Alternative zu den Deventer-Profilen SP7012, SV712, SPV15 und SP151<\/p>\n<\/div>\n<\/div>\n<\/div>\n<\/div>\n<div class=\"flex justify-start\">\n<div class=\"touch:-me-2 touch:-ms-3.5 -ms-2.5 -me-1 flex items-center p-1 select-none -mt-1 duration-[1.5s] focus-within:transition-none hover:transition-none pointer-events-none [mask-image:linear-gradient(to_right,black_33%,transparent_66%)] [mask-position:100%_0%] [mask-size:300%_100%] motion-safe:transition-[mask-position] group-hover\/turn-messages:pointer-events-auto group-hover\/turn-messages:[mask-position:0_0] group-focus-within\/turn-messages:pointer-events-auto group-focus-within\/turn-messages:[mask-position:0_0] has-data-[state=open]:pointer-events-auto has-data-[state=open]:[mask-position:0_0]\"><button class=\"text-token-text-secondary hover:bg-token-main-surface-secondary rounded-lg\" aria-label=\"Good response\" data-testid=\"good-response-turn-action-button\"><\/button><button class=\"text-token-text-secondary hover:bg-token-main-surface-secondary rounded-lg\" aria-label=\"Bad response\" data-testid=\"bad-response-turn-action-button\"><\/button><button class=\"text-token-text-secondary hover:bg-token-main-surface-secondary rounded-lg\" aria-label=\"Read aloud\" data-testid=\"voice-play-turn-action-button\"><br \/>\n<\/button><\/div>\n<\/div>\n<\/div>\n<\/div>\n<\/div>\n<\/div>\n<\/article>\n<\/div>\n<\/div>\n<\/div>\n<\/div>\n","protected":false},"excerpt":{"rendered":"<p>Zugluft durch veraltete Dichtungsstreifen oder ein verzogenes Fenster oder eine T\u00fcr? Das ist nicht nur unangenehm, sondern auch unn\u00f6tig teuer und schlecht f\u00fcr die Umwelt. Q-Lon Polyurethan-Schaumdichtungen zur Anwendung an Fenstern und T\u00fcren bieten beste thermische Leistungen und gute schalld\u00e4mmende Eigenschaften \u00fcber einen breiten Temperaturbereich. Die sehr geringe Bedienkraft reduziert Abnutzungserscheinungen und sorgt f\u00fcr eine [&hellip;]<\/p>\n","protected":false},"featured_media":4056,"template":"","meta":{"_acf_changed":false},"product_brand":[],"product_cat":[224,234,230],"product_tag":[],"class_list":{"0":"post-6319","1":"product","2":"type-product","3":"status-publish","4":"has-post-thumbnail","6":"product_cat-tochtstrip-de","7":"product_cat-q-lon-kaderprofiel-de","8":"product_cat-kaderprofiel-voor-houten-toepassing-de","9":"pa_afdichtspleet-5-0-8-0-mm-de","10":"pa_groefbreedte-4-0-5-0-mm-de","11":"pa_groefdiepte-7-5-mm-de","12":"pa_kleur-wit-de","13":"pa_kleur-zwart-de","14":"pa_lengte-25-m-de","15":"pa_lengte-300-m-de","16":"pa_lengte-7-m-de","17":"pa_sponning-13-mm-de","19":"first","20":"instock","21":"taxable","22":"shipping-taxable","23":"purchasable","24":"product-type-variable","25":"has-default-attributes"},"acf":[],"_links":{"self":[{"href":"https:\/\/tochtstrippen.nl\/de\/wp-json\/wp\/v2\/product\/6319","targetHints":{"allow":["GET"]}}],"collection":[{"href":"https:\/\/tochtstrippen.nl\/de\/wp-json\/wp\/v2\/product"}],"about":[{"href":"https:\/\/tochtstrippen.nl\/de\/wp-json\/wp\/v2\/types\/product"}],"wp:featuredmedia":[{"embeddable":true,"href":"https:\/\/tochtstrippen.nl\/de\/wp-json\/wp\/v2\/media\/4056"}],"wp:attachment":[{"href":"https:\/\/tochtstrippen.nl\/de\/wp-json\/wp\/v2\/media?parent=6319"}],"wp:term":[{"taxonomy":"product_brand","embeddable":true,"href":"https:\/\/tochtstrippen.nl\/de\/wp-json\/wp\/v2\/product_brand?post=6319"},{"taxonomy":"product_cat","embeddable":true,"href":"https:\/\/tochtstrippen.nl\/de\/wp-json\/wp\/v2\/product_cat?post=6319"},{"taxonomy":"product_tag","embeddable":true,"href":"https:\/\/tochtstrippen.nl\/de\/wp-json\/wp\/v2\/product_tag?post=6319"}],"curies":[{"name":"wp","href":"https:\/\/api.w.org\/{rel}","templated":true}]}}