{"id":6326,"date":"2024-02-12T12:04:38","date_gmt":"2024-02-12T11:04:38","guid":{"rendered":"https:\/\/tochtstrippen.nl\/product\/ql3070\/"},"modified":"2026-03-23T11:01:29","modified_gmt":"2026-03-23T10:01:29","slug":"ql3070","status":"publish","type":"product","link":"https:\/\/tochtstrippen.nl\/de\/product\/ql3070\/","title":{"rendered":"Q-Lon 3070"},"content":{"rendered":"<div class=\"flex shrink basis-auto flex-col overflow-hidden -mb-(--composer-overlap-px) [--composer-overlap-px:24px] grow\">\n<div class=\"relative h-full\">\n<div class=\"flex h-full flex-col overflow-y-auto [scrollbar-gutter:stable]\">\n<div class=\"@thread-xl\/thread:pt-header-height mt-1.5 flex flex-col text-sm md:pb-9\">\n<article class=\"text-token-text-primary w-full\" dir=\"auto\" data-testid=\"conversation-turn-22\" data-scroll-anchor=\"true\">\n<div class=\"text-base my-auto mx-auto py-5 [--thread-content-margin:--spacing(4)] @[37rem]:[--thread-content-margin:--spacing(6)] @[70rem]:[--thread-content-margin:--spacing(12)] px-(--thread-content-margin)\">\n<div class=\"[--thread-content-max-width:32rem] @[34rem]:[--thread-content-max-width:40rem] @[64rem]:[--thread-content-max-width:48rem] mx-auto flex max-w-(--thread-content-max-width) flex-1 text-base gap-4 md:gap-5 lg:gap-6 group\/turn-messages focus-visible:outline-hidden\" tabindex=\"-1\">\n<div class=\"group\/conversation-turn relative flex w-full min-w-0 flex-col agent-turn\">\n<div class=\"relative flex-col gap-1 md:gap-3\">\n<div class=\"flex max-w-full flex-col grow\">\n<div class=\"min-h-8 text-message relative flex w-full flex-col items-end gap-2 text-start break-words whitespace-normal [.text-message+&amp;]:mt-5\" dir=\"auto\" data-message-author-role=\"assistant\" data-message-id=\"d8166fd2-6b3b-466e-a4c7-bbcbee6b2d8e\" data-message-model-slug=\"gpt-4o\">\n<div class=\"flex w-full flex-col gap-1 empty:hidden first:pt-[3px]\">\n<div class=\"markdown prose dark:prose-invert w-full break-words dark\">\n<p class=\"\" data-start=\"0\" data-end=\"173\">Zugluft durch veraltete Dichtungsstreifen oder ein verzogenes Fenster oder eine T\u00fcr? Das ist nicht nur unangenehm, sondern auch unn\u00f6tig teuer und sch\u00e4dlich f\u00fcr die Umwelt.<\/p>\n<p class=\"\" data-start=\"175\" data-end=\"532\">Q-Lon Polyurethan-Schaumdichtungen zur Anwendung an Fenstern und T\u00fcren bieten erstklassige thermische Eigenschaften sowie eine gute Schalld\u00e4mmung \u00fcber einen weiten Temperaturbereich. Die sehr geringe Bedienkraft verringert Verschlei\u00dferscheinungen und sorgt f\u00fcr eine komfortable Handhabung. Zudem ist das R\u00fcckstellverm\u00f6gen der Q-Lon-Dichtung un\u00fcbertroffen.<\/p>\n<p class=\"\" data-start=\"534\" data-end=\"550\">Einige Vorteile:<\/p>\n<ul data-start=\"552\" data-end=\"878\">\n<li class=\"\" data-start=\"552\" data-end=\"632\">\n<p class=\"\" data-start=\"554\" data-end=\"632\">Geeigneter Wirkbereich \u2013 auch verzogene T\u00fcren werden zuverl\u00e4ssig abgedichtet<\/p>\n<\/li>\n<li class=\"\" data-start=\"633\" data-end=\"683\">\n<p class=\"\" data-start=\"635\" data-end=\"683\">Hohes R\u00fcckstellverm\u00f6gen f\u00fcr jahrelange Nutzung<\/p>\n<\/li>\n<li class=\"\" data-start=\"684\" data-end=\"723\">\n<p class=\"\" data-start=\"686\" data-end=\"723\">Nimmt keinen Schmutz oder Farbe auf<\/p>\n<\/li>\n<li class=\"\" data-start=\"724\" data-end=\"742\">\n<p class=\"\" data-start=\"726\" data-end=\"742\">Verschlei\u00dffest<\/p>\n<\/li>\n<li class=\"\" data-start=\"743\" data-end=\"793\">\n<p class=\"\" data-start=\"745\" data-end=\"793\">Unempfindlich gegen\u00fcber Temperaturschwankungen<\/p>\n<\/li>\n<li class=\"\" data-start=\"794\" data-end=\"828\">\n<p class=\"\" data-start=\"796\" data-end=\"828\">Erh\u00e4ltlich in Wei\u00df und Schwarz<\/p>\n<\/li>\n<li class=\"\" data-start=\"829\" data-end=\"878\">\n<p class=\"\" data-start=\"831\" data-end=\"878\">Auch erh\u00e4ltlich in 7-m- und 25-m-Verpackungen<\/p>\n<\/li>\n<\/ul>\n<p class=\"\" data-start=\"880\" data-end=\"942\">Dieses Produkt ist eine Alternative zum Deventer-Profil SP333.<\/p>\n<\/div>\n<\/div>\n<\/div>\n<\/div>\n<\/div>\n<\/div>\n<\/div>\n<div class=\"touch:-me-2 touch:-ms-3.5 -ms-2.5 -me-1 flex items-center p-1 select-none -mt-1 duration-[1.5s] focus-within:transition-none hover:transition-none pointer-events-none [mask-image:linear-gradient(to_right,black_33%,transparent_66%)] [mask-position:100%_0%] [mask-size:300%_100%] motion-safe:transition-[mask-position] group-hover\/turn-messages:pointer-events-auto group-hover\/turn-messages:[mask-position:0_0] group-focus-within\/turn-messages:pointer-events-auto group-focus-within\/turn-messages:[mask-position:0_0] has-data-[state=open]:pointer-events-auto has-data-[state=open]:[mask-position:0_0]\"><button class=\"text-token-text-secondary hover:bg-token-main-surface-secondary rounded-lg\" aria-label=\"Copy\" data-testid=\"copy-turn-action-button\"><\/button><button class=\"text-token-text-secondary hover:bg-token-main-surface-secondary rounded-lg\" aria-label=\"Good response\" data-testid=\"good-response-turn-action-button\"><\/button><button class=\"text-token-text-secondary hover:bg-token-main-surface-secondary rounded-lg\" aria-label=\"Bad response\" data-testid=\"bad-response-turn-action-button\"><\/button><button class=\"text-token-text-secondary hover:bg-token-main-surface-secondary rounded-lg\" aria-label=\"Read aloud\" data-testid=\"voice-play-turn-action-button\"><br \/>\n<\/button><\/div>\n<\/div>\n<\/article>\n<\/div>\n<\/div>\n<\/div>\n<\/div>\n","protected":false},"excerpt":{"rendered":"<p>Zugluft durch veraltete Dichtungsstreifen oder ein verzogenes Fenster oder eine T\u00fcr? Das ist nicht nur unangenehm, sondern auch unn\u00f6tig teuer und sch\u00e4dlich f\u00fcr die Umwelt. Q-Lon Polyurethan-Schaumdichtungen zur Anwendung an Fenstern und T\u00fcren bieten erstklassige thermische Eigenschaften sowie eine gute Schalld\u00e4mmung \u00fcber einen weiten Temperaturbereich. Die sehr geringe Bedienkraft verringert Verschlei\u00dferscheinungen und sorgt f\u00fcr eine [&hellip;]<\/p>\n","protected":false},"featured_media":4032,"template":"","meta":{"_acf_changed":false},"product_brand":[],"product_cat":[224,234,228],"product_tag":[],"class_list":{"0":"post-6326","1":"product","2":"type-product","3":"status-publish","4":"has-post-thumbnail","6":"product_cat-tochtstrip-de","7":"product_cat-q-lon-kaderprofiel-de","8":"product_cat-kaderprofiel-voor-binnendeuren-toepassing-de","9":"pa_afdichtspleet-0-0-1-5-mm-de","10":"pa_groefbreedte-2-7-3-0-mm-de","11":"pa_groefdiepte-8-0-mm-de","12":"pa_kleur-wit-de","13":"pa_kleur-zwart-de","14":"pa_lengte-25-m-de","15":"pa_lengte-7-m-de","16":"pa_lengte-800-m-de","17":"pa_sponning-8-mm-de","19":"first","20":"instock","21":"taxable","22":"shipping-taxable","23":"purchasable","24":"product-type-variable","25":"has-default-attributes"},"acf":[],"_links":{"self":[{"href":"https:\/\/tochtstrippen.nl\/de\/wp-json\/wp\/v2\/product\/6326","targetHints":{"allow":["GET"]}}],"collection":[{"href":"https:\/\/tochtstrippen.nl\/de\/wp-json\/wp\/v2\/product"}],"about":[{"href":"https:\/\/tochtstrippen.nl\/de\/wp-json\/wp\/v2\/types\/product"}],"wp:featuredmedia":[{"embeddable":true,"href":"https:\/\/tochtstrippen.nl\/de\/wp-json\/wp\/v2\/media\/4032"}],"wp:attachment":[{"href":"https:\/\/tochtstrippen.nl\/de\/wp-json\/wp\/v2\/media?parent=6326"}],"wp:term":[{"taxonomy":"product_brand","embeddable":true,"href":"https:\/\/tochtstrippen.nl\/de\/wp-json\/wp\/v2\/product_brand?post=6326"},{"taxonomy":"product_cat","embeddable":true,"href":"https:\/\/tochtstrippen.nl\/de\/wp-json\/wp\/v2\/product_cat?post=6326"},{"taxonomy":"product_tag","embeddable":true,"href":"https:\/\/tochtstrippen.nl\/de\/wp-json\/wp\/v2\/product_tag?post=6326"}],"curies":[{"name":"wp","href":"https:\/\/api.w.org\/{rel}","templated":true}]}}