{"id":6382,"date":"2024-02-12T09:46:19","date_gmt":"2024-02-12T08:46:19","guid":{"rendered":"https:\/\/tochtstrippen.nl\/product\/q55-fr\/"},"modified":"2026-03-23T11:01:28","modified_gmt":"2026-03-23T10:01:28","slug":"q55-fr","status":"publish","type":"product","link":"https:\/\/tochtstrippen.nl\/de\/product\/q55-fr\/","title":{"rendered":"Q-Lon 55  FR (brandvertragend)"},"content":{"rendered":"<div class=\"flex shrink basis-auto flex-col overflow-hidden -mb-(--composer-overlap-px) [--composer-overlap-px:24px] grow\">\n<div class=\"relative h-full\">\n<div class=\"flex h-full flex-col overflow-y-auto [scrollbar-gutter:stable]\">\n<div class=\"@thread-xl\/thread:pt-header-height mt-1.5 flex flex-col text-sm md:pb-9\">\n<article class=\"text-token-text-primary w-full\" dir=\"auto\" data-testid=\"conversation-turn-38\" data-scroll-anchor=\"true\">\n<div class=\"text-base my-auto mx-auto py-5 [--thread-content-margin:--spacing(4)] @[37rem]:[--thread-content-margin:--spacing(6)] @[70rem]:[--thread-content-margin:--spacing(12)] px-(--thread-content-margin)\">\n<div class=\"[--thread-content-max-width:32rem] @[34rem]:[--thread-content-max-width:40rem] @[64rem]:[--thread-content-max-width:48rem] mx-auto flex max-w-(--thread-content-max-width) flex-1 text-base gap-4 md:gap-5 lg:gap-6 group\/turn-messages focus-visible:outline-hidden\" tabindex=\"-1\">\n<div class=\"group\/conversation-turn relative flex w-full min-w-0 flex-col agent-turn\">\n<div class=\"relative flex-col gap-1 md:gap-3\">\n<div class=\"flex max-w-full flex-col grow\">\n<div class=\"min-h-8 text-message relative flex w-full flex-col items-end gap-2 text-start break-words whitespace-normal [.text-message+&amp;]:mt-5\" dir=\"auto\" data-message-author-role=\"assistant\" data-message-id=\"528e8eb7-5fd2-4063-b566-5413c7274ca0\" data-message-model-slug=\"gpt-4o-mini\">\n<div class=\"flex w-full flex-col gap-1 empty:hidden first:pt-[3px]\">\n<div class=\"markdown prose dark:prose-invert w-full break-words dark\">\n<p class=\"\" data-start=\"0\" data-end=\"173\">Zugluft durch veraltete Dichtungsstreifen oder ein verzogenes Fenster oder eine T\u00fcr? Das ist nicht nur unangenehm, sondern auch unn\u00f6tig teuer und sch\u00e4dlich f\u00fcr die Umwelt.<\/p>\n<p class=\"\" data-start=\"175\" data-end=\"497\">Jetzt gibt es die brandhemmende Variante von Q-Lon: Q-Lon FR. Brandhemmende Dichtungen wurden entwickelt, um Rauch- und Branddurchdringung von T\u00fcren und Fenstern zu begrenzen. Q-Lon FR verlangsamt die Flammenausbreitung und somit das Eindringen von Feuer durch T\u00fcren und Fenster. Klassifiziert nach EN 13501-1, Klasse E.<\/p>\n<p class=\"\" data-start=\"499\" data-end=\"813\">Q-Lon FR brandhemmende Schaumdichtungen bieten erstklassige thermische Eigenschaften sowie gute Schalld\u00e4mmeigenschaften \u00fcber einen breiten Temperaturbereich. Die sehr geringe Bedienkraft reduziert Abnutzung und sorgt f\u00fcr eine einfache Handhabung. Dar\u00fcber hinaus ist das R\u00fcckstellverm\u00f6gen von Q-Lon un\u00fcbertroffen.<\/p>\n<p class=\"\" data-start=\"815\" data-end=\"837\"><strong data-start=\"815\" data-end=\"835\">Einige Vorteile:<\/strong><\/p>\n<ul data-start=\"839\" data-end=\"1137\">\n<li class=\"\" data-start=\"839\" data-end=\"855\">\n<p class=\"\" data-start=\"841\" data-end=\"855\">Brandhemmend<\/p>\n<\/li>\n<li class=\"\" data-start=\"856\" data-end=\"930\">\n<p class=\"\" data-start=\"858\" data-end=\"930\">Geeigneter Wirkbereich, der auch verzogene T\u00fcren zuverl\u00e4ssig abdichtet<\/p>\n<\/li>\n<li class=\"\" data-start=\"931\" data-end=\"977\">\n<p class=\"\" data-start=\"933\" data-end=\"977\">Hohe R\u00fcckstellkraft f\u00fcr jahrelange Nutzung<\/p>\n<\/li>\n<li class=\"\" data-start=\"978\" data-end=\"1017\">\n<p class=\"\" data-start=\"980\" data-end=\"1017\">Nimmt keinen Schmutz oder Farbe auf<\/p>\n<\/li>\n<li class=\"\" data-start=\"1018\" data-end=\"1036\">\n<p class=\"\" data-start=\"1020\" data-end=\"1036\">Verschlei\u00dffest<\/p>\n<\/li>\n<li class=\"\" data-start=\"1037\" data-end=\"1087\">\n<p class=\"\" data-start=\"1039\" data-end=\"1087\">Unempfindlich gegen\u00fcber Temperaturschwankungen<\/p>\n<\/li>\n<li class=\"\" data-start=\"1088\" data-end=\"1137\">\n<p class=\"\" data-start=\"1090\" data-end=\"1137\">Auch in 7-m- und 25-m-Verpackungen erh\u00e4ltlich<\/p>\n<\/li>\n<\/ul>\n<p class=\"\" data-start=\"1139\" data-end=\"1203\">Dieses Produkt ist ein Ersatz f\u00fcr das Deventer-Profil S5767[BS].<\/p>\n<\/div>\n<\/div>\n<\/div>\n<\/div>\n<div class=\"flex justify-start\">\n<div class=\"touch:-me-2 touch:-ms-3.5 -ms-2.5 -me-1 flex items-center p-1 select-none -mt-1 duration-[1.5s] focus-within:transition-none hover:transition-none pointer-events-none [mask-image:linear-gradient(to_right,black_33%,transparent_66%)] [mask-position:100%_0%] [mask-size:300%_100%] motion-safe:transition-[mask-position] group-hover\/turn-messages:pointer-events-auto group-hover\/turn-messages:[mask-position:0_0] group-focus-within\/turn-messages:pointer-events-auto group-focus-within\/turn-messages:[mask-position:0_0] has-data-[state=open]:pointer-events-auto has-data-[state=open]:[mask-position:0_0]\"><button class=\"text-token-text-secondary hover:bg-token-main-surface-secondary rounded-lg\" aria-label=\"Copy\" data-testid=\"copy-turn-action-button\"><\/button><button class=\"text-token-text-secondary hover:bg-token-main-surface-secondary rounded-lg\" aria-label=\"Good response\" data-testid=\"good-response-turn-action-button\"><\/button><button class=\"text-token-text-secondary hover:bg-token-main-surface-secondary rounded-lg\" aria-label=\"Bad response\" data-testid=\"bad-response-turn-action-button\"><\/button><button class=\"text-token-text-secondary hover:bg-token-main-surface-secondary rounded-lg\" aria-label=\"Read aloud\" data-testid=\"voice-play-turn-action-button\"><br \/>\n<\/button><\/div>\n<\/div>\n<\/div>\n<\/div>\n<\/div>\n<\/div>\n<\/article>\n<\/div>\n<\/div>\n<\/div>\n<\/div>\n","protected":false},"excerpt":{"rendered":"<p>Zugluft durch veraltete Dichtungsstreifen oder ein verzogenes Fenster oder eine T\u00fcr? Das ist nicht nur unangenehm, sondern auch unn\u00f6tig teuer und sch\u00e4dlich f\u00fcr die Umwelt. Jetzt gibt es die brandhemmende Variante von Q-Lon: Q-Lon FR. Brandhemmende Dichtungen wurden entwickelt, um Rauch- und Branddurchdringung von T\u00fcren und Fenstern zu begrenzen. Q-Lon FR verlangsamt die Flammenausbreitung und [&hellip;]<\/p>\n","protected":false},"featured_media":4132,"template":"","meta":{"_acf_changed":false},"product_brand":[],"product_cat":[224,226,234,228],"product_tag":[],"class_list":{"0":"post-6382","1":"product","2":"type-product","3":"status-publish","4":"has-post-thumbnail","6":"product_cat-tochtstrip-de","7":"product_cat-brandvertragende-tochtstrip-de","8":"product_cat-q-lon-kaderprofiel-de","9":"product_cat-kaderprofiel-voor-binnendeuren-toepassing-de","10":"pa_afdichtspleet-3-0-4-5-mm-de","11":"pa_groefbreedte-2-7-4-0-mm-de","12":"pa_kleur-zwart-de","13":"pa_lengte-25-m-de","14":"pa_lengte-500-m-de","15":"pa_lengte-7-m-de","16":"pa_minimale-groefdiepte-6-mm-de","17":"pa_sponning-10-mm-de","19":"first","20":"instock","21":"taxable","22":"shipping-taxable","23":"purchasable","24":"product-type-variable"},"acf":[],"_links":{"self":[{"href":"https:\/\/tochtstrippen.nl\/de\/wp-json\/wp\/v2\/product\/6382","targetHints":{"allow":["GET"]}}],"collection":[{"href":"https:\/\/tochtstrippen.nl\/de\/wp-json\/wp\/v2\/product"}],"about":[{"href":"https:\/\/tochtstrippen.nl\/de\/wp-json\/wp\/v2\/types\/product"}],"wp:featuredmedia":[{"embeddable":true,"href":"https:\/\/tochtstrippen.nl\/de\/wp-json\/wp\/v2\/media\/4132"}],"wp:attachment":[{"href":"https:\/\/tochtstrippen.nl\/de\/wp-json\/wp\/v2\/media?parent=6382"}],"wp:term":[{"taxonomy":"product_brand","embeddable":true,"href":"https:\/\/tochtstrippen.nl\/de\/wp-json\/wp\/v2\/product_brand?post=6382"},{"taxonomy":"product_cat","embeddable":true,"href":"https:\/\/tochtstrippen.nl\/de\/wp-json\/wp\/v2\/product_cat?post=6382"},{"taxonomy":"product_tag","embeddable":true,"href":"https:\/\/tochtstrippen.nl\/de\/wp-json\/wp\/v2\/product_tag?post=6382"}],"curies":[{"name":"wp","href":"https:\/\/api.w.org\/{rel}","templated":true}]}}