{"id":6386,"date":"2024-02-12T09:40:18","date_gmt":"2024-02-12T08:40:18","guid":{"rendered":"https:\/\/tochtstrippen.nl\/product\/q48750fr\/"},"modified":"2026-03-23T11:01:28","modified_gmt":"2026-03-23T10:01:28","slug":"q48750fr","status":"publish","type":"product","link":"https:\/\/tochtstrippen.nl\/de\/product\/q48750fr\/","title":{"rendered":"Q-Lon 48750 FR (brandvertragend)"},"content":{"rendered":"<div class=\"flex shrink basis-auto flex-col overflow-hidden -mb-(--composer-overlap-px) [--composer-overlap-px:24px] grow\">\n<div class=\"relative h-full\">\n<div class=\"flex h-full flex-col overflow-y-auto [scrollbar-gutter:stable]\">\n<div class=\"@thread-xl\/thread:pt-header-height mt-1.5 flex flex-col text-sm md:pb-9\">\n<article class=\"text-token-text-primary w-full\" dir=\"auto\" data-testid=\"conversation-turn-40\" data-scroll-anchor=\"true\">\n<div class=\"text-base my-auto mx-auto py-5 [--thread-content-margin:--spacing(4)] @[37rem]:[--thread-content-margin:--spacing(6)] @[70rem]:[--thread-content-margin:--spacing(12)] px-(--thread-content-margin)\">\n<div class=\"[--thread-content-max-width:32rem] @[34rem]:[--thread-content-max-width:40rem] @[64rem]:[--thread-content-max-width:48rem] mx-auto flex max-w-(--thread-content-max-width) flex-1 text-base gap-4 md:gap-5 lg:gap-6 group\/turn-messages focus-visible:outline-hidden\" tabindex=\"-1\">\n<div class=\"group\/conversation-turn relative flex w-full min-w-0 flex-col agent-turn\">\n<div class=\"relative flex-col gap-1 md:gap-3\">\n<div class=\"flex max-w-full flex-col grow\">\n<div class=\"min-h-8 text-message relative flex w-full flex-col items-end gap-2 text-start break-words whitespace-normal [.text-message+&amp;]:mt-5\" dir=\"auto\" data-message-author-role=\"assistant\" data-message-id=\"652092cb-47f3-45e5-9f79-35b01d8e5cf0\" data-message-model-slug=\"gpt-4o-mini\">\n<div class=\"flex w-full flex-col gap-1 empty:hidden first:pt-[3px]\">\n<div class=\"markdown prose dark:prose-invert w-full break-words dark\">\n<p class=\"\" data-start=\"0\" data-end=\"172\">Zugluft durch veraltete Dichtungsstreifen oder ein verzogenes Fenster oder eine T\u00fcr? Das ist nicht nur unangenehm, sondern auch unn\u00f6tig teuer und schlecht f\u00fcr die Umwelt.<\/p>\n<p class=\"\" data-start=\"174\" data-end=\"491\">Jetzt gibt es die brandhemmende Variante von Q-Lon: Q-Lon FR. Brandhemmende Dichtungen wurden entwickelt, um Rauch- und Branddurchdringung von T\u00fcren und Fenstern zu verhindern. Q-Lon FR verlangsamt die Flammenausbreitung und somit das Eindringen von Feuer durch T\u00fcren und Fenster. Gepr\u00fcft nach EN 13501-1, Klasse E.<\/p>\n<p class=\"\" data-start=\"493\" data-end=\"791\">Q-Lon FR brandhemmende Schaumdichtungen bieten hervorragende thermische Eigenschaften und gute Schalld\u00e4mmeigenschaften \u00fcber einen breiten Temperaturbereich. Die sehr geringe Bedienkraft reduziert Abnutzung und sorgt f\u00fcr eine einfache Handhabung. Das R\u00fcckstellverm\u00f6gen von Q-Lon ist un\u00fcbertroffen.<\/p>\n<p class=\"\" data-start=\"793\" data-end=\"815\"><strong data-start=\"793\" data-end=\"813\">Einige Vorteile:<\/strong><\/p>\n<ul data-start=\"817\" data-end=\"1098\" data-is-last-node=\"\" data-is-only-node=\"\">\n<li class=\"\" data-start=\"817\" data-end=\"833\">\n<p class=\"\" data-start=\"819\" data-end=\"833\">Brandhemmend<\/p>\n<\/li>\n<li class=\"\" data-start=\"834\" data-end=\"893\">\n<p class=\"\" data-start=\"836\" data-end=\"893\">Geeignet f\u00fcr verzogene T\u00fcren, die dennoch gut abdichten<\/p>\n<\/li>\n<li class=\"\" data-start=\"894\" data-end=\"940\">\n<p class=\"\" data-start=\"896\" data-end=\"940\">Hohe R\u00fcckstellkraft f\u00fcr jahrelange Nutzung<\/p>\n<\/li>\n<li class=\"\" data-start=\"941\" data-end=\"980\">\n<p class=\"\" data-start=\"943\" data-end=\"980\">Nimmt keinen Schmutz oder Farbe auf<\/p>\n<\/li>\n<li class=\"\" data-start=\"981\" data-end=\"999\">\n<p class=\"\" data-start=\"983\" data-end=\"999\">Verschlei\u00dffest<\/p>\n<\/li>\n<li class=\"\" data-start=\"1000\" data-end=\"1050\">\n<p class=\"\" data-start=\"1002\" data-end=\"1050\">Unempfindlich gegen\u00fcber Temperaturschwankungen<\/p>\n<\/li>\n<li class=\"\" data-start=\"1051\" data-end=\"1098\">\n<p class=\"\" data-start=\"1053\" data-end=\"1098\">Auch in 7-m- und 25-m-Verpackungen erh\u00e4ltlich<\/p>\n<\/li>\n<\/ul>\n<\/div>\n<\/div>\n<\/div>\n<\/div>\n<\/div>\n<\/div>\n<\/div>\n<\/div>\n<\/article>\n<\/div>\n<\/div>\n<\/div>\n<\/div>\n","protected":false},"excerpt":{"rendered":"<p>Zugluft durch veraltete Dichtungsstreifen oder ein verzogenes Fenster oder eine T\u00fcr? Das ist nicht nur unangenehm, sondern auch unn\u00f6tig teuer und schlecht f\u00fcr die Umwelt. Jetzt gibt es die brandhemmende Variante von Q-Lon: Q-Lon FR. Brandhemmende Dichtungen wurden entwickelt, um Rauch- und Branddurchdringung von T\u00fcren und Fenstern zu verhindern. Q-Lon FR verlangsamt die Flammenausbreitung und [&hellip;]<\/p>\n","protected":false},"featured_media":3856,"template":"","meta":{"_acf_changed":false},"product_brand":[],"product_cat":[224,226,234,227],"product_tag":[],"class_list":{"0":"post-6386","1":"product","2":"type-product","3":"status-publish","4":"has-post-thumbnail","6":"product_cat-tochtstrip-de","7":"product_cat-brandvertragende-tochtstrip-de","8":"product_cat-q-lon-kaderprofiel-de","9":"product_cat-kaderprofiel-voor-aluminium-toepassing-de","10":"pa_afdichtspleet-2-7-4-6-mm-de","11":"pa_groefbreedte-3-2-mm-de","12":"pa_groefdiepte-2-3-mm-de","13":"pa_kleur-zwart-de","14":"pa_lengte-1200-m-de","15":"pa_lengte-25-m-de","16":"pa_lengte-7-m-de","17":"pa_t-groef-type-a-5-3-mm-de","19":"first","20":"instock","21":"taxable","22":"shipping-taxable","23":"purchasable","24":"product-type-variable"},"acf":[],"_links":{"self":[{"href":"https:\/\/tochtstrippen.nl\/de\/wp-json\/wp\/v2\/product\/6386","targetHints":{"allow":["GET"]}}],"collection":[{"href":"https:\/\/tochtstrippen.nl\/de\/wp-json\/wp\/v2\/product"}],"about":[{"href":"https:\/\/tochtstrippen.nl\/de\/wp-json\/wp\/v2\/types\/product"}],"wp:featuredmedia":[{"embeddable":true,"href":"https:\/\/tochtstrippen.nl\/de\/wp-json\/wp\/v2\/media\/3856"}],"wp:attachment":[{"href":"https:\/\/tochtstrippen.nl\/de\/wp-json\/wp\/v2\/media?parent=6386"}],"wp:term":[{"taxonomy":"product_brand","embeddable":true,"href":"https:\/\/tochtstrippen.nl\/de\/wp-json\/wp\/v2\/product_brand?post=6386"},{"taxonomy":"product_cat","embeddable":true,"href":"https:\/\/tochtstrippen.nl\/de\/wp-json\/wp\/v2\/product_cat?post=6386"},{"taxonomy":"product_tag","embeddable":true,"href":"https:\/\/tochtstrippen.nl\/de\/wp-json\/wp\/v2\/product_tag?post=6386"}],"curies":[{"name":"wp","href":"https:\/\/api.w.org\/{rel}","templated":true}]}}