{"id":6390,"date":"2024-02-12T09:21:17","date_gmt":"2024-02-12T08:21:17","guid":{"rendered":"https:\/\/tochtstrippen.nl\/product\/q48650fr\/"},"modified":"2026-03-23T11:01:28","modified_gmt":"2026-03-23T10:01:28","slug":"q48650fr","status":"publish","type":"product","link":"https:\/\/tochtstrippen.nl\/de\/product\/q48650fr\/","title":{"rendered":"Q-Lon 48650 FR (brandvertragend)"},"content":{"rendered":"<p class=\"\" data-start=\"66\" data-end=\"226\"><strong data-start=\"66\" data-end=\"138\">Zugluft durch veraltete Dichtungen oder verzogene Fenster und T\u00fcren?<\/strong><br data-start=\"138\" data-end=\"141\" \/>Das ist nicht nur unangenehm, sondern auch unn\u00f6tig teuer und schlecht f\u00fcr die Umwelt.<\/p>\n<p class=\"\" data-start=\"228\" data-end=\"547\">Hier ist die <strong data-start=\"241\" data-end=\"287\">brandhemmende Variante von Q-Lon: Q-Lon FR<\/strong>. Diese speziellen Dichtungen wurden entwickelt, um Rauch- und Branddurchtritt durch T\u00fcren und Fenster effektiv zu begrenzen. <strong data-start=\"413\" data-end=\"458\">Q-Lon FR verz\u00f6gert die Flammenausbreitung<\/strong> und verhindert so das Eindringen von Feuer. Klassifiziert nach <strong data-start=\"522\" data-end=\"546\">EN 13501-1, Klasse E<\/strong>.<\/p>\n<p class=\"\" data-start=\"549\" data-end=\"937\">Die brandhemmenden Q-Lon Schaumdichtungen bieten hervorragende thermische Isolierung und gute schalld\u00e4mmende Eigenschaften \u00fcber einen weiten Temperaturbereich hinweg. <strong data-start=\"716\" data-end=\"748\">Die sehr geringe Bedienkraft<\/strong> reduziert Verschlei\u00dferscheinungen und sorgt f\u00fcr eine einfache Handhabung. Zudem ist das <strong data-start=\"837\" data-end=\"882\">R\u00fcckstellverm\u00f6gen von Q-Lon un\u00fcbertroffen<\/strong>, was f\u00fcr eine dauerhaft zuverl\u00e4ssige Abdichtung sorgt.<\/p>\n<p class=\"\" data-start=\"939\" data-end=\"968\"><strong data-start=\"939\" data-end=\"968\">Vorteile auf einen Blick:<\/strong><\/p>\n<ul data-start=\"969\" data-end=\"1207\">\n<li class=\"\" data-start=\"969\" data-end=\"985\">\n<p class=\"\" data-start=\"971\" data-end=\"985\">Brandhemmend<\/p>\n<\/li>\n<li class=\"\" data-start=\"986\" data-end=\"1049\">\n<p class=\"\" data-start=\"988\" data-end=\"1049\">Gro\u00dfer Funktionsbereich \u2013 auch f\u00fcr verzogene T\u00fcren geeignet<\/p>\n<\/li>\n<li class=\"\" data-start=\"1050\" data-end=\"1100\">\n<p class=\"\" data-start=\"1052\" data-end=\"1100\">Hohe R\u00fcckstellkraft f\u00fcr langanhaltende Wirkung<\/p>\n<\/li>\n<li class=\"\" data-start=\"1101\" data-end=\"1131\">\n<p class=\"\" data-start=\"1103\" data-end=\"1131\">Schmutz- und farbabweisend<\/p>\n<\/li>\n<li class=\"\" data-start=\"1132\" data-end=\"1170\">\n<p class=\"\" data-start=\"1134\" data-end=\"1170\">Abriebfest und temperaturbest\u00e4ndig<\/p>\n<\/li>\n<li class=\"\" data-start=\"1171\" data-end=\"1207\">\n<p class=\"\" data-start=\"1173\" data-end=\"1207\">Erh\u00e4ltlich in 7 m und 25 m L\u00e4nge<\/p>\n<\/li>\n<\/ul>\n","protected":false},"excerpt":{"rendered":"<p>Zugluft durch veraltete Dichtungen oder verzogene Fenster und T\u00fcren?Das ist nicht nur unangenehm, sondern auch unn\u00f6tig teuer und schlecht f\u00fcr die Umwelt. Hier ist die brandhemmende Variante von Q-Lon: Q-Lon FR. Diese speziellen Dichtungen wurden entwickelt, um Rauch- und Branddurchtritt durch T\u00fcren und Fenster effektiv zu begrenzen. Q-Lon FR verz\u00f6gert die Flammenausbreitung und verhindert so [&hellip;]<\/p>\n","protected":false},"featured_media":4156,"template":"","meta":{"_acf_changed":false},"product_brand":[],"product_cat":[224,226,234,227],"product_tag":[],"class_list":{"0":"post-6390","1":"product","2":"type-product","3":"status-publish","4":"has-post-thumbnail","6":"product_cat-tochtstrip-de","7":"product_cat-brandvertragende-tochtstrip-de","8":"product_cat-q-lon-kaderprofiel-de","9":"product_cat-kaderprofiel-voor-aluminium-toepassing-de","10":"pa_afdichtspleet-1-8-3-4-mm-de","11":"pa_groefbreedte-3-2-mm-de","12":"pa_groefdiepte-2-3-mm-de","13":"pa_kleur-zwart-de","14":"pa_lengte-1000-m-de","15":"pa_lengte-25-m-de","16":"pa_lengte-7-m-de","18":"first","19":"instock","20":"taxable","21":"shipping-taxable","22":"purchasable","23":"product-type-variable"},"acf":[],"_links":{"self":[{"href":"https:\/\/tochtstrippen.nl\/de\/wp-json\/wp\/v2\/product\/6390","targetHints":{"allow":["GET"]}}],"collection":[{"href":"https:\/\/tochtstrippen.nl\/de\/wp-json\/wp\/v2\/product"}],"about":[{"href":"https:\/\/tochtstrippen.nl\/de\/wp-json\/wp\/v2\/types\/product"}],"wp:featuredmedia":[{"embeddable":true,"href":"https:\/\/tochtstrippen.nl\/de\/wp-json\/wp\/v2\/media\/4156"}],"wp:attachment":[{"href":"https:\/\/tochtstrippen.nl\/de\/wp-json\/wp\/v2\/media?parent=6390"}],"wp:term":[{"taxonomy":"product_brand","embeddable":true,"href":"https:\/\/tochtstrippen.nl\/de\/wp-json\/wp\/v2\/product_brand?post=6390"},{"taxonomy":"product_cat","embeddable":true,"href":"https:\/\/tochtstrippen.nl\/de\/wp-json\/wp\/v2\/product_cat?post=6390"},{"taxonomy":"product_tag","embeddable":true,"href":"https:\/\/tochtstrippen.nl\/de\/wp-json\/wp\/v2\/product_tag?post=6390"}],"curies":[{"name":"wp","href":"https:\/\/api.w.org\/{rel}","templated":true}]}}