{"id":6394,"date":"2024-02-08T11:51:44","date_gmt":"2024-02-08T10:51:44","guid":{"rendered":"https:\/\/tochtstrippen.nl\/product\/ql3113fr\/"},"modified":"2026-03-23T11:01:28","modified_gmt":"2026-03-23T10:01:28","slug":"ql3113fr","status":"publish","type":"product","link":"https:\/\/tochtstrippen.nl\/de\/product\/ql3113fr\/","title":{"rendered":"Q-Lon 3113 FR (brandvertragend)"},"content":{"rendered":"<p class=\"\" data-start=\"43\" data-end=\"203\"><strong data-start=\"43\" data-end=\"115\">Zugluft durch veraltete Dichtungen oder verzogene Fenster und T\u00fcren?<\/strong><br data-start=\"115\" data-end=\"118\" \/>Das ist nicht nur unangenehm, sondern auch unn\u00f6tig teuer und schlecht f\u00fcr die Umwelt.<\/p>\n<p class=\"\" data-start=\"205\" data-end=\"552\">Jetzt gibt es die <strong data-start=\"223\" data-end=\"269\">brandhemmende Variante von Q-Lon: Q-Lon FR<\/strong>. Brandhemmende Dichtungen wurden entwickelt, um die Ausbreitung von Rauch und Feuer durch T\u00fcren und Fenster effektiv zu verhindern. <strong data-start=\"402\" data-end=\"447\">Q-Lon FR verz\u00f6gert die Flammenausbreitung<\/strong> und damit das Eindringen von Feuer durch T\u00fcr oder Fenster. <strong data-start=\"507\" data-end=\"552\">Klassifiziert gem\u00e4\u00df EN 13501-1, Klasse E.<\/strong><\/p>\n<p class=\"\" data-start=\"554\" data-end=\"953\">Die brandhemmenden Q-Lon FR Schaumdichtungen bieten hervorragende thermische Isolierung sowie sehr gute schalld\u00e4mmende Eigenschaften \u00fcber einen breiten Temperaturbereich hinweg. Die <strong data-start=\"736\" data-end=\"764\">sehr geringe Bedienkraft<\/strong> reduziert Verschlei\u00dferscheinungen und sorgt f\u00fcr eine einfache Handhabung. Hinzu kommt das <strong data-start=\"855\" data-end=\"893\">au\u00dfergew\u00f6hnliche R\u00fcckstellverm\u00f6gen<\/strong>, das f\u00fcr eine langlebige und zuverl\u00e4ssige Abdichtung sorgt.<\/p>\n<p class=\"\" data-start=\"955\" data-end=\"984\"><strong data-start=\"955\" data-end=\"984\">Vorteile auf einen Blick:<\/strong><\/p>\n<ul data-start=\"986\" data-end=\"1232\">\n<li class=\"\" data-start=\"986\" data-end=\"1002\">\n<p class=\"\" data-start=\"988\" data-end=\"1002\">Brandhemmend<\/p>\n<\/li>\n<li class=\"\" data-start=\"1003\" data-end=\"1063\">\n<p class=\"\" data-start=\"1005\" data-end=\"1063\">Gro\u00dfer Funktionsbereich \u2013 ideal auch f\u00fcr verzogene T\u00fcren<\/p>\n<\/li>\n<li class=\"\" data-start=\"1064\" data-end=\"1110\">\n<p class=\"\" data-start=\"1066\" data-end=\"1110\">Hohe R\u00fcckstellkraft f\u00fcr jahrelange Nutzung<\/p>\n<\/li>\n<li class=\"\" data-start=\"1111\" data-end=\"1141\">\n<p class=\"\" data-start=\"1113\" data-end=\"1141\">Schmutz- und farbabweisend<\/p>\n<\/li>\n<li class=\"\" data-start=\"1142\" data-end=\"1156\">\n<p class=\"\" data-start=\"1144\" data-end=\"1156\">Abriebfest<\/p>\n<\/li>\n<li class=\"\" data-start=\"1157\" data-end=\"1180\">\n<p class=\"\" data-start=\"1159\" data-end=\"1180\">Temperaturbest\u00e4ndig<\/p>\n<\/li>\n<li class=\"\" data-start=\"1181\" data-end=\"1232\">\n<p class=\"\" data-start=\"1183\" data-end=\"1232\">Erh\u00e4ltlich in 7 m und 25 m Verpackungseinheiten<\/p>\n<\/li>\n<\/ul>\n<p class=\"\" data-start=\"1234\" data-end=\"1334\"><strong data-start=\"1234\" data-end=\"1334\">Dieses Produkt ist eine Alternative zu den Deventer-Profilen S6577[BS], S6699[BS] und S5767[BS].<\/strong><\/p>\n","protected":false},"excerpt":{"rendered":"<p>Zugluft durch veraltete Dichtungen oder verzogene Fenster und T\u00fcren?Das ist nicht nur unangenehm, sondern auch unn\u00f6tig teuer und schlecht f\u00fcr die Umwelt. Jetzt gibt es die brandhemmende Variante von Q-Lon: Q-Lon FR. Brandhemmende Dichtungen wurden entwickelt, um die Ausbreitung von Rauch und Feuer durch T\u00fcren und Fenster effektiv zu verhindern. Q-Lon FR verz\u00f6gert die Flammenausbreitung [&hellip;]<\/p>\n","protected":false},"featured_media":4244,"template":"","meta":{"_acf_changed":false},"product_brand":[],"product_cat":[224,226,234,228],"product_tag":[],"class_list":{"0":"post-6394","1":"product","2":"type-product","3":"status-publish","4":"has-post-thumbnail","6":"product_cat-tochtstrip-de","7":"product_cat-brandvertragende-tochtstrip-de","8":"product_cat-q-lon-kaderprofiel-de","9":"product_cat-kaderprofiel-voor-binnendeuren-toepassing-de","10":"pa_afdichtspleet-4-0-7-5-mm-de","11":"pa_groefbreedte-3-5-4-0-mm-de","12":"pa_kleur-zwart-de","13":"pa_lengte-25-m-de","14":"pa_lengte-400-m-de","15":"pa_lengte-7-m-de","16":"pa_minimale-groefdiepte-7-mm-de","17":"pa_sponning-12-mm-de","19":"first","20":"instock","21":"taxable","22":"shipping-taxable","23":"purchasable","24":"product-type-variable"},"acf":[],"_links":{"self":[{"href":"https:\/\/tochtstrippen.nl\/de\/wp-json\/wp\/v2\/product\/6394","targetHints":{"allow":["GET"]}}],"collection":[{"href":"https:\/\/tochtstrippen.nl\/de\/wp-json\/wp\/v2\/product"}],"about":[{"href":"https:\/\/tochtstrippen.nl\/de\/wp-json\/wp\/v2\/types\/product"}],"wp:featuredmedia":[{"embeddable":true,"href":"https:\/\/tochtstrippen.nl\/de\/wp-json\/wp\/v2\/media\/4244"}],"wp:attachment":[{"href":"https:\/\/tochtstrippen.nl\/de\/wp-json\/wp\/v2\/media?parent=6394"}],"wp:term":[{"taxonomy":"product_brand","embeddable":true,"href":"https:\/\/tochtstrippen.nl\/de\/wp-json\/wp\/v2\/product_brand?post=6394"},{"taxonomy":"product_cat","embeddable":true,"href":"https:\/\/tochtstrippen.nl\/de\/wp-json\/wp\/v2\/product_cat?post=6394"},{"taxonomy":"product_tag","embeddable":true,"href":"https:\/\/tochtstrippen.nl\/de\/wp-json\/wp\/v2\/product_tag?post=6394"}],"curies":[{"name":"wp","href":"https:\/\/api.w.org\/{rel}","templated":true}]}}