{"id":6398,"date":"2024-02-08T11:01:13","date_gmt":"2024-02-08T10:01:13","guid":{"rendered":"https:\/\/tochtstrippen.nl\/product\/ql3109fr\/"},"modified":"2026-03-23T11:01:29","modified_gmt":"2026-03-23T10:01:29","slug":"ql3109fr","status":"publish","type":"product","link":"https:\/\/tochtstrippen.nl\/de\/product\/ql3109fr\/","title":{"rendered":"Q-Lon 3109 FR (brandvertragend)"},"content":{"rendered":"<p class=\"\" data-start=\"48\" data-end=\"209\"><strong data-start=\"48\" data-end=\"121\">Zugluft durch veraltete Dichtungen oder verzogene Fenster oder T\u00fcren?<\/strong><br data-start=\"121\" data-end=\"124\" \/>Das ist nicht nur unangenehm, sondern auch unn\u00f6tig teuer und schlecht f\u00fcr die Umwelt.<\/p>\n<p class=\"\" data-start=\"211\" data-end=\"558\">Jetzt gibt es die <strong data-start=\"229\" data-end=\"275\">brandhemmende Variante von Q-Lon: Q-Lon FR<\/strong>. Brandhemmende Dichtungen wurden entwickelt, um die Ausbreitung von Rauch und Feuer durch T\u00fcren und Fenster effektiv zu verhindern. <strong data-start=\"408\" data-end=\"453\">Q-Lon FR verz\u00f6gert die Flammenausbreitung<\/strong> und damit das Eindringen von Feuer durch T\u00fcr oder Fenster. <strong data-start=\"513\" data-end=\"558\">Klassifiziert gem\u00e4\u00df EN 13501-1, Klasse E.<\/strong><\/p>\n<p class=\"\" data-start=\"560\" data-end=\"914\"><strong data-start=\"560\" data-end=\"572\">Q-Lon FR<\/strong> brandhemmende Schaumdichtungen bieten hervorragende thermische Isoliereigenschaften sowie gute Schalld\u00e4mmung \u00fcber einen breiten Temperaturbereich hinweg. Die <strong data-start=\"731\" data-end=\"759\">sehr geringe Bedienkraft<\/strong> reduziert Verschlei\u00dferscheinungen und sorgt f\u00fcr angenehme Handhabung. Hinzu kommt das <strong data-start=\"846\" data-end=\"884\">au\u00dfergew\u00f6hnliche R\u00fcckstellverm\u00f6gen<\/strong>, das Q-Lon einzigartig macht.<\/p>\n<p class=\"\" data-start=\"916\" data-end=\"942\"><strong data-start=\"916\" data-end=\"942\">Vorteile im \u00dcberblick:<\/strong><\/p>\n<ul data-start=\"944\" data-end=\"1207\">\n<li class=\"\" data-start=\"944\" data-end=\"960\">\n<p class=\"\" data-start=\"946\" data-end=\"960\">Brandhemmend<\/p>\n<\/li>\n<li class=\"\" data-start=\"961\" data-end=\"1039\">\n<p class=\"\" data-start=\"963\" data-end=\"1039\">Gro\u00dfer Funktionsbereich \u2013 auch bei verzogenen T\u00fcren zuverl\u00e4ssig abdichtend<\/p>\n<\/li>\n<li class=\"\" data-start=\"1040\" data-end=\"1085\">\n<p class=\"\" data-start=\"1042\" data-end=\"1085\">Hohe R\u00fcckstellkraft f\u00fcr jahrelange Freude<\/p>\n<\/li>\n<li class=\"\" data-start=\"1086\" data-end=\"1116\">\n<p class=\"\" data-start=\"1088\" data-end=\"1116\">Schmutz- und farbabweisend<\/p>\n<\/li>\n<li class=\"\" data-start=\"1117\" data-end=\"1131\">\n<p class=\"\" data-start=\"1119\" data-end=\"1131\">Abriebfest<\/p>\n<\/li>\n<li class=\"\" data-start=\"1132\" data-end=\"1155\">\n<p class=\"\" data-start=\"1134\" data-end=\"1155\">Temperaturbest\u00e4ndig<\/p>\n<\/li>\n<li class=\"\" data-start=\"1156\" data-end=\"1207\">\n<p class=\"\" data-start=\"1158\" data-end=\"1207\">Erh\u00e4ltlich in 7 m und 25 m Verpackungseinheiten<\/p>\n<\/li>\n<\/ul>\n","protected":false},"excerpt":{"rendered":"<p>Zugluft durch veraltete Dichtungen oder verzogene Fenster oder T\u00fcren?Das ist nicht nur unangenehm, sondern auch unn\u00f6tig teuer und schlecht f\u00fcr die Umwelt. Jetzt gibt es die brandhemmende Variante von Q-Lon: Q-Lon FR. Brandhemmende Dichtungen wurden entwickelt, um die Ausbreitung von Rauch und Feuer durch T\u00fcren und Fenster effektiv zu verhindern. Q-Lon FR verz\u00f6gert die Flammenausbreitung [&hellip;]<\/p>\n","protected":false},"featured_media":4236,"template":"","meta":{"_acf_changed":false},"product_brand":[],"product_cat":[224,234,229],"product_tag":[],"class_list":{"0":"post-6398","1":"product","2":"type-product","3":"status-publish","4":"has-post-thumbnail","6":"product_cat-tochtstrip-de","7":"product_cat-q-lon-kaderprofiel-de","8":"product_cat-kaderprofiel-voor-buitendeuren-de","9":"pa_afdichtspleet-5-0-9-0-mm-de","10":"pa_groefbreedte-4-0-5-0-mm-de","11":"pa_kleur-zwart-de","12":"pa_lengte-200-m-de","13":"pa_lengte-25-m-de","14":"pa_lengte-7-m-de","15":"pa_minimale-groefdiepte-7-mm-de","16":"pa_sponning-18-mm-de","18":"first","19":"instock","20":"taxable","21":"shipping-taxable","22":"purchasable","23":"product-type-variable","24":"has-default-attributes"},"acf":[],"_links":{"self":[{"href":"https:\/\/tochtstrippen.nl\/de\/wp-json\/wp\/v2\/product\/6398","targetHints":{"allow":["GET"]}}],"collection":[{"href":"https:\/\/tochtstrippen.nl\/de\/wp-json\/wp\/v2\/product"}],"about":[{"href":"https:\/\/tochtstrippen.nl\/de\/wp-json\/wp\/v2\/types\/product"}],"wp:featuredmedia":[{"embeddable":true,"href":"https:\/\/tochtstrippen.nl\/de\/wp-json\/wp\/v2\/media\/4236"}],"wp:attachment":[{"href":"https:\/\/tochtstrippen.nl\/de\/wp-json\/wp\/v2\/media?parent=6398"}],"wp:term":[{"taxonomy":"product_brand","embeddable":true,"href":"https:\/\/tochtstrippen.nl\/de\/wp-json\/wp\/v2\/product_brand?post=6398"},{"taxonomy":"product_cat","embeddable":true,"href":"https:\/\/tochtstrippen.nl\/de\/wp-json\/wp\/v2\/product_cat?post=6398"},{"taxonomy":"product_tag","embeddable":true,"href":"https:\/\/tochtstrippen.nl\/de\/wp-json\/wp\/v2\/product_tag?post=6398"}],"curies":[{"name":"wp","href":"https:\/\/api.w.org\/{rel}","templated":true}]}}