{"id":6402,"date":"2024-02-08T10:39:51","date_gmt":"2024-02-08T09:39:51","guid":{"rendered":"https:\/\/tochtstrippen.nl\/product\/ql3091fr\/"},"modified":"2026-03-23T11:01:30","modified_gmt":"2026-03-23T10:01:30","slug":"ql3091fr","status":"publish","type":"product","link":"https:\/\/tochtstrippen.nl\/de\/product\/ql3091fr\/","title":{"rendered":"Q-Lon 3091 FR (brandvertragend)"},"content":{"rendered":"<p class=\"\" data-start=\"48\" data-end=\"205\"><strong data-start=\"48\" data-end=\"116\">Zugluft durch alte Dichtungen oder verzogene Fenster oder T\u00fcren?<\/strong><br data-start=\"116\" data-end=\"119\" \/>Das ist nicht nur unangenehm, sondern auch unn\u00f6tig teuer und sch\u00e4dlich f\u00fcr die Umwelt.<\/p>\n<p class=\"\" data-start=\"207\" data-end=\"550\">Hier ist die <strong data-start=\"220\" data-end=\"266\">brandhemmende Variante von Q-Lon: Q-Lon FR<\/strong>.<br data-start=\"267\" data-end=\"270\" \/>Brandhemmende Dichtungen wurden entwickelt, um die Ausbreitung von Rauch und Feuer durch T\u00fcren und Fenster effektiv zu verhindern. <strong data-start=\"401\" data-end=\"446\">Q-Lon FR verz\u00f6gert die Flammenausbreitung<\/strong> und damit das Eindringen von Feuer durch T\u00fcr oder Fenster. <strong data-start=\"506\" data-end=\"550\">Klassifiziert nach EN 13501-1, Klasse E.<\/strong><\/p>\n<p class=\"\" data-start=\"552\" data-end=\"873\"><strong data-start=\"552\" data-end=\"564\">Q-Lon FR<\/strong>-Schaumdichtungen bieten hervorragende thermische Eigenschaften sowie eine gute Schalld\u00e4mmung \u00fcber einen weiten Temperaturbereich hinweg. Die <strong data-start=\"706\" data-end=\"734\">sehr geringe Bedienkraft<\/strong> reduziert Verschlei\u00dferscheinungen und sorgt f\u00fcr hohen Bedienkomfort. Au\u00dferdem verf\u00fcgt Q-Lon \u00fcber ein <strong data-start=\"836\" data-end=\"872\">herausragendes R\u00fcckstellverm\u00f6gen<\/strong>.<\/p>\n<p class=\"\" data-start=\"875\" data-end=\"904\"><strong data-start=\"875\" data-end=\"904\">Vorteile auf einen Blick:<\/strong><\/p>\n<ul data-start=\"906\" data-end=\"1171\">\n<li class=\"\" data-start=\"906\" data-end=\"922\">\n<p class=\"\" data-start=\"908\" data-end=\"922\">Brandhemmend<\/p>\n<\/li>\n<li class=\"\" data-start=\"923\" data-end=\"1001\">\n<p class=\"\" data-start=\"925\" data-end=\"1001\">Gro\u00dfer Funktionsbereich \u2013 auch bei verzogenen T\u00fcren zuverl\u00e4ssig abdichtend<\/p>\n<\/li>\n<li class=\"\" data-start=\"1002\" data-end=\"1048\">\n<p class=\"\" data-start=\"1004\" data-end=\"1048\">Hohe R\u00fcckstellkraft f\u00fcr jahrelange Nutzung<\/p>\n<\/li>\n<li class=\"\" data-start=\"1049\" data-end=\"1079\">\n<p class=\"\" data-start=\"1051\" data-end=\"1079\">Schmutz- und farbabweisend<\/p>\n<\/li>\n<li class=\"\" data-start=\"1080\" data-end=\"1094\">\n<p class=\"\" data-start=\"1082\" data-end=\"1094\">Abriebfest<\/p>\n<\/li>\n<li class=\"\" data-start=\"1095\" data-end=\"1118\">\n<p class=\"\" data-start=\"1097\" data-end=\"1118\">Temperaturbest\u00e4ndig<\/p>\n<\/li>\n<li class=\"\" data-start=\"1119\" data-end=\"1171\">\n<p class=\"\" data-start=\"1121\" data-end=\"1171\">Erh\u00e4ltlich in 7-m- und 25-m-Verpackungseinheiten<\/p>\n<\/li>\n<\/ul>\n<p class=\"\" data-start=\"1173\" data-end=\"1242\"><strong data-start=\"1173\" data-end=\"1242\">Dieses Produkt ist eine Alternative zum Deventer-Profil S715[BS].<\/strong><\/p>\n","protected":false},"excerpt":{"rendered":"<p>Zugluft durch alte Dichtungen oder verzogene Fenster oder T\u00fcren?Das ist nicht nur unangenehm, sondern auch unn\u00f6tig teuer und sch\u00e4dlich f\u00fcr die Umwelt. Hier ist die brandhemmende Variante von Q-Lon: Q-Lon FR.Brandhemmende Dichtungen wurden entwickelt, um die Ausbreitung von Rauch und Feuer durch T\u00fcren und Fenster effektiv zu verhindern. Q-Lon FR verz\u00f6gert die Flammenausbreitung und damit [&hellip;]<\/p>\n","protected":false},"featured_media":4220,"template":"","meta":{"_acf_changed":false},"product_brand":[],"product_cat":[224,234,229],"product_tag":[],"class_list":{"0":"post-6402","1":"product","2":"type-product","3":"status-publish","4":"has-post-thumbnail","6":"product_cat-tochtstrip-de","7":"product_cat-q-lon-kaderprofiel-de","8":"product_cat-kaderprofiel-voor-buitendeuren-de","9":"pa_afdichtspleet-4-0-8-0-mm-de","10":"pa_groefbreedte-4-0-5-0-mm-de","11":"pa_kleur-zwart-de","12":"pa_lengte-25-m-de","13":"pa_lengte-300-mm-de","14":"pa_lengte-7-m-de","15":"pa_minimale-groefdiepte-7-5-mm-de","17":"first","18":"instock","19":"taxable","20":"shipping-taxable","21":"purchasable","22":"product-type-variable","23":"has-default-attributes"},"acf":[],"_links":{"self":[{"href":"https:\/\/tochtstrippen.nl\/de\/wp-json\/wp\/v2\/product\/6402","targetHints":{"allow":["GET"]}}],"collection":[{"href":"https:\/\/tochtstrippen.nl\/de\/wp-json\/wp\/v2\/product"}],"about":[{"href":"https:\/\/tochtstrippen.nl\/de\/wp-json\/wp\/v2\/types\/product"}],"wp:featuredmedia":[{"embeddable":true,"href":"https:\/\/tochtstrippen.nl\/de\/wp-json\/wp\/v2\/media\/4220"}],"wp:attachment":[{"href":"https:\/\/tochtstrippen.nl\/de\/wp-json\/wp\/v2\/media?parent=6402"}],"wp:term":[{"taxonomy":"product_brand","embeddable":true,"href":"https:\/\/tochtstrippen.nl\/de\/wp-json\/wp\/v2\/product_brand?post=6402"},{"taxonomy":"product_cat","embeddable":true,"href":"https:\/\/tochtstrippen.nl\/de\/wp-json\/wp\/v2\/product_cat?post=6402"},{"taxonomy":"product_tag","embeddable":true,"href":"https:\/\/tochtstrippen.nl\/de\/wp-json\/wp\/v2\/product_tag?post=6402"}],"curies":[{"name":"wp","href":"https:\/\/api.w.org\/{rel}","templated":true}]}}