{"id":6406,"date":"2024-02-08T10:27:33","date_gmt":"2024-02-08T09:27:33","guid":{"rendered":"https:\/\/tochtstrippen.nl\/product\/ql3073-fr\/"},"modified":"2026-03-23T11:01:30","modified_gmt":"2026-03-23T10:01:30","slug":"ql3073-fr","status":"publish","type":"product","link":"https:\/\/tochtstrippen.nl\/de\/product\/ql3073-fr\/","title":{"rendered":"Q-Lon 3073  FR (brandvertragend)"},"content":{"rendered":"<p class=\"\" data-start=\"56\" data-end=\"212\"><strong data-start=\"56\" data-end=\"124\">Zugluft durch alte Dichtungen oder verzogene Fenster oder T\u00fcren?<\/strong><br data-start=\"124\" data-end=\"127\" \/>Das ist nicht nur unangenehm, sondern auch unn\u00f6tig teuer und schlecht f\u00fcr die Umwelt.<\/p>\n<p class=\"\" data-start=\"214\" data-end=\"565\">Jetzt gibt es die <strong data-start=\"232\" data-end=\"278\">brandhemmende Variante von Q-Lon: Q-Lon FR<\/strong>.<br data-start=\"279\" data-end=\"282\" \/>Brandhemmende Dichtungen sind daf\u00fcr konzipiert, die Ausbreitung von Rauch und Feuer durch T\u00fcren und Fenster wirksam zu verhindern. <strong data-start=\"413\" data-end=\"460\">Q-Lon FR verlangsamt die Flammenausbreitung<\/strong> und damit das Eindringen des Feuers durch T\u00fcr oder Fenster. <strong data-start=\"521\" data-end=\"565\">Klassifiziert nach EN 13501-1, Klasse E.<\/strong><\/p>\n<p class=\"\" data-start=\"567\" data-end=\"882\"><strong data-start=\"567\" data-end=\"579\">Q-Lon FR<\/strong>-Schaumdichtungen bieten die besten thermischen Eigenschaften sowie eine ausgezeichnete Schalld\u00e4mmung in einem weiten Temperaturbereich. Die <strong data-start=\"720\" data-end=\"748\">sehr geringe Bedienkraft<\/strong> reduziert Verschlei\u00dferscheinungen und sorgt f\u00fcr hohen Bedienkomfort. Zudem verf\u00fcgt Q-Lon \u00fcber ein <strong data-start=\"847\" data-end=\"881\">unerreichtes R\u00fcckstellverm\u00f6gen<\/strong>.<\/p>\n<p class=\"\" data-start=\"884\" data-end=\"913\"><strong data-start=\"884\" data-end=\"913\">Vorteile auf einen Blick:<\/strong><\/p>\n<ul data-start=\"915\" data-end=\"1183\">\n<li class=\"\" data-start=\"915\" data-end=\"931\">\n<p class=\"\" data-start=\"917\" data-end=\"931\">Brandhemmend<\/p>\n<\/li>\n<li class=\"\" data-start=\"932\" data-end=\"1011\">\n<p class=\"\" data-start=\"934\" data-end=\"1011\">Gro\u00dfer Funktionsbereich \u2013 auch bei verzogenen T\u00fcren zuverl\u00e4ssige Abdichtung<\/p>\n<\/li>\n<li class=\"\" data-start=\"1012\" data-end=\"1064\">\n<p class=\"\" data-start=\"1014\" data-end=\"1064\">Hohes R\u00fcckstellverm\u00f6gen f\u00fcr jahrelangen Gebrauch<\/p>\n<\/li>\n<li class=\"\" data-start=\"1065\" data-end=\"1095\">\n<p class=\"\" data-start=\"1067\" data-end=\"1095\">Schmutz- und farbabweisend<\/p>\n<\/li>\n<li class=\"\" data-start=\"1096\" data-end=\"1110\">\n<p class=\"\" data-start=\"1098\" data-end=\"1110\">Abriebfest<\/p>\n<\/li>\n<li class=\"\" data-start=\"1111\" data-end=\"1138\">\n<p class=\"\" data-start=\"1113\" data-end=\"1138\">Temperaturunempfindlich<\/p>\n<\/li>\n<li class=\"\" data-start=\"1139\" data-end=\"1183\">\n<p class=\"\" data-start=\"1141\" data-end=\"1183\">Erh\u00e4ltlich in 7-m- und 25-m-Verpackungen<\/p>\n<\/li>\n<\/ul>\n<p class=\"\" data-start=\"1185\" data-end=\"1254\"><strong data-start=\"1185\" data-end=\"1254\">Dieses Produkt ist eine Alternative zum Deventer-Profil S712[BS].<\/strong><\/p>\n","protected":false},"excerpt":{"rendered":"<p>Zugluft durch alte Dichtungen oder verzogene Fenster oder T\u00fcren?Das ist nicht nur unangenehm, sondern auch unn\u00f6tig teuer und schlecht f\u00fcr die Umwelt. Jetzt gibt es die brandhemmende Variante von Q-Lon: Q-Lon FR.Brandhemmende Dichtungen sind daf\u00fcr konzipiert, die Ausbreitung von Rauch und Feuer durch T\u00fcren und Fenster wirksam zu verhindern. Q-Lon FR verlangsamt die Flammenausbreitung und [&hellip;]<\/p>\n","protected":false},"featured_media":4212,"template":"","meta":{"_acf_changed":false},"product_brand":[],"product_cat":[224,234,230],"product_tag":[],"class_list":{"0":"post-6406","1":"product","2":"type-product","3":"status-publish","4":"has-post-thumbnail","6":"product_cat-tochtstrip-de","7":"product_cat-q-lon-kaderprofiel-de","8":"product_cat-kaderprofiel-voor-houten-toepassing-de","9":"pa_afdichtspleet-5-0-8-0-mm-de","10":"pa_groefbreedte-4-0-5-0-mm-de","11":"pa_kleur-wit-de","12":"pa_kleur-zwart-de","13":"pa_lengte-25-m-de","14":"pa_lengte-300-m-de","15":"pa_lengte-7-m-de","16":"pa_minimale-groefdiepte-7-5-mm-de","17":"pa_sponning-13-mm-de","19":"first","20":"instock","21":"taxable","22":"shipping-taxable","23":"purchasable","24":"product-type-variable","25":"has-default-attributes"},"acf":[],"_links":{"self":[{"href":"https:\/\/tochtstrippen.nl\/de\/wp-json\/wp\/v2\/product\/6406","targetHints":{"allow":["GET"]}}],"collection":[{"href":"https:\/\/tochtstrippen.nl\/de\/wp-json\/wp\/v2\/product"}],"about":[{"href":"https:\/\/tochtstrippen.nl\/de\/wp-json\/wp\/v2\/types\/product"}],"wp:featuredmedia":[{"embeddable":true,"href":"https:\/\/tochtstrippen.nl\/de\/wp-json\/wp\/v2\/media\/4212"}],"wp:attachment":[{"href":"https:\/\/tochtstrippen.nl\/de\/wp-json\/wp\/v2\/media?parent=6406"}],"wp:term":[{"taxonomy":"product_brand","embeddable":true,"href":"https:\/\/tochtstrippen.nl\/de\/wp-json\/wp\/v2\/product_brand?post=6406"},{"taxonomy":"product_cat","embeddable":true,"href":"https:\/\/tochtstrippen.nl\/de\/wp-json\/wp\/v2\/product_cat?post=6406"},{"taxonomy":"product_tag","embeddable":true,"href":"https:\/\/tochtstrippen.nl\/de\/wp-json\/wp\/v2\/product_tag?post=6406"}],"curies":[{"name":"wp","href":"https:\/\/api.w.org\/{rel}","templated":true}]}}